{"id":158007,"date":"2021-11-12T18:23:38","date_gmt":"2021-11-12T17:23:38","guid":{"rendered":"https:\/\/lediamant.ch\/produit\/uhren-de\/hamilton-de\/khaki-field-de\/hamilton-khaki-field-mechanical-bronze-handaufzug-38mm\/"},"modified":"2021-11-12T18:23:38","modified_gmt":"2021-11-12T17:23:38","slug":"hamilton-khaki-field-mechanical-bronze-handaufzug-38mm","status":"publish","type":"product","link":"https:\/\/lediamant.ch\/de\/uhren\/158007-hamilton-khaki-field-mechanical-bronze-handaufzug-38mm\/","title":{"rendered":"Hamilton Khaki Field Mechanical Bronze Handaufzug | 38mm"},"content":{"rendered":"<p><span style=\"color:#1c1c1c;font-family:Montserrat, sans-serif;font-size:14px;background-color:#ffffff;\">Die Originalsoldatenuhr erh\u00e4lt ein neues Erscheinungsbild mit dem allerersten Bronzegeh\u00e4use von Hamilton. Jede Khaki Field Mechanical Bronze hat eine einzigartige Geschichte, die sich mit jedem Tragen entfaltet, da ihr Geh\u00e4use mit der Zeit eine deutliche Patina entwickelt. Diese authentische 38-mm-Uhr mit exklusivem Handaufzugswerk H-50, Geh\u00e4useboden aus Titan und einem weichen, braunen NATO-Lederarmband ist eine zukunftsorientierte Hommage an das milit\u00e4rische Erbe Hamiltons. Welche Geschichte wird Ihre Felduhr erz\u00e4hlen?<\/span><br style=\"color:#1c1c1c;font-family:Montserrat, sans-serif;font-size:14px;background-color:#ffffff;\" \/><br style=\"color:#1c1c1c;font-family:Montserrat, sans-serif;font-size:14px;background-color:#ffffff;\" \/><span style=\"color:#1c1c1c;font-family:Montserrat, sans-serif;font-size:14px;background-color:#ffffff;\">*Jedes Geh\u00e4use einer Khaki Field Mechanical Bronze wird je nach Umwelteinfl\u00fcssen ihre ganz eigene Patina entwickeln. Erlauben Sie der Patina, sich zu entfalten, um Ihrer Uhr einen einzigartigen Look zu verleihen. Sie k\u00f6nnen Ihre Uhr mithilfe eines Mikrofasertuchs reinigen.<\/span><\/p>\n","protected":false},"excerpt":{"rendered":"<p>Die Originalsoldatenuhr erh\u00e4lt ein neues Erscheinungsbild mit dem allerersten Bronzegeh\u00e4use von Hamilton. Jede Khaki Field Mechanical Bronze hat eine einzigartige Geschichte, die sich mit jedem Tragen entfaltet, da ihr Geh\u00e4use mit der Zeit eine deutliche Patina entwickelt. Diese authentische 38-mm-Uhr mit exklusivem Handaufzugswerk H-50, Geh\u00e4useboden aus Titan und einem weichen, braunen NATO-Lederarmband ist eine zukunftsorientierte &#8230; <a title=\"Hamilton Khaki Field Mechanical Bronze Handaufzug | 38mm\" class=\"read-more\" href=\"https:\/\/lediamant.ch\/de\/uhren\/158007-hamilton-khaki-field-mechanical-bronze-handaufzug-38mm\/\" aria-label=\"Mehr Informationen \u00fcber Hamilton Khaki Field Mechanical Bronze Handaufzug | 38mm\">Weiterlesen &#8230;<\/a><\/p>\n","protected":false},"featured_media":157990,"template":"","meta":{"_acf_changed":false,"_seopress_robots_primary_cat":"","_seopress_titles_title":"","_seopress_titles_desc":"","_seopress_robots_index":""},"brand":[27085],"product_brand":[],"product_cat":[27213,27125,27181,27291,27123,27153],"product_tag":[],"class_list":{"0":"post-158007","1":"product","2":"type-product","3":"status-publish","4":"has-post-thumbnail","6":"brand-hamilton-de","7":"product_cat-auswahl-fuer-ihn-de","8":"product_cat-geschenkideen","9":"product_cat-hamilton-de","10":"product_cat-khaki-field-de","11":"product_cat-uhren","12":"product_cat-valentinstag-de","13":"pa_couleurduboitier-braun-de","14":"pa_couleurdubracelet-braun-de","15":"pa_couleurducadran-schwarz","16":"pa_etancheite-50m-de","17":"pa_forme-runden","18":"pa_garantie-24monate","19":"pa_genre-mann","20":"pa_matiere-bronze-de","21":"pa_matierebraceletmontre-leder","22":"pa_mouvement-mechanik","23":"pa_swissmade-ja-de","24":"pa_typedemontre-uhrenmithandaufzug","25":"sales-flash-overlay","26":"woocommerce-text-align-center","27":"woocommerce-image-align-center","28":"do-quantity-buttons","30":"first","31":"instock","32":"taxable","33":"shipping-taxable","34":"purchasable","35":"product-type-simple"},"acf":[],"_links":{"self":[{"href":"https:\/\/lediamant.ch\/de\/wp-json\/wp\/v2\/product\/158007","targetHints":{"allow":["GET"]}}],"collection":[{"href":"https:\/\/lediamant.ch\/de\/wp-json\/wp\/v2\/product"}],"about":[{"href":"https:\/\/lediamant.ch\/de\/wp-json\/wp\/v2\/types\/product"}],"wp:featuredmedia":[{"embeddable":true,"href":"https:\/\/lediamant.ch\/de\/wp-json\/wp\/v2\/media\/157990"}],"wp:attachment":[{"href":"https:\/\/lediamant.ch\/de\/wp-json\/wp\/v2\/media?parent=158007"}],"wp:term":[{"taxonomy":"brand","embeddable":true,"href":"https:\/\/lediamant.ch\/de\/wp-json\/wp\/v2\/brand?post=158007"},{"taxonomy":"product_brand","embeddable":true,"href":"https:\/\/lediamant.ch\/de\/wp-json\/wp\/v2\/product_brand?post=158007"},{"taxonomy":"product_cat","embeddable":true,"href":"https:\/\/lediamant.ch\/de\/wp-json\/wp\/v2\/product_cat?post=158007"},{"taxonomy":"product_tag","embeddable":true,"href":"https:\/\/lediamant.ch\/de\/wp-json\/wp\/v2\/product_tag?post=158007"}],"curies":[{"name":"wp","href":"https:\/\/api.w.org\/{rel}","templated":true}]}}