{"id":158151,"date":"2021-11-27T12:10:05","date_gmt":"2021-11-27T11:10:05","guid":{"rendered":"https:\/\/lediamant.ch\/produit\/uhren-de\/hamilton-de\/khaki-aviation-de\/hamilton-khaki-aviation-pilot-pioneer-bronze-handaufzug-43mm\/"},"modified":"2021-11-27T12:10:05","modified_gmt":"2021-11-27T11:10:05","slug":"hamilton-khaki-aviation-pilot-pioneer-bronze-handaufzug-43mm","status":"publish","type":"product","link":"https:\/\/lediamant.ch\/de\/uhren\/158151-hamilton-khaki-aviation-pilot-pioneer-bronze-handaufzug-43mm\/","title":{"rendered":"Hamilton Khaki Aviation Pilot Pioneer Bronze Handaufzug | 43mm"},"content":{"rendered":"<p><span style=\"color:#1c1c1c;font-family:Montserrat, sans-serif;font-size:14px;background-color:#ffffff;\">Die Khaki Aviation Pilot Pioneer wurde vom Model 23 inspiriert, einer hochmodernen Taschenuhr, die von US-Soldaten w\u00e4hrend des Zweiten Weltkriegs getragen wurde. Ihr unverwechselbares Design ist eine Hommage an das Luftfahrt- und milit\u00e4rische Erbe Hamiltons. Die sportliche und zugleich raffinierte Fliegeruhr hat dank ihres mechanischen Handaufzugswerks, ihrer beidseitig drehbaren L\u00fcnette und ihrer markanten Aufzugskrone einen entschieden technischen Charakter. Dieser 43-mm-Zeitmesser, erh\u00e4ltlich mit einem eleganten Edelstahlgeh\u00e4use oder einem einzigartigen Bronzegeh\u00e4use, ist stets flugbereit.<\/span><\/p>\n","protected":false},"excerpt":{"rendered":"<p>Die Khaki Aviation Pilot Pioneer wurde vom Model 23 inspiriert, einer hochmodernen Taschenuhr, die von US-Soldaten w\u00e4hrend des Zweiten Weltkriegs getragen wurde. Ihr unverwechselbares Design ist eine Hommage an das Luftfahrt- und milit\u00e4rische Erbe Hamiltons. Die sportliche und zugleich raffinierte Fliegeruhr hat dank ihres mechanischen Handaufzugswerks, ihrer beidseitig drehbaren L\u00fcnette und ihrer markanten Aufzugskrone einen &#8230; <a title=\"Hamilton Khaki Aviation Pilot Pioneer Bronze Handaufzug | 43mm\" class=\"read-more\" href=\"https:\/\/lediamant.ch\/de\/uhren\/158151-hamilton-khaki-aviation-pilot-pioneer-bronze-handaufzug-43mm\/\" aria-label=\"Mehr Informationen \u00fcber Hamilton Khaki Aviation Pilot Pioneer Bronze Handaufzug | 43mm\">Weiterlesen &#8230;<\/a><\/p>\n","protected":false},"featured_media":158138,"template":"","meta":{"_acf_changed":false,"_seopress_robots_primary_cat":"","_seopress_titles_title":"","_seopress_titles_desc":"","_seopress_robots_index":""},"brand":[27085],"product_brand":[],"product_cat":[27181,27269,27123],"product_tag":[],"class_list":{"0":"post-158151","1":"product","2":"type-product","3":"status-publish","4":"has-post-thumbnail","6":"brand-hamilton-de","7":"product_cat-hamilton-de","8":"product_cat-khaki-aviation-de","9":"product_cat-uhren","10":"pa_couleurduboitier-braun-de","11":"pa_couleurdubracelet-braun-de","12":"pa_couleurducadran-schwarz","13":"pa_etancheite-100m-de","14":"pa_forme-runden","15":"pa_garantie-24monate","16":"pa_genre-mann","17":"pa_matiere-bronze-de","18":"pa_matierebraceletmontre-leder","19":"pa_mouvement-mechanik","20":"pa_swissmade-ja-de","21":"pa_typedemontre-uhrenmithandaufzug","22":"sales-flash-overlay","23":"woocommerce-text-align-center","24":"woocommerce-image-align-center","25":"do-quantity-buttons","27":"first","28":"instock","29":"taxable","30":"shipping-taxable","31":"purchasable","32":"product-type-simple"},"acf":[],"_links":{"self":[{"href":"https:\/\/lediamant.ch\/de\/wp-json\/wp\/v2\/product\/158151","targetHints":{"allow":["GET"]}}],"collection":[{"href":"https:\/\/lediamant.ch\/de\/wp-json\/wp\/v2\/product"}],"about":[{"href":"https:\/\/lediamant.ch\/de\/wp-json\/wp\/v2\/types\/product"}],"wp:featuredmedia":[{"embeddable":true,"href":"https:\/\/lediamant.ch\/de\/wp-json\/wp\/v2\/media\/158138"}],"wp:attachment":[{"href":"https:\/\/lediamant.ch\/de\/wp-json\/wp\/v2\/media?parent=158151"}],"wp:term":[{"taxonomy":"brand","embeddable":true,"href":"https:\/\/lediamant.ch\/de\/wp-json\/wp\/v2\/brand?post=158151"},{"taxonomy":"product_brand","embeddable":true,"href":"https:\/\/lediamant.ch\/de\/wp-json\/wp\/v2\/product_brand?post=158151"},{"taxonomy":"product_cat","embeddable":true,"href":"https:\/\/lediamant.ch\/de\/wp-json\/wp\/v2\/product_cat?post=158151"},{"taxonomy":"product_tag","embeddable":true,"href":"https:\/\/lediamant.ch\/de\/wp-json\/wp\/v2\/product_tag?post=158151"}],"curies":[{"name":"wp","href":"https:\/\/api.w.org\/{rel}","templated":true}]}}