{"id":158217,"date":"2021-12-07T17:43:53","date_gmt":"2021-12-07T16:43:53","guid":{"rendered":"https:\/\/lediamant.ch\/produit\/schmuck-de\/anhanger-de\/perlenanhaenger-de\/suesswasserperlen-anhaenger-aus-75018-kt-gelbgold-1-diamant-im-brillantschliff-002-kt\/"},"modified":"2026-04-15T11:38:37","modified_gmt":"2026-04-15T09:38:37","slug":"perlenanhaenger-suesswasser-gelbgold-75018-ct-1diamant-glaenzende-groesse-002-ct","status":"publish","type":"product","link":"https:\/\/lediamant.ch\/de\/schmuck\/158217-suesswasserperlen-anhaenger-aus-75018-kt-gelbgold-1-diamant-im-brillantschliff-002-kt\/","title":{"rendered":"S\u00fc\u00dfwasserperlenanh\u00e4nger 750\/18 kt Gelbgold, 1 Diamant 0,02 ct"},"content":{"rendered":"","protected":false},"excerpt":{"rendered":"","protected":false},"featured_media":158215,"template":"","meta":{"_acf_changed":false,"_seopress_robots_primary_cat":"27279","_seopress_titles_title":"","_seopress_titles_desc":"","_seopress_robots_index":""},"brand":[],"product_brand":[],"product_cat":[27155,27279,27121],"product_tag":[],"class_list":{"0":"post-158217","1":"product","2":"type-product","3":"status-publish","4":"has-post-thumbnail","6":"product_cat-anhanger","7":"product_cat-perlen-anhanger","8":"product_cat-schmuck","9":"pa_dimensions-12-5-mm-x-9-8-mm","10":"pa_garantie-12monate","11":"pa_genre-frau","12":"pa_matiere-75018ktgelbgold","13":"pa_motif-formen","14":"pa_perles-suesswasser","15":"pa_pierres-diamant-de","16":"sales-flash-overlay","17":"woocommerce-text-align-center","18":"woocommerce-image-align-center","19":"do-quantity-buttons","21":"first","22":"instock","23":"taxable","24":"shipping-taxable","25":"purchasable","26":"product-type-simple"},"acf":[],"_links":{"self":[{"href":"https:\/\/lediamant.ch\/de\/wp-json\/wp\/v2\/product\/158217","targetHints":{"allow":["GET"]}}],"collection":[{"href":"https:\/\/lediamant.ch\/de\/wp-json\/wp\/v2\/product"}],"about":[{"href":"https:\/\/lediamant.ch\/de\/wp-json\/wp\/v2\/types\/product"}],"wp:featuredmedia":[{"embeddable":true,"href":"https:\/\/lediamant.ch\/de\/wp-json\/wp\/v2\/media\/158215"}],"wp:attachment":[{"href":"https:\/\/lediamant.ch\/de\/wp-json\/wp\/v2\/media?parent=158217"}],"wp:term":[{"taxonomy":"brand","embeddable":true,"href":"https:\/\/lediamant.ch\/de\/wp-json\/wp\/v2\/brand?post=158217"},{"taxonomy":"product_brand","embeddable":true,"href":"https:\/\/lediamant.ch\/de\/wp-json\/wp\/v2\/product_brand?post=158217"},{"taxonomy":"product_cat","embeddable":true,"href":"https:\/\/lediamant.ch\/de\/wp-json\/wp\/v2\/product_cat?post=158217"},{"taxonomy":"product_tag","embeddable":true,"href":"https:\/\/lediamant.ch\/de\/wp-json\/wp\/v2\/product_tag?post=158217"}],"curies":[{"name":"wp","href":"https:\/\/api.w.org\/{rel}","templated":true}]}}