{"id":158221,"date":"2021-12-07T17:53:16","date_gmt":"2021-12-07T16:53:16","guid":{"rendered":"https:\/\/lediamant.ch\/produit\/schmuck-de\/ohrringe-de\/tropfenohrringe-de\/ohrhaenger-mit-suesswasserperlen-in-75018-kt-gelbgold-2-brillanten-002-kt\/"},"modified":"2025-03-28T11:50:46","modified_gmt":"2025-03-28T10:50:46","slug":"haengeohrringe-mit-suesswasserperlen-gelbgold-75018-ct-2-diamanten-glaenzende-groesse-002-ct","status":"publish","type":"product","link":"https:\/\/lediamant.ch\/de\/schmuck\/158221-ohrhaenger-mit-suesswasserperlen-in-75018-kt-gelbgold-2-brillanten-002-kt\/","title":{"rendered":"H\u00e4ngeohrringe mit S\u00fc\u00dfwasserperlen aus 750\/18 Karat Gelbgold, 2 Diamanten im Brillantschliff 0,02 Karat"},"content":{"rendered":"","protected":false},"excerpt":{"rendered":"","protected":false},"featured_media":158219,"template":"","meta":{"_acf_changed":false,"_seopress_robots_primary_cat":"27198","_seopress_titles_title":"","_seopress_titles_desc":"","_seopress_robots_index":""},"brand":[27089],"product_brand":[],"product_cat":[27121,27171,27199],"product_tag":[],"class_list":{"0":"post-158221","1":"product","2":"type-product","3":"status-publish","4":"has-post-thumbnail","6":"brand-gold-jewellery-de","7":"product_cat-schmuck","8":"product_cat-ohrringe","9":"product_cat-ohrhanger","10":"pa_dimensions-17-mm-x-8-mm","11":"pa_garantie-12monate","12":"pa_genre-frau","13":"pa_matiere-75018ktgelbgold","14":"pa_perles-suesswasser","15":"sales-flash-overlay","16":"woocommerce-text-align-center","17":"woocommerce-image-align-center","18":"do-quantity-buttons","20":"first","21":"instock","22":"taxable","23":"shipping-taxable","24":"purchasable","25":"product-type-simple"},"acf":[],"_links":{"self":[{"href":"https:\/\/lediamant.ch\/de\/wp-json\/wp\/v2\/product\/158221","targetHints":{"allow":["GET"]}}],"collection":[{"href":"https:\/\/lediamant.ch\/de\/wp-json\/wp\/v2\/product"}],"about":[{"href":"https:\/\/lediamant.ch\/de\/wp-json\/wp\/v2\/types\/product"}],"wp:featuredmedia":[{"embeddable":true,"href":"https:\/\/lediamant.ch\/de\/wp-json\/wp\/v2\/media\/158219"}],"wp:attachment":[{"href":"https:\/\/lediamant.ch\/de\/wp-json\/wp\/v2\/media?parent=158221"}],"wp:term":[{"taxonomy":"brand","embeddable":true,"href":"https:\/\/lediamant.ch\/de\/wp-json\/wp\/v2\/brand?post=158221"},{"taxonomy":"product_brand","embeddable":true,"href":"https:\/\/lediamant.ch\/de\/wp-json\/wp\/v2\/product_brand?post=158221"},{"taxonomy":"product_cat","embeddable":true,"href":"https:\/\/lediamant.ch\/de\/wp-json\/wp\/v2\/product_cat?post=158221"},{"taxonomy":"product_tag","embeddable":true,"href":"https:\/\/lediamant.ch\/de\/wp-json\/wp\/v2\/product_tag?post=158221"}],"curies":[{"name":"wp","href":"https:\/\/api.w.org\/{rel}","templated":true}]}}