{"id":158400,"date":"2021-12-13T16:23:04","date_gmt":"2021-12-13T15:23:04","guid":{"rendered":"https:\/\/lediamant.ch\/produit\/uhren-de\/tissot-de\/tissot-t-lady-de\/tissot-bellissima-de\/tissot-bellissima-automatic-29mm\/"},"modified":"2021-12-13T16:23:04","modified_gmt":"2021-12-13T15:23:04","slug":"tissot-bellissima-automatic-29mm","status":"publish","type":"product","link":"https:\/\/lediamant.ch\/de\/uhren\/158400-tissot-bellissima-automatic-29mm\/","title":{"rendered":"Tissot Bellissima Automatic 29mm"},"content":{"rendered":"<p>Die Tissot Bellissima Automatic ist die \u201egro\u00dfe Schwester\u201c der Tissot Bellissima Small Lady, besticht wie diese durch ihr edles Design und sch\u00f6ne Details und zeigt sich mit einem immer noch sehr femininen Geh\u00e4usedurchmesser von 29 Millimetern geringf\u00fcgig gr\u00f6\u00dfer. Dieses Modell besitzt ein Swiss Made Automatikwerk mit patentierter, amagnetischer Nivachron-Spirale und bis zu 48 Stunden Gangreserve, kratzfestes, gew\u00f6lbtes und entspiegeltes Saphirglas sowie einen gl\u00e4sernen Geh\u00e4useboden. R\u00f6mische Ziffern, gebl\u00e4ute Zeiger, die kleine Datumsanzeige bei 6 Uhr und nicht zuletzt der blaue Cabochon auf der Krone verleihen der Tissot Bellissima Automatic eine elegante Optik. Ihr silberfarbenes Zifferblatt wird von einem 316L-Edelstahlgeh\u00e4use umschlossen, und das 316L-Edelstahlarmband sitzt dank seiner Butterflyschlie\u00dfe mit Dr\u00fcckern ebenso sicher wie gef\u00e4llig am Handgelenk.<\/p>\n","protected":false},"excerpt":{"rendered":"<p>Die Tissot Bellissima Automatic ist die \u201egro\u00dfe Schwester\u201c der Tissot Bellissima Small Lady, besticht wie diese durch ihr edles Design und sch\u00f6ne Details und zeigt sich mit einem immer noch sehr femininen Geh\u00e4usedurchmesser von 29 Millimetern geringf\u00fcgig gr\u00f6\u00dfer. Dieses Modell besitzt ein Swiss Made Automatikwerk mit patentierter, amagnetischer Nivachron-Spirale und bis zu 48 Stunden Gangreserve, &#8230; <a title=\"Tissot Bellissima Automatic 29mm\" class=\"read-more\" href=\"https:\/\/lediamant.ch\/de\/uhren\/158400-tissot-bellissima-automatic-29mm\/\" aria-label=\"Mehr Informationen \u00fcber Tissot Bellissima Automatic 29mm\">Weiterlesen &#8230;<\/a><\/p>\n","protected":false},"featured_media":158382,"template":"","meta":{"_acf_changed":false,"_seopress_robots_primary_cat":"","_seopress_titles_title":"","_seopress_titles_desc":"","_seopress_robots_index":""},"brand":[27087],"product_brand":[],"product_cat":[27297,27159,27383,27123],"product_tag":[],"class_list":{"0":"post-158400","1":"product","2":"type-product","3":"status-publish","4":"has-post-thumbnail","6":"brand-tissot-de","7":"product_cat-exklusiv-fur-damen","8":"product_cat-tissot-de","9":"product_cat-tissot-bellissima","10":"product_cat-uhren","11":"pa_couleurduboitier-zweifarbig-de","12":"pa_couleurdubracelet-grau-de","13":"pa_couleurdubracelet-rosa-de","14":"pa_couleurducadran-weiss","15":"pa_dimensions-o-29-mm","16":"pa_etancheite-50m-de","17":"pa_forme-runden","18":"pa_garantie-24monate","19":"pa_genre-frau","20":"pa_matiere-zweifarbigstahlrosegoldpvd","21":"pa_matierebraceletmontre-edelstahl","22":"pa_mouvement-automatik-de","23":"sales-flash-overlay","24":"woocommerce-text-align-center","25":"woocommerce-image-align-center","26":"do-quantity-buttons","28":"first","29":"instock","30":"taxable","31":"shipping-taxable","32":"purchasable","33":"product-type-simple"},"acf":[],"_links":{"self":[{"href":"https:\/\/lediamant.ch\/de\/wp-json\/wp\/v2\/product\/158400","targetHints":{"allow":["GET"]}}],"collection":[{"href":"https:\/\/lediamant.ch\/de\/wp-json\/wp\/v2\/product"}],"about":[{"href":"https:\/\/lediamant.ch\/de\/wp-json\/wp\/v2\/types\/product"}],"wp:featuredmedia":[{"embeddable":true,"href":"https:\/\/lediamant.ch\/de\/wp-json\/wp\/v2\/media\/158382"}],"wp:attachment":[{"href":"https:\/\/lediamant.ch\/de\/wp-json\/wp\/v2\/media?parent=158400"}],"wp:term":[{"taxonomy":"brand","embeddable":true,"href":"https:\/\/lediamant.ch\/de\/wp-json\/wp\/v2\/brand?post=158400"},{"taxonomy":"product_brand","embeddable":true,"href":"https:\/\/lediamant.ch\/de\/wp-json\/wp\/v2\/product_brand?post=158400"},{"taxonomy":"product_cat","embeddable":true,"href":"https:\/\/lediamant.ch\/de\/wp-json\/wp\/v2\/product_cat?post=158400"},{"taxonomy":"product_tag","embeddable":true,"href":"https:\/\/lediamant.ch\/de\/wp-json\/wp\/v2\/product_tag?post=158400"}],"curies":[{"name":"wp","href":"https:\/\/api.w.org\/{rel}","templated":true}]}}