{"id":158424,"date":"2021-12-13T16:23:20","date_gmt":"2021-12-13T15:23:20","guid":{"rendered":"https:\/\/lediamant.ch\/produit\/uhren-de\/tissot-de\/tissot-t-sport-de\/tissot-chrono-xl-de\/tissot-chrono-xl-vintage-2\/"},"modified":"2021-12-13T16:23:20","modified_gmt":"2021-12-13T15:23:20","slug":"tissot-chrono-xl-vintage-2","status":"publish","type":"product","link":"https:\/\/lediamant.ch\/de\/uhren\/158424-tissot-chrono-xl-vintage-2\/","title":{"rendered":"Tissot Chrono XL Vintage"},"content":{"rendered":"<p>Die Tissot Chrono XL zeichnet sich durch ihr gro\u00dfes Geh\u00e4use mit einem Durchmesser von 45 mm aus. Die Chronographenfunktion unterstreicht ihren urbanen Geist. Die Kollektion Tissot Chrono XL bietet eine Vielzahl von Stilen. Einige bevorzugen Metallarmb\u00e4nder, andere den Vintage-Look von Lederarmb\u00e4ndern im alten Stil. Egal f\u00fcr welches Modell Sie sich entscheiden, die Tissot Chrono XL wird mit Sicherheit Ihre Pers\u00f6nlichkeit zum Ausdruck bringen.<\/p>\n","protected":false},"excerpt":{"rendered":"<p>Die Tissot Chrono XL zeichnet sich durch ihr gro\u00dfes Geh\u00e4use mit einem Durchmesser von 45 mm aus. Die Chronographenfunktion unterstreicht ihren urbanen Geist. Die Kollektion Tissot Chrono XL bietet eine Vielzahl von Stilen. Einige bevorzugen Metallarmb\u00e4nder, andere den Vintage-Look von Lederarmb\u00e4ndern im alten Stil. Egal f\u00fcr welches Modell Sie sich entscheiden, die Tissot Chrono XL &#8230; <a title=\"Tissot Chrono XL Vintage\" class=\"read-more\" href=\"https:\/\/lediamant.ch\/de\/uhren\/158424-tissot-chrono-xl-vintage-2\/\" aria-label=\"Mehr Informationen \u00fcber Tissot Chrono XL Vintage\">Weiterlesen &#8230;<\/a><\/p>\n","protected":false},"featured_media":158413,"template":"","meta":{"_acf_changed":false,"_seopress_robots_primary_cat":"","_seopress_titles_title":"","_seopress_titles_desc":"","_seopress_robots_index":""},"brand":[27087],"product_brand":[],"product_cat":[27159,27493,27203,27123],"product_tag":[],"class_list":{"0":"post-158424","1":"product","2":"type-product","3":"status-publish","4":"has-post-thumbnail","6":"brand-tissot-de","7":"product_cat-tissot-de","8":"product_cat-tissot-xl","9":"product_cat-tissot-sport","10":"product_cat-uhren","11":"pa_couleurduboitier-schwarz-de","12":"pa_couleurdubracelet-schwarz-de","13":"pa_couleurducadran-schwarz","14":"pa_dimensions-o-45-mm","15":"pa_etancheite-100m-de","16":"pa_forme-runden","17":"pa_garantie-24monate","18":"pa_genre-mann","19":"pa_matiere-schwarzespvd","20":"pa_matierebraceletmontre-leder","21":"pa_mouvement-quarzbatterie-de","22":"pa_swissmade-ja-de","23":"pa_typedemontre-chronograph-de","24":"sales-flash-overlay","25":"woocommerce-text-align-center","26":"woocommerce-image-align-center","27":"do-quantity-buttons","29":"first","30":"instock","31":"taxable","32":"shipping-taxable","33":"purchasable","34":"product-type-simple"},"acf":[],"_links":{"self":[{"href":"https:\/\/lediamant.ch\/de\/wp-json\/wp\/v2\/product\/158424","targetHints":{"allow":["GET"]}}],"collection":[{"href":"https:\/\/lediamant.ch\/de\/wp-json\/wp\/v2\/product"}],"about":[{"href":"https:\/\/lediamant.ch\/de\/wp-json\/wp\/v2\/types\/product"}],"wp:featuredmedia":[{"embeddable":true,"href":"https:\/\/lediamant.ch\/de\/wp-json\/wp\/v2\/media\/158413"}],"wp:attachment":[{"href":"https:\/\/lediamant.ch\/de\/wp-json\/wp\/v2\/media?parent=158424"}],"wp:term":[{"taxonomy":"brand","embeddable":true,"href":"https:\/\/lediamant.ch\/de\/wp-json\/wp\/v2\/brand?post=158424"},{"taxonomy":"product_brand","embeddable":true,"href":"https:\/\/lediamant.ch\/de\/wp-json\/wp\/v2\/product_brand?post=158424"},{"taxonomy":"product_cat","embeddable":true,"href":"https:\/\/lediamant.ch\/de\/wp-json\/wp\/v2\/product_cat?post=158424"},{"taxonomy":"product_tag","embeddable":true,"href":"https:\/\/lediamant.ch\/de\/wp-json\/wp\/v2\/product_tag?post=158424"}],"curies":[{"name":"wp","href":"https:\/\/api.w.org\/{rel}","templated":true}]}}