{"id":158474,"date":"2021-12-13T16:30:25","date_gmt":"2021-12-13T15:30:25","guid":{"rendered":"https:\/\/lediamant.ch\/produit\/uhren-de\/tissot-de\/tissot-t-sport-de\/tissot-supersport-de\/tissot-supersport-chrono-11\/"},"modified":"2021-12-13T16:30:25","modified_gmt":"2021-12-13T15:30:25","slug":"tissot-supersport-chrono-11","status":"publish","type":"product","link":"https:\/\/lediamant.ch\/de\/uhren\/158474-tissot-supersport-chrono-11\/","title":{"rendered":"Tissot Supersport Chrono"},"content":{"rendered":"<p><span style=\"color:#757575;font-family:Heebo, Roboto, Arial, Helvetica, sans-serif;font-size:18px;background-color:#ffffff;\">Die Tissot Supersport Chrono Kollektion ist perfekt f\u00fcr den modernen Gentleman, der seine Uhr im Alltag, B\u00fcro sowie bei sportlichen Ereignissen tragen m\u00f6chte.<\/span><br style=\"color:#757575;font-family:Heebo, Roboto, Arial, Helvetica, sans-serif;font-size:18px;background-color:#ffffff;\" \/><span style=\"color:#757575;font-family:Heebo, Roboto, Arial, Helvetica, sans-serif;font-size:18px;background-color:#ffffff;\">Markante Linien und scharfe Kanten in Kombination mit dem 45,5 mm Geh\u00e4use verleihen der Tissot Supersport Chrono eine starke Pers\u00f6nlichkeit. Massive Indizes mit SuperLuminova\u00ae Beschichtung erm\u00f6glichen eine beeindruckende Ablesbarkeit bei Dunkelheit, und die Applikationen auf dem Zifferblatt sorgen f\u00fcr einen kraftvollen 3D-Effekt sowie ein dynamisches Erscheinungsbild.<\/span><br style=\"color:#757575;font-family:Heebo, Roboto, Arial, Helvetica, sans-serif;font-size:18px;background-color:#ffffff;\" \/><span style=\"color:#757575;font-family:Heebo, Roboto, Arial, Helvetica, sans-serif;font-size:18px;background-color:#ffffff;\">Alle Modelle der Tissot Supersport Chrono besitzen ein massives 316L- Edelstahlgeh\u00e4use sowie kratzfestes Saphirglas und verf\u00fcgen \u00fcber eine Wasserdichtigkeit bis zu einem Druck von 10 bar (100 m).<\/span><br style=\"color:#757575;font-family:Heebo, Roboto, Arial, Helvetica, sans-serif;font-size:18px;background-color:#ffffff;\" \/><span style=\"color:#757575;font-family:Heebo, Roboto, Arial, Helvetica, sans-serif;font-size:18px;background-color:#ffffff;\">Diese Ausf\u00fchrung der Tissot Supersport Chrono besitzt ein in Swiss Made Quarzwerk, ein mit schwarzer PVD-Beschichtung versehenes 316L-Edelstahlgeh\u00e4use mit schwarzen Aluminium-L\u00fcnettenring sowie ein schwarzes Zifferblatt mit beigefarbenen Elementen. Das beige-schwarze Textil-\/Kautschukarmband mit Dornschlie\u00dfe ist mit einem Schnellwechselsystem ausgestattet.<\/span><\/p>\n","protected":false},"excerpt":{"rendered":"<p>Die Tissot Supersport Chrono Kollektion ist perfekt f\u00fcr den modernen Gentleman, der seine Uhr im Alltag, B\u00fcro sowie bei sportlichen Ereignissen tragen m\u00f6chte.Markante Linien und scharfe Kanten in Kombination mit dem 45,5 mm Geh\u00e4use verleihen der Tissot Supersport Chrono eine starke Pers\u00f6nlichkeit. Massive Indizes mit SuperLuminova\u00ae Beschichtung erm\u00f6glichen eine beeindruckende Ablesbarkeit bei Dunkelheit, und die &#8230; <a title=\"Tissot Supersport Chrono\" class=\"read-more\" href=\"https:\/\/lediamant.ch\/de\/uhren\/158474-tissot-supersport-chrono-11\/\" aria-label=\"Mehr Informationen \u00fcber Tissot Supersport Chrono\">Weiterlesen &#8230;<\/a><\/p>\n","protected":false},"featured_media":158463,"template":"","meta":{"_acf_changed":false,"_seopress_robots_primary_cat":"","_seopress_titles_title":"","_seopress_titles_desc":"","_seopress_robots_index":""},"brand":[27087],"product_brand":[],"product_cat":[27123,27159,27203,27381],"product_tag":[],"class_list":{"0":"post-158474","1":"product","2":"type-product","3":"status-publish","4":"has-post-thumbnail","6":"brand-tissot-de","7":"product_cat-uhren","8":"product_cat-tissot-de","9":"product_cat-tissot-sport","10":"product_cat-tissot-supersport-chrono","11":"pa_couleurduboitier-schwarz-de","12":"pa_couleurdubracelet-beige-de","13":"pa_couleurdubracelet-schwarz-de","14":"pa_couleurducadran-schwarz","15":"pa_dimensions-o-45-5-mm","16":"pa_etancheite-100m-de","17":"pa_forme-runden","18":"pa_garantie-24monate","19":"pa_genre-mann","20":"pa_matiere-schwarzespvd","21":"pa_matierebraceletmontre-textil-de","22":"pa_mouvement-quarzbatterie-de","23":"pa_typedemontre-chronograph-de","24":"pa_verre-saphir-de","25":"sales-flash-overlay","26":"woocommerce-text-align-center","27":"woocommerce-image-align-center","28":"do-quantity-buttons","30":"first","31":"instock","32":"taxable","33":"shipping-taxable","34":"purchasable","35":"product-type-simple"},"acf":[],"_links":{"self":[{"href":"https:\/\/lediamant.ch\/de\/wp-json\/wp\/v2\/product\/158474","targetHints":{"allow":["GET"]}}],"collection":[{"href":"https:\/\/lediamant.ch\/de\/wp-json\/wp\/v2\/product"}],"about":[{"href":"https:\/\/lediamant.ch\/de\/wp-json\/wp\/v2\/types\/product"}],"wp:featuredmedia":[{"embeddable":true,"href":"https:\/\/lediamant.ch\/de\/wp-json\/wp\/v2\/media\/158463"}],"wp:attachment":[{"href":"https:\/\/lediamant.ch\/de\/wp-json\/wp\/v2\/media?parent=158474"}],"wp:term":[{"taxonomy":"brand","embeddable":true,"href":"https:\/\/lediamant.ch\/de\/wp-json\/wp\/v2\/brand?post=158474"},{"taxonomy":"product_brand","embeddable":true,"href":"https:\/\/lediamant.ch\/de\/wp-json\/wp\/v2\/product_brand?post=158474"},{"taxonomy":"product_cat","embeddable":true,"href":"https:\/\/lediamant.ch\/de\/wp-json\/wp\/v2\/product_cat?post=158474"},{"taxonomy":"product_tag","embeddable":true,"href":"https:\/\/lediamant.ch\/de\/wp-json\/wp\/v2\/product_tag?post=158474"}],"curies":[{"name":"wp","href":"https:\/\/api.w.org\/{rel}","templated":true}]}}