{"id":158576,"date":"2021-12-13T16:32:32","date_gmt":"2021-12-13T15:32:32","guid":{"rendered":"https:\/\/lediamant.ch\/produit\/uhren-de\/tissot-de\/tissot-t-sport-de\/tissot-seastar-2000-professional-de\/tissot-seastar-2000-professional-powermatic-80-5\/"},"modified":"2021-12-13T16:32:32","modified_gmt":"2021-12-13T15:32:32","slug":"tissot-seastar-2000-professional-powermatic-80-5","status":"publish","type":"product","link":"https:\/\/lediamant.ch\/de\/uhren\/158576-tissot-seastar-2000-professional-powermatic-80-5\/","title":{"rendered":"Tissot Seastar 2000 Professional Powermatic 80"},"content":{"rendered":"<p style=\"margin:0px;padding:0px;color:#333333;font-family:Gotham, Helvetica, sans-serif;font-size:13px;letter-spacing:-.39px;background-color:#ffffff;\">Die Tissot Seastar 2000 Professional Powermatic 80 Uhr ist die perfekte Wahl f\u00fcr Taucher. Sie beeindruckt durch ihre Hochleistungsf\u00e4higkeit bis zu einem sagenhaften Druck von 60 bar (600 m \/ 2000 ft), lumineszierenden Zeigern und Indizes sowie der einseitig drehbaren Taucherl\u00fcnette. Mit dieser Uhr k\u00f6nnen Sie sich mutig in die Tiefe wagen, sie wird Sie nicht fallenlassen. Diese Uhr der Seastar Kollektion ist mit einem Swiss Made Powermatic 80 Werk, kratzfestem Saphirglas, einem 316L - Edelstahlgeh\u00e4use sowie verschraubter Krone und verschraubtem Geh\u00e4useboden ausgestattet. Dar\u00fcber hinaus ist die Tissot Seastar 2000 Professional mit einem Heliumventil ausgestattet. Dieses ist bei 9 Uhr platziert und erm\u00f6glicht \u00fcber ein automatisches \u00d6ffnen das Entweichen des im Geh\u00e4use eingeschlossenen, \u00fcbersch\u00fcssigen Luft- und Heliumgemischs, das infolge des Aufstiegs beim S\u00e4ttigungstauchen in grosser Tiefe ausgedehnt ist.\u00a0<\/p>\n<\/p>\n<p style=\"margin:0px;padding:0px;color:#333333;font-family:Gotham, Helvetica, sans-serif;font-size:13px;letter-spacing:-.39px;background-color:#ffffff;\">Im Inneren des Zeitmessers, der die Anforderungen der ISO 6425 an Taucheruhren erf\u00fcllt, schl\u00e4gt ein modernes Powermatic-80-Kaliber. Das Automatikwerk verf\u00fcgt \u00fcber eine stolze Gangreserve von bis zu 80 Stunden. Dar\u00fcber hinaus beeindruckt seine j\u00fcngste Inkarnation mit noch mehr Zuverl\u00e4ssigkeit und Pr\u00e4zision: Dank seiner neuen Nivachron-Spirale ist es unempfindlich gegen\u00fcber Magnetfeldern \u2013 was im Alltag wie beim Tauchen ein entscheidender Vorteil ist.<\/p>\n","protected":false},"excerpt":{"rendered":"<p>Die Tissot Seastar 2000 Professional Powermatic 80 Uhr ist die perfekte Wahl f\u00fcr Taucher. Sie beeindruckt durch ihre Hochleistungsf\u00e4higkeit bis zu einem sagenhaften Druck von 60 bar (600 m \/ 2000 ft), lumineszierenden Zeigern und Indizes sowie der einseitig drehbaren Taucherl\u00fcnette. Mit dieser Uhr k\u00f6nnen Sie sich mutig in die Tiefe wagen, sie wird Sie &#8230; <a title=\"Tissot Seastar 2000 Professional Powermatic 80\" class=\"read-more\" href=\"https:\/\/lediamant.ch\/de\/uhren\/158576-tissot-seastar-2000-professional-powermatic-80-5\/\" aria-label=\"Mehr Informationen \u00fcber Tissot Seastar 2000 Professional Powermatic 80\">Weiterlesen &#8230;<\/a><\/p>\n","protected":false},"featured_media":158563,"template":"","meta":{"_acf_changed":false,"_seopress_robots_primary_cat":"","_seopress_titles_title":"","_seopress_titles_desc":"","_seopress_robots_index":""},"brand":[27087],"product_brand":[],"product_cat":[27123,27159,27203],"product_tag":[],"class_list":{"0":"post-158576","1":"product","2":"type-product","3":"status-publish","4":"has-post-thumbnail","6":"brand-tissot-de","7":"product_cat-uhren","8":"product_cat-tissot-de","9":"product_cat-tissot-sport","10":"pa_couleurduboitier-schwarz-de","11":"pa_couleurdubracelet-blau-de","12":"pa_couleurdubracelet-schwarz-de","13":"pa_couleurducadran-blau","14":"pa_forme-runden","15":"pa_garantie-24monate","16":"pa_genre-mann","17":"pa_matiere-schwarzespvd","18":"pa_matierebraceletmontre-kautschuk","19":"pa_mouvement-automatik-de","20":"pa_typedemontre-taucheruhren","21":"sales-flash-overlay","22":"woocommerce-text-align-center","23":"woocommerce-image-align-center","24":"do-quantity-buttons","26":"first","27":"instock","28":"taxable","29":"shipping-taxable","30":"purchasable","31":"product-type-simple"},"acf":[],"_links":{"self":[{"href":"https:\/\/lediamant.ch\/de\/wp-json\/wp\/v2\/product\/158576","targetHints":{"allow":["GET"]}}],"collection":[{"href":"https:\/\/lediamant.ch\/de\/wp-json\/wp\/v2\/product"}],"about":[{"href":"https:\/\/lediamant.ch\/de\/wp-json\/wp\/v2\/types\/product"}],"wp:featuredmedia":[{"embeddable":true,"href":"https:\/\/lediamant.ch\/de\/wp-json\/wp\/v2\/media\/158563"}],"wp:attachment":[{"href":"https:\/\/lediamant.ch\/de\/wp-json\/wp\/v2\/media?parent=158576"}],"wp:term":[{"taxonomy":"brand","embeddable":true,"href":"https:\/\/lediamant.ch\/de\/wp-json\/wp\/v2\/brand?post=158576"},{"taxonomy":"product_brand","embeddable":true,"href":"https:\/\/lediamant.ch\/de\/wp-json\/wp\/v2\/product_brand?post=158576"},{"taxonomy":"product_cat","embeddable":true,"href":"https:\/\/lediamant.ch\/de\/wp-json\/wp\/v2\/product_cat?post=158576"},{"taxonomy":"product_tag","embeddable":true,"href":"https:\/\/lediamant.ch\/de\/wp-json\/wp\/v2\/product_tag?post=158576"}],"curies":[{"name":"wp","href":"https:\/\/api.w.org\/{rel}","templated":true}]}}