{"id":158598,"date":"2021-12-13T16:32:53","date_gmt":"2021-12-13T15:32:53","guid":{"rendered":"https:\/\/lediamant.ch\/produit\/uhren-de\/tissot-de\/tissot-t-classic-de\/tissot-carson-de\/tissot-carson-premium-chronograph-6\/"},"modified":"2025-10-03T08:39:42","modified_gmt":"2025-10-03T06:39:42","slug":"tissot-carson-premium-chronograph-6","status":"publish","type":"product","link":"https:\/\/lediamant.ch\/de\/uhren\/158598-tissot-carson-premium-chronograph-6\/","title":{"rendered":"Tissot Carson Premium Chronograph"},"content":{"rendered":"<p><span style=\"color:#757575;font-family:Heebo, Roboto, Arial, Helvetica, sans-serif;font-size:18px;background-color:#ffffff\">Die Tissot Carson Premium Kollektion sorgt mit ihrem klaren Design, ihrem selbstbewussten Stil und ihrer sch\u00f6nen Verarbeitung immer f\u00fcr einen perfekten Auftritt. Sie \u00fcberzeugt durch ihre Swiss Made Qualit\u00e4t, f\u00fcr die Tissot international als &#8222;Innovator aus Tradition&#8220; bekannt ist. Die Tissot Carson Premium Chronograph Linie ist in verschiedenen Ausf\u00fchrungen mit Armb\u00e4ndern aus Leder oder Edelstahl 316L und mit PVD-Beschichtung oder aus klassischem Edelstahl erh\u00e4ltlich. Die PVD-Beschichtungstechnik erm\u00f6glicht es, den Oberfl\u00e4chen die Attraktivit\u00e4t und die Vorteile von Goldt\u00f6nen - edler Glanz, W\u00e4rme, Haltbarkeit - zu verleihen, ohne den Preis wie bei der Verwendung von echtem Gold zu beeinflussen. Dieser Chronograph mit einem ausgewogenen Durchmesser von 41 mm ist mit einem Swiss Made Quarzwerk ausgestattet, das sich durch seine Zuverl\u00e4ssigkeit auszeichnet. Weitere Merkmale dieser Herrenuhr sind ein kratzfestes Saphirglas, ein Geh\u00e4use aus 316L-Edelstahl und eine Datumsanzeige. Schlanke, geschwungene Zeiger und schmale Indizes vervollst\u00e4ndigen das elegante Erscheinungsbild des Tissot Carson Premium Chronographen. In einem klassischen und zeitlosen Stil verf\u00fcgt dieses Modell \u00fcber ein silbernes Zifferblatt mit gro\u00dfen r\u00f6mischen Ziffern, gebl\u00e4ute Zeiger und ein schwarzes Lederarmband mit Dornschlie\u00dfe.       <\/span><\/p>\n","protected":false},"excerpt":{"rendered":"<p>Die Tissot Carson Premium Kollektion sorgt mit ihrem klaren Design, ihrem selbstbewussten Stil und ihrer sch\u00f6nen Verarbeitung immer f\u00fcr einen perfekten Auftritt. Sie \u00fcberzeugt durch ihre Swiss Made Qualit\u00e4t, f\u00fcr die Tissot international als &#8222;Innovator aus Tradition&#8220; bekannt ist. Die Tissot Carson Premium Chronograph Linie ist in verschiedenen Ausf\u00fchrungen mit Armb\u00e4ndern aus Leder oder Edelstahl &#8230; <a title=\"Tissot Carson Premium Chronograph\" class=\"read-more\" href=\"https:\/\/lediamant.ch\/de\/uhren\/158598-tissot-carson-premium-chronograph-6\/\" aria-label=\"Mehr Informationen \u00fcber Tissot Carson Premium Chronograph\">Weiterlesen &#8230;<\/a><\/p>\n","protected":false},"featured_media":158590,"template":"","meta":{"_acf_changed":false,"_seopress_robots_primary_cat":"27244","_seopress_titles_title":"","_seopress_titles_desc":"","_seopress_robots_index":""},"brand":[27087],"product_brand":[],"product_cat":[27159,27501,27245,27123],"product_tag":[],"class_list":{"0":"post-158598","1":"product","2":"type-product","3":"status-publish","4":"has-post-thumbnail","6":"brand-tissot-de","7":"product_cat-tissot-de","8":"product_cat-tissot-carson","9":"product_cat-tissot-classic","10":"product_cat-uhren","11":"pa_couleurduboitier-grau-de","12":"pa_couleurdubracelet-schwarz-de","13":"pa_couleurducadran-silber","14":"pa_dimensions-o-41-mm","15":"pa_etancheite-50m-de","16":"pa_forme-runden","17":"pa_garantie-24monate","18":"pa_genre-mann","19":"pa_matiere-stahl","20":"pa_matierebraceletmontre-leder","21":"pa_mouvement-quarzbatterie-de","22":"pa_typedemontre-chronograph-de","23":"sales-flash-overlay","24":"woocommerce-text-align-center","25":"woocommerce-image-align-center","26":"do-quantity-buttons","28":"first","29":"instock","30":"taxable","31":"shipping-taxable","32":"purchasable","33":"product-type-simple"},"acf":[],"_links":{"self":[{"href":"https:\/\/lediamant.ch\/de\/wp-json\/wp\/v2\/product\/158598","targetHints":{"allow":["GET"]}}],"collection":[{"href":"https:\/\/lediamant.ch\/de\/wp-json\/wp\/v2\/product"}],"about":[{"href":"https:\/\/lediamant.ch\/de\/wp-json\/wp\/v2\/types\/product"}],"wp:featuredmedia":[{"embeddable":true,"href":"https:\/\/lediamant.ch\/de\/wp-json\/wp\/v2\/media\/158590"}],"wp:attachment":[{"href":"https:\/\/lediamant.ch\/de\/wp-json\/wp\/v2\/media?parent=158598"}],"wp:term":[{"taxonomy":"brand","embeddable":true,"href":"https:\/\/lediamant.ch\/de\/wp-json\/wp\/v2\/brand?post=158598"},{"taxonomy":"product_brand","embeddable":true,"href":"https:\/\/lediamant.ch\/de\/wp-json\/wp\/v2\/product_brand?post=158598"},{"taxonomy":"product_cat","embeddable":true,"href":"https:\/\/lediamant.ch\/de\/wp-json\/wp\/v2\/product_cat?post=158598"},{"taxonomy":"product_tag","embeddable":true,"href":"https:\/\/lediamant.ch\/de\/wp-json\/wp\/v2\/product_tag?post=158598"}],"curies":[{"name":"wp","href":"https:\/\/api.w.org\/{rel}","templated":true}]}}