{"id":158618,"date":"2021-12-13T16:33:12","date_gmt":"2021-12-13T15:33:12","guid":{"rendered":"https:\/\/lediamant.ch\/produit\/uhren-de\/tissot-de\/tissot-t-classic-de\/tissot-carson-de\/tissot-carson-premium-gent-moonphase\/"},"modified":"2021-12-13T16:33:12","modified_gmt":"2021-12-13T15:33:12","slug":"tissot-carson-premium-gent-moonphase","status":"publish","type":"product","link":"https:\/\/lediamant.ch\/de\/uhren\/158618-tissot-carson-premium-gent-moonphase\/","title":{"rendered":"Tissot Carson Premium Gent Moonphase"},"content":{"rendered":"<p>Mit ihrem klaren Design, ihrem selbstbewussten Stil und ihrer sch\u00f6nen Verarbeitung sorgt die Tissot Carson Premium Kollektion stets f\u00fcr einen perfekten Auftritt. Sie \u00fcberzeugt durch ihre Swiss Made Qualit\u00e4t, f\u00fcr die Tissot international als &#8222;Innovator aus Tradition&#8220; bekannt ist. Die Tissot Carson Premium Chronograph Linie ist in verschiedenen Ausf\u00fchrungen mit Armb\u00e4ndern aus Leder oder Edelstahl 316L sowie mit PVD-Beschichtung oder klassischem Edelstahl erh\u00e4ltlich. Die PVD-Beschichtungstechnik erm\u00f6glicht es, den Oberfl\u00e4chen die Attraktivit\u00e4t und die Vorteile von Goldt\u00f6nen - edler Glanz, W\u00e4rme, Haltbarkeit - zu verleihen, ohne den Preis wie bei der Verwendung von echtem Gold zu beeinflussen. Dieser Chronograph mit einem ausgewogenen Durchmesser von 40 mm ist mit einem Swiss-Made-Quarzwerk ausgestattet, das sich durch seine Zuverl\u00e4ssigkeit auszeichnet, und verf\u00fcgt \u00fcber eine Mondphasenanzeige. Zu den weiteren Merkmalen dieser Herrenuhr geh\u00f6ren ein kratzfestes Saphirglas, ein Geh\u00e4use aus 316L-Edelstahl und eine Datumsanzeige. Schlanke, geschwungene Zeiger und schmale Indizes vervollst\u00e4ndigen das elegante Erscheinungsbild des Tissot Carson Premium Chronographen. Das Modell mit seinem klassischen, zeitlosen Stil verf\u00fcgt \u00fcber ein silbernes Zifferblatt mit gro\u00dfen r\u00f6mischen Ziffern, gebl\u00e4ute Zeiger und ein Edelstahlarmband mit Dornschlie\u00dfe.<\/p>\n","protected":false},"excerpt":{"rendered":"<p>Mit ihrem klaren Design, ihrem selbstbewussten Stil und ihrer sch\u00f6nen Verarbeitung sorgt die Tissot Carson Premium Kollektion stets f\u00fcr einen perfekten Auftritt. Sie \u00fcberzeugt durch ihre Swiss Made Qualit\u00e4t, f\u00fcr die Tissot international als &#8222;Innovator aus Tradition&#8220; bekannt ist. Die Tissot Carson Premium Chronograph Linie ist in verschiedenen Ausf\u00fchrungen mit Armb\u00e4ndern aus Leder oder Edelstahl &#8230; <a title=\"Tissot Carson Premium Gent Moonphase\" class=\"read-more\" href=\"https:\/\/lediamant.ch\/de\/uhren\/158618-tissot-carson-premium-gent-moonphase\/\" aria-label=\"Mehr Informationen \u00fcber Tissot Carson Premium Gent Moonphase\">Weiterlesen &#8230;<\/a><\/p>\n","protected":false},"featured_media":158610,"template":"","meta":{"_acf_changed":false,"_seopress_robots_primary_cat":"","_seopress_titles_title":"","_seopress_titles_desc":"","_seopress_robots_index":""},"brand":[27087],"product_brand":[],"product_cat":[27213,27125,27159,27501,27245,27123,27153],"product_tag":[],"class_list":{"0":"post-158618","1":"product","2":"type-product","3":"status-publish","4":"has-post-thumbnail","6":"brand-tissot-de","7":"product_cat-auswahl-fuer-ihn-de","8":"product_cat-geschenkideen","9":"product_cat-tissot-de","10":"product_cat-tissot-carson","11":"product_cat-tissot-classic","12":"product_cat-uhren","13":"product_cat-valentinstag-de","14":"pa_couleurduboitier-grau-de","15":"pa_couleurdubracelet-grau-de","16":"pa_couleurducadran-silber","17":"pa_dimensions-o-40-mm","18":"pa_etancheite-50m-de","19":"pa_forme-runden","20":"pa_garantie-24monate","21":"pa_genre-mann","22":"pa_matiere-stahl","23":"pa_matierebraceletmontre-edelstahl","24":"pa_mouvement-quarzbatterie-de","25":"pa_typedemontre-uhrenmitmondanzeige","26":"sales-flash-overlay","27":"woocommerce-text-align-center","28":"woocommerce-image-align-center","29":"do-quantity-buttons","31":"first","32":"instock","33":"taxable","34":"shipping-taxable","35":"purchasable","36":"product-type-simple"},"acf":[],"_links":{"self":[{"href":"https:\/\/lediamant.ch\/de\/wp-json\/wp\/v2\/product\/158618","targetHints":{"allow":["GET"]}}],"collection":[{"href":"https:\/\/lediamant.ch\/de\/wp-json\/wp\/v2\/product"}],"about":[{"href":"https:\/\/lediamant.ch\/de\/wp-json\/wp\/v2\/types\/product"}],"wp:featuredmedia":[{"embeddable":true,"href":"https:\/\/lediamant.ch\/de\/wp-json\/wp\/v2\/media\/158610"}],"wp:attachment":[{"href":"https:\/\/lediamant.ch\/de\/wp-json\/wp\/v2\/media?parent=158618"}],"wp:term":[{"taxonomy":"brand","embeddable":true,"href":"https:\/\/lediamant.ch\/de\/wp-json\/wp\/v2\/brand?post=158618"},{"taxonomy":"product_brand","embeddable":true,"href":"https:\/\/lediamant.ch\/de\/wp-json\/wp\/v2\/product_brand?post=158618"},{"taxonomy":"product_cat","embeddable":true,"href":"https:\/\/lediamant.ch\/de\/wp-json\/wp\/v2\/product_cat?post=158618"},{"taxonomy":"product_tag","embeddable":true,"href":"https:\/\/lediamant.ch\/de\/wp-json\/wp\/v2\/product_tag?post=158618"}],"curies":[{"name":"wp","href":"https:\/\/api.w.org\/{rel}","templated":true}]}}