{"id":158680,"date":"2021-12-13T16:33:59","date_gmt":"2021-12-13T15:33:59","guid":{"rendered":"https:\/\/lediamant.ch\/produit\/uhren-de\/tissot-de\/tissot-t-sport-de\/tissot-seastar-1000-quartz-de\/tissot-seastar-1000-36mm-2\/"},"modified":"2021-12-13T16:33:59","modified_gmt":"2021-12-13T15:33:59","slug":"tissot-seastar-1000-36mm-2","status":"publish","type":"product","link":"https:\/\/lediamant.ch\/de\/uhren\/158680-tissot-seastar-1000-36mm-2\/","title":{"rendered":"Tissot Seastar 1000 36mm"},"content":{"rendered":"<p style=\"margin:0px;padding:0px;color:#333333;font-family:Gotham, Helvetica, sans-serif;font-size:13px;letter-spacing:-.39px;background-color:#ffffff;\">Die Tissot Seastar 1000 36 mm ist die perfekte Wahl f\u00fcr Taucher, die eine Uhr mit kleinerem Durchmesser suchen.\u00a0Sie beeindruckt durch ihre Wasserdichtigkeit bis zu einem Druck von 30 bar (300 m \/ 1000 ft), lumineszierende Zeiger und Indizes sowie die einseitig drehbare Taucherl\u00fcnette. Mit dieser Uhr k\u00f6nnen Sie sich mutig in die Tiefe wagen, sie wird Sie nicht im Stich lassen.<\/p>\n<\/p>\n<p style=\"margin:0px;padding:0px;color:#333333;font-family:Gotham, Helvetica, sans-serif;font-size:13px;letter-spacing:-.39px;background-color:#ffffff;\">Alle Modelle der Seastar 1000 36 mm Kollektion sind mit einem Swiss Made Quarzwerk, kratzfestem, doppelseitig entspiegeltem Saphirglas, einem 316L-Edelstahlgeh\u00e4use sowie verschraubter Krone und verschraubtem Geh\u00e4useboden ausgestattet.\u00a0Dieses Modell mit blauem Zifferblatt mit Datumsanzeige bei 6 Uhr verf\u00fcgt \u00fcber ein massives 316L-Edelstahlarmband mit Sicherheitsfaltschliesse, Taucherverl\u00e4ngerung und Schnellwechselsystem. Zus\u00e4tzlich ist ein zweites Kautschukarmband mit Dornschliesse und Schnellwechselsystem beigelegt.<\/p>\n","protected":false},"excerpt":{"rendered":"<p>Die Tissot Seastar 1000 36 mm ist die perfekte Wahl f\u00fcr Taucher, die eine Uhr mit kleinerem Durchmesser suchen.\u00a0Sie beeindruckt durch ihre Wasserdichtigkeit bis zu einem Druck von 30 bar (300 m \/ 1000 ft), lumineszierende Zeiger und Indizes sowie die einseitig drehbare Taucherl\u00fcnette. Mit dieser Uhr k\u00f6nnen Sie sich mutig in die Tiefe wagen, &#8230; <a title=\"Tissot Seastar 1000 36mm\" class=\"read-more\" href=\"https:\/\/lediamant.ch\/de\/uhren\/158680-tissot-seastar-1000-36mm-2\/\" aria-label=\"Mehr Informationen \u00fcber Tissot Seastar 1000 36mm\">Weiterlesen &#8230;<\/a><\/p>\n","protected":false},"featured_media":158668,"template":"","meta":{"_acf_changed":false,"_seopress_robots_primary_cat":"","_seopress_titles_title":"","_seopress_titles_desc":"","_seopress_robots_index":""},"brand":[27087],"product_brand":[],"product_cat":[27137,27159,27441,27203,27123],"product_tag":[],"class_list":{"0":"post-158680","1":"product","2":"type-product","3":"status-publish","4":"has-post-thumbnail","6":"brand-tissot-de","7":"product_cat-bracelet-ajustable-de","8":"product_cat-tissot-de","9":"product_cat-tissot-seastar","10":"product_cat-tissot-sport","11":"product_cat-uhren","12":"pa_couleurduboitier-grau-de","13":"pa_couleurdubracelet-grau-de","14":"pa_couleurducadran-blau","15":"pa_dimensions-o-36-mm","16":"pa_etancheite-300m-de","17":"pa_forme-runden","18":"pa_garantie-24monate","19":"pa_genre-frau","20":"pa_genre-kind","21":"pa_matiere-stahl","22":"pa_matierebraceletmontre-edelstahl","23":"pa_mouvement-quarzbatterie-de","24":"pa_typedemontre-sportuhren","25":"sales-flash-overlay","26":"woocommerce-text-align-center","27":"woocommerce-image-align-center","28":"do-quantity-buttons","30":"first","31":"instock","32":"taxable","33":"shipping-taxable","34":"purchasable","35":"product-type-simple"},"acf":[],"_links":{"self":[{"href":"https:\/\/lediamant.ch\/de\/wp-json\/wp\/v2\/product\/158680","targetHints":{"allow":["GET"]}}],"collection":[{"href":"https:\/\/lediamant.ch\/de\/wp-json\/wp\/v2\/product"}],"about":[{"href":"https:\/\/lediamant.ch\/de\/wp-json\/wp\/v2\/types\/product"}],"wp:featuredmedia":[{"embeddable":true,"href":"https:\/\/lediamant.ch\/de\/wp-json\/wp\/v2\/media\/158668"}],"wp:attachment":[{"href":"https:\/\/lediamant.ch\/de\/wp-json\/wp\/v2\/media?parent=158680"}],"wp:term":[{"taxonomy":"brand","embeddable":true,"href":"https:\/\/lediamant.ch\/de\/wp-json\/wp\/v2\/brand?post=158680"},{"taxonomy":"product_brand","embeddable":true,"href":"https:\/\/lediamant.ch\/de\/wp-json\/wp\/v2\/product_brand?post=158680"},{"taxonomy":"product_cat","embeddable":true,"href":"https:\/\/lediamant.ch\/de\/wp-json\/wp\/v2\/product_cat?post=158680"},{"taxonomy":"product_tag","embeddable":true,"href":"https:\/\/lediamant.ch\/de\/wp-json\/wp\/v2\/product_tag?post=158680"}],"curies":[{"name":"wp","href":"https:\/\/api.w.org\/{rel}","templated":true}]}}