{"id":158756,"date":"2021-12-15T15:06:23","date_gmt":"2021-12-15T14:06:23","guid":{"rendered":"https:\/\/lediamant.ch\/produit\/uhren-de\/hamilton-de\/american-classic-de\/hamilton-american-classic-intra-matic-auto-chrono-automatik-40mm-3\/"},"modified":"2021-12-15T15:06:23","modified_gmt":"2021-12-15T14:06:23","slug":"hamilton-american-classic-intra-matic-auto-chrono-automatik-40mm-3","status":"publish","type":"product","link":"https:\/\/lediamant.ch\/de\/uhren\/158756-hamilton-american-classic-intra-matic-auto-chrono-automatik-40mm-3\/","title":{"rendered":"Hamilton American Classic Intra-Matic Auto Chrono Automatik | 40mm"},"content":{"rendered":"<p><span style=\"color:#1c1c1c;font-family:Montserrat, sans-serif;font-size:14px;background-color:#ffffff;\">Mit seinem sportlich-klassischen Design und seinem Vintage-Charme zieht der Intra-Matic Automatic Chronograph alle Blicke auf sich. Als moderne Ausf\u00fchrung einer legend\u00e4ren Uhr von 1968 verf\u00fcgt er \u00fcber ein markantes Panda-Zifferblatt in einer erfrischenden Farbkombination aus Hellgr\u00fcn und Wei\u00df. Ob mit einem feingliedrigen Milanaise-Armabnd aus Edelstahl oder einem hochwertigen braunen Lederarmband getragen: Sie erwartet eine ultimative Mischung aus Stil und Komfort.<\/span><\/p>\n","protected":false},"excerpt":{"rendered":"<p>Mit seinem sportlich-klassischen Design und seinem Vintage-Charme zieht der Intra-Matic Automatic Chronograph alle Blicke auf sich. Als moderne Ausf\u00fchrung einer legend\u00e4ren Uhr von 1968 verf\u00fcgt er \u00fcber ein markantes Panda-Zifferblatt in einer erfrischenden Farbkombination aus Hellgr\u00fcn und Wei\u00df. Ob mit einem feingliedrigen Milanaise-Armabnd aus Edelstahl oder einem hochwertigen braunen Lederarmband getragen: Sie erwartet eine ultimative &#8230; <a title=\"Hamilton American Classic Intra-Matic Auto Chrono Automatik | 40mm\" class=\"read-more\" href=\"https:\/\/lediamant.ch\/de\/uhren\/158756-hamilton-american-classic-intra-matic-auto-chrono-automatik-40mm-3\/\" aria-label=\"Mehr Informationen \u00fcber Hamilton American Classic Intra-Matic Auto Chrono Automatik | 40mm\">Weiterlesen &#8230;<\/a><\/p>\n","protected":false},"featured_media":158743,"template":"","meta":{"_acf_changed":false,"_seopress_robots_primary_cat":"","_seopress_titles_title":"","_seopress_titles_desc":"","_seopress_robots_index":""},"brand":[27085],"product_brand":[],"product_cat":[27201,27137,27181,27123],"product_tag":[],"class_list":{"0":"post-158756","1":"product","2":"type-product","3":"status-publish","4":"has-post-thumbnail","6":"brand-hamilton-de","7":"product_cat-american-classic","8":"product_cat-bracelet-ajustable-de","9":"product_cat-hamilton-de","10":"product_cat-uhren","11":"pa_couleurduboitier-grau-de","12":"pa_couleurdubracelet-braun-de","13":"pa_couleurducadran-grun","14":"pa_etancheite-100m-de","15":"pa_forme-runden","16":"pa_garantie-24monate","17":"pa_genre-mann","18":"pa_matiere-stahl","19":"pa_matierebraceletmontre-leder","20":"pa_mouvement-automatik-de","21":"pa_swissmade-ja-de","22":"pa_typedemontre-chronograph-de","23":"sales-flash-overlay","24":"woocommerce-text-align-center","25":"woocommerce-image-align-center","26":"do-quantity-buttons","28":"first","29":"instock","30":"taxable","31":"shipping-taxable","32":"purchasable","33":"product-type-simple"},"acf":[],"_links":{"self":[{"href":"https:\/\/lediamant.ch\/de\/wp-json\/wp\/v2\/product\/158756","targetHints":{"allow":["GET"]}}],"collection":[{"href":"https:\/\/lediamant.ch\/de\/wp-json\/wp\/v2\/product"}],"about":[{"href":"https:\/\/lediamant.ch\/de\/wp-json\/wp\/v2\/types\/product"}],"wp:featuredmedia":[{"embeddable":true,"href":"https:\/\/lediamant.ch\/de\/wp-json\/wp\/v2\/media\/158743"}],"wp:attachment":[{"href":"https:\/\/lediamant.ch\/de\/wp-json\/wp\/v2\/media?parent=158756"}],"wp:term":[{"taxonomy":"brand","embeddable":true,"href":"https:\/\/lediamant.ch\/de\/wp-json\/wp\/v2\/brand?post=158756"},{"taxonomy":"product_brand","embeddable":true,"href":"https:\/\/lediamant.ch\/de\/wp-json\/wp\/v2\/product_brand?post=158756"},{"taxonomy":"product_cat","embeddable":true,"href":"https:\/\/lediamant.ch\/de\/wp-json\/wp\/v2\/product_cat?post=158756"},{"taxonomy":"product_tag","embeddable":true,"href":"https:\/\/lediamant.ch\/de\/wp-json\/wp\/v2\/product_tag?post=158756"}],"curies":[{"name":"wp","href":"https:\/\/api.w.org\/{rel}","templated":true}]}}