{"id":158798,"date":"2022-01-03T01:00:23","date_gmt":"2022-01-03T00:00:23","guid":{"rendered":"https:\/\/lediamant.ch\/produit\/uhren-de\/tissot-de\/tissot-t-classic-de\/tissot-le-locle-automatik-de\/tissot-le-locle-powermatic-80-12\/"},"modified":"2026-04-08T11:00:29","modified_gmt":"2026-04-08T09:00:29","slug":"tissot-le-locle-powermatic-80-t006-407-16-033-00","status":"publish","type":"product","link":"https:\/\/lediamant.ch\/de\/uhren\/158798-tissot-le-locle-powermatic-80-t0064071603300\/","title":{"rendered":"Tissot Le Locle Powermatic 80"},"content":{"rendered":"<p><span style=\"color: #757575;font-family: Heebo, Roboto, Arial, Helvetica, sans-serif;font-size: 18px;background-color: #ffffff\">Die blo\u00dfe Erw\u00e4hnung des Namens Le Locle scheint allein schon eine Erfolgszutat zu sein. Die r\u00f6mischen Ziffern und die traditionelle Le Locle Signatur vervollst\u00e4ndigen dieses Bild klassischer Eleganz, das sowohl tags\u00fcber als auch abends getragen werden kann.  <\/span><span style=\"color: #252525;font-family: Heebo, Roboto, Arial, Helvetica, sans-serif;font-size: 18px;background-color: #ffffff\">Eine Automatikuhr funktioniert durch die Energie ihres Tr\u00e4gers. Es sind die Bewegungen des Handgelenks, die den Mechanismus in Gang halten. Der Powermatic 80 bietet 80 Stunden Gangreserve, genug, um auch nach 3 Tagen ohne Tragen der Uhr noch die Zeit pr\u00e4zise anzuzeigen. Dieses Uhrwerk ist innovativ und leistungsstark im Vergleich zur Konkurrenz, die in der Regel eine Gangreserve von 1,5 Tagen bietet.   <\/span><\/p>\n","protected":false},"excerpt":{"rendered":"<p>Die blo\u00dfe Erw\u00e4hnung des Namens Le Locle scheint allein schon eine Erfolgszutat zu sein. Die r\u00f6mischen Ziffern und die traditionelle Le Locle Signatur vervollst\u00e4ndigen dieses Bild klassischer Eleganz, das sowohl tags\u00fcber als auch abends getragen werden kann. Eine Automatikuhr funktioniert durch die Energie ihres Tr\u00e4gers. Es sind die Bewegungen des Handgelenks, die den Mechanismus in &#8230; <a title=\"Tissot Le Locle Powermatic 80\" class=\"read-more\" href=\"https:\/\/lediamant.ch\/de\/uhren\/158798-tissot-le-locle-powermatic-80-t0064071603300\/\" aria-label=\"Mehr Informationen \u00fcber Tissot Le Locle Powermatic 80\">Weiterlesen &#8230;<\/a><\/p>\n","protected":false},"featured_media":158790,"template":"","meta":{"_acf_changed":false,"_seopress_robots_primary_cat":"27244","_seopress_titles_title":"","_seopress_titles_desc":"","_seopress_robots_index":""},"brand":[27087],"product_brand":[],"product_cat":[27123,27159,27245,27473],"product_tag":[],"class_list":{"0":"post-158798","1":"product","2":"type-product","3":"status-publish","4":"has-post-thumbnail","6":"brand-tissot-de","7":"product_cat-uhren","8":"product_cat-tissot-de","9":"product_cat-tissot-classic","10":"product_cat-tissot-le-locle","11":"pa_couleurduboitier-grau-de","12":"pa_couleurdubracelet-schwarz-de","13":"pa_couleurducadran-silber","14":"pa_dimensions-o-39-3-mm","15":"pa_etancheite-30m-de","16":"pa_forme-runden","17":"pa_garantie-24monate","18":"pa_genre-mann","19":"pa_matiere-stahl","20":"pa_matierebraceletmontre-leder","21":"pa_mouvement-automatik-de","22":"sales-flash-overlay","23":"woocommerce-text-align-center","24":"woocommerce-image-align-center","25":"do-quantity-buttons","27":"first","28":"instock","29":"taxable","30":"shipping-taxable","31":"purchasable","32":"product-type-simple"},"acf":[],"_links":{"self":[{"href":"https:\/\/lediamant.ch\/de\/wp-json\/wp\/v2\/product\/158798","targetHints":{"allow":["GET"]}}],"collection":[{"href":"https:\/\/lediamant.ch\/de\/wp-json\/wp\/v2\/product"}],"about":[{"href":"https:\/\/lediamant.ch\/de\/wp-json\/wp\/v2\/types\/product"}],"wp:featuredmedia":[{"embeddable":true,"href":"https:\/\/lediamant.ch\/de\/wp-json\/wp\/v2\/media\/158790"}],"wp:attachment":[{"href":"https:\/\/lediamant.ch\/de\/wp-json\/wp\/v2\/media?parent=158798"}],"wp:term":[{"taxonomy":"brand","embeddable":true,"href":"https:\/\/lediamant.ch\/de\/wp-json\/wp\/v2\/brand?post=158798"},{"taxonomy":"product_brand","embeddable":true,"href":"https:\/\/lediamant.ch\/de\/wp-json\/wp\/v2\/product_brand?post=158798"},{"taxonomy":"product_cat","embeddable":true,"href":"https:\/\/lediamant.ch\/de\/wp-json\/wp\/v2\/product_cat?post=158798"},{"taxonomy":"product_tag","embeddable":true,"href":"https:\/\/lediamant.ch\/de\/wp-json\/wp\/v2\/product_tag?post=158798"}],"curies":[{"name":"wp","href":"https:\/\/api.w.org\/{rel}","templated":true}]}}