{"id":159024,"date":"2022-02-07T15:18:27","date_gmt":"2022-02-07T14:18:27","guid":{"rendered":"https:\/\/lediamant.ch\/produit\/uhren-de\/hamilton-de\/american-classic-de\/hamilton-american-classic-psr-digital-quartz-408mm-x-347mm-2\/"},"modified":"2026-03-25T17:00:49","modified_gmt":"2026-03-25T16:00:49","slug":"hamilton-american-classic-psr-digital-quartz-408mm-x-347mm-2","status":"publish","type":"product","link":"https:\/\/lediamant.ch\/de\/uhren\/159024-hamilton-american-classic-psr-digital-quartz-h52404130\/","title":{"rendered":"Hamilton American Classic PSR Digital Quarz 40,8mm x 34,7mm"},"content":{"rendered":"<p>Der Geist der Innovation, der untrennbar mit der Einf\u00fchrung der ersten Digitaluhr der Welt im Jahr 1970 verbunden ist, setzt sich in dieser eleganten, komplett schwarzen Version der emblematischen Hamilton PSR Digital Quartz fort. Sie verf\u00fcgt \u00fcber ein Hybrid-Display, das LCD und OLED kombiniert, und zeigt rote digitale Ziffern an, die tags\u00fcber leicht ablesbar sind und nachts auf Knopfdruck leuchten.<\/p>\n","protected":false},"excerpt":{"rendered":"<p>Der Geist der Innovation, der untrennbar mit der Einf\u00fchrung der ersten Digitaluhr der Welt im Jahr 1970 verbunden ist, setzt sich in dieser eleganten, komplett schwarzen Version der emblematischen Hamilton PSR Digital Quartz fort. Sie verf\u00fcgt \u00fcber ein Hybrid-Display, das LCD und OLED kombiniert, und zeigt rote digitale Ziffern an, die tags\u00fcber leicht ablesbar sind &#8230; <a title=\"Hamilton American Classic PSR Digital Quarz 40,8mm x 34,7mm\" class=\"read-more\" href=\"https:\/\/lediamant.ch\/de\/uhren\/159024-hamilton-american-classic-psr-digital-quartz-h52404130\/\" aria-label=\"Mehr Informationen \u00fcber Hamilton American Classic PSR Digital Quarz 40,8mm x 34,7mm\">Weiterlesen &#8230;<\/a><\/p>\n","protected":false},"featured_media":159012,"template":"","meta":{"_acf_changed":false,"_seopress_robots_primary_cat":"27181","_seopress_titles_title":"","_seopress_titles_desc":"Entdecken Sie die Hamilton PSR Digital Quartz in Schwarz mit innovativem Hybrid-Display aus LCD und OLED f\u00fcr optimale Lesbarkeit bei Tag und Nacht.","_seopress_robots_index":""},"brand":[27085],"product_brand":[],"product_cat":[27201,27137,27181,27133,27123,27141],"product_tag":[],"class_list":{"0":"post-159024","1":"product","2":"type-product","3":"status-publish","4":"has-post-thumbnail","6":"brand-hamilton-de","7":"product_cat-american-classic","8":"product_cat-bracelet-ajustable-de","9":"product_cat-hamilton-de","10":"product_cat-sale","11":"product_cat-uhren","12":"product_cat-uhren-sale","13":"pa_couleurduboitier-schwarz-de","14":"pa_couleurdubracelet-schwarz-de","15":"pa_couleurducadran-rot","16":"pa_dimensions-408-x-347-mm","17":"pa_etancheite-100m-de","18":"pa_forme-rechteckig-de","19":"pa_garantie-24monate","20":"pa_genre-mann","21":"pa_matiere-schwarzespvd","22":"pa_matierebraceletmontre-edelstahl","23":"pa_mouvement-quarzbatterie-de","24":"pa_swissmade-ja-de","25":"pa_typedemontre-digitaluhren","26":"pa_verre-saphir-de","27":"sales-flash-overlay","28":"woocommerce-text-align-center","29":"woocommerce-image-align-center","30":"do-quantity-buttons","32":"first","33":"instock","34":"sale","35":"taxable","36":"shipping-taxable","37":"purchasable","38":"product-type-simple"},"acf":[],"_links":{"self":[{"href":"https:\/\/lediamant.ch\/de\/wp-json\/wp\/v2\/product\/159024","targetHints":{"allow":["GET"]}}],"collection":[{"href":"https:\/\/lediamant.ch\/de\/wp-json\/wp\/v2\/product"}],"about":[{"href":"https:\/\/lediamant.ch\/de\/wp-json\/wp\/v2\/types\/product"}],"wp:featuredmedia":[{"embeddable":true,"href":"https:\/\/lediamant.ch\/de\/wp-json\/wp\/v2\/media\/159012"}],"wp:attachment":[{"href":"https:\/\/lediamant.ch\/de\/wp-json\/wp\/v2\/media?parent=159024"}],"wp:term":[{"taxonomy":"brand","embeddable":true,"href":"https:\/\/lediamant.ch\/de\/wp-json\/wp\/v2\/brand?post=159024"},{"taxonomy":"product_brand","embeddable":true,"href":"https:\/\/lediamant.ch\/de\/wp-json\/wp\/v2\/product_brand?post=159024"},{"taxonomy":"product_cat","embeddable":true,"href":"https:\/\/lediamant.ch\/de\/wp-json\/wp\/v2\/product_cat?post=159024"},{"taxonomy":"product_tag","embeddable":true,"href":"https:\/\/lediamant.ch\/de\/wp-json\/wp\/v2\/product_tag?post=159024"}],"curies":[{"name":"wp","href":"https:\/\/api.w.org\/{rel}","templated":true}]}}