{"id":159050,"date":"2022-02-09T12:02:16","date_gmt":"2022-02-09T11:02:16","guid":{"rendered":"https:\/\/lediamant.ch\/produit\/uhren-de\/maurice-lacroix-de\/aikon-auto-de\/maurice-lacroix-aikon-automatic-chronograph-44mm-blau-blaues-kautschukarmband\/"},"modified":"2024-12-13T13:40:20","modified_gmt":"2024-12-13T12:40:20","slug":"maurice-lacroix-aikon-automatic-chronograph-44mm-blau-blaues-kautschukarmband","status":"publish","type":"product","link":"https:\/\/lediamant.ch\/de\/uhren\/159050-maurice-lacroix-aikon-automatic-chronograph-44mm-blau-blaues-kautschukarmband\/","title":{"rendered":"Maurice Lacroix AIKON Automatic Chronograph 44mm"},"content":{"rendered":"<p>Alle Besitzer einer AIKON-Uhr sind seit Jahren von dem System zum einfachen Wechseln des Armbands begeistert. Es erm\u00f6glicht den einfachen Austausch des Metallarmbands gegen ein Lederarmband oder umgekehrt, ohne dass daf\u00fcr Werkzeuge ben\u00f6tigt werden. Maurice Lacroix setzt auf diese Vielseitigkeit und f\u00fchrt eine neue Reihe von Armb\u00e4ndern ein, die aus FKM-Kautschuk bestehen. Diese Art von Kautschuk ist besonders flexibel und bietet dem Tr\u00e4ger einen hohen Tragekomfort. Au\u00dferdem ist es sehr verschlei\u00dffest und weniger anf\u00e4llig f\u00fcr Farbver\u00e4nderungen.<\/p>\n<p>Die neuen Kautschukarmb\u00e4nder haben eine Mittelreihe mit dem Clous de Paris-Muster, das an das Muster des Zifferblatts angelehnt ist. Entlang dieser Mittelreihe verlaufen zwei vertiefte Gliederketten, die mit den Henkeln des Geh\u00e4uses ausgerichtet sind. Die Armb\u00e4nder sind in verschiedenen Farben erh\u00e4ltlich, die eine Vielzahl von Kombinationsm\u00f6glichkeiten mit den Farben des Zifferblatts bieten. Alle Armb\u00e4nder sind mit einer Dornschlie\u00dfe aus Stahl mit dem M-Logo von Maurice Lacroix versehen.<\/p>\n","protected":false},"excerpt":{"rendered":"<p>Alle Besitzer einer AIKON-Uhr sind seit Jahren von dem System zum einfachen Wechseln des Armbands begeistert. Es erm\u00f6glicht den einfachen Austausch des Metallarmbands gegen ein Lederarmband oder umgekehrt, ohne dass daf\u00fcr Werkzeuge ben\u00f6tigt werden. Maurice Lacroix setzt auf diese Vielseitigkeit und f\u00fchrt eine neue Reihe von Armb\u00e4ndern ein, die aus FKM-Kautschuk bestehen. Diese Art von &#8230; <a title=\"Maurice Lacroix AIKON Automatic Chronograph 44mm\" class=\"read-more\" href=\"https:\/\/lediamant.ch\/de\/uhren\/159050-maurice-lacroix-aikon-automatic-chronograph-44mm-blau-blaues-kautschukarmband\/\" aria-label=\"Mehr Informationen \u00fcber Maurice Lacroix AIKON Automatic Chronograph 44mm\">Weiterlesen &#8230;<\/a><\/p>\n","protected":false},"featured_media":159048,"template":"","meta":{"_acf_changed":false,"_seopress_robots_primary_cat":"27149","_seopress_titles_title":"%%post_title%%","_seopress_titles_desc":"Entdecken Sie die neuen FKM-Kautschukarmb\u00e4nder f\u00fcr AIKON Uhren mit einfacher Wechselmechanik und Clous de Paris-Muster f\u00fcr h\u00f6chsten Komfort und Stil.","_seopress_robots_index":""},"brand":[27103],"product_brand":[],"product_cat":[27123,27149,27205],"product_tag":[],"class_list":{"0":"post-159050","1":"product","2":"type-product","3":"status-publish","4":"has-post-thumbnail","6":"brand-mauricelacroix-de","7":"product_cat-uhren","8":"product_cat-maurice-lacroix-de","9":"product_cat-aikon-de","10":"pa_couleurduboitier-grau-de","11":"pa_couleurdubracelet-blau-de","12":"pa_couleurducadran-blau","13":"pa_etancheite-200m-de","14":"pa_forme-runden","15":"pa_garantie-24monate","16":"pa_genre-mann","17":"pa_matiere-stahl","18":"pa_matierebraceletmontre-kautschuk","19":"pa_mouvement-automatik-de","20":"pa_swissmade-ja-de","21":"pa_typedemontre-chronograph-de","22":"pa_verre-saphir-de","23":"sales-flash-overlay","24":"woocommerce-text-align-center","25":"woocommerce-image-align-center","26":"do-quantity-buttons","28":"first","29":"instock","30":"taxable","31":"shipping-taxable","32":"purchasable","33":"product-type-simple"},"acf":[],"_links":{"self":[{"href":"https:\/\/lediamant.ch\/de\/wp-json\/wp\/v2\/product\/159050","targetHints":{"allow":["GET"]}}],"collection":[{"href":"https:\/\/lediamant.ch\/de\/wp-json\/wp\/v2\/product"}],"about":[{"href":"https:\/\/lediamant.ch\/de\/wp-json\/wp\/v2\/types\/product"}],"wp:featuredmedia":[{"embeddable":true,"href":"https:\/\/lediamant.ch\/de\/wp-json\/wp\/v2\/media\/159048"}],"wp:attachment":[{"href":"https:\/\/lediamant.ch\/de\/wp-json\/wp\/v2\/media?parent=159050"}],"wp:term":[{"taxonomy":"brand","embeddable":true,"href":"https:\/\/lediamant.ch\/de\/wp-json\/wp\/v2\/brand?post=159050"},{"taxonomy":"product_brand","embeddable":true,"href":"https:\/\/lediamant.ch\/de\/wp-json\/wp\/v2\/product_brand?post=159050"},{"taxonomy":"product_cat","embeddable":true,"href":"https:\/\/lediamant.ch\/de\/wp-json\/wp\/v2\/product_cat?post=159050"},{"taxonomy":"product_tag","embeddable":true,"href":"https:\/\/lediamant.ch\/de\/wp-json\/wp\/v2\/product_tag?post=159050"}],"curies":[{"name":"wp","href":"https:\/\/api.w.org\/{rel}","templated":true}]}}