{"id":159078,"date":"2022-02-09T18:12:05","date_gmt":"2022-02-09T17:12:05","guid":{"rendered":"https:\/\/lediamant.ch\/produit\/geschenkideen-de\/valentinstag-de\/auswahl-fuer-ihn-de\/maurice-lacroix-aikon-auto-date-42mm-schwarz-schwarzes-kautschukarmband\/"},"modified":"2025-12-05T16:46:43","modified_gmt":"2025-12-05T15:46:43","slug":"maurice-lacroix-aikon-auto-date-42mm-noir-bracelet-en-caoutchouc-noir","status":"publish","type":"product","link":"https:\/\/lediamant.ch\/de\/uhren\/159078-maurice-lacroix-aikon-auto-date-42mm-schwarz-schwarzes-kautschukarmband-ai6008-ss000-330-2\/","title":{"rendered":"Maurice Lacroix AIKON Auto Date 42mm"},"content":{"rendered":"<p>Alle Besitzer von AIKON-Uhren loben seit Jahren das System zum einfachen Wechseln des Armbands. Dieser erm\u00f6glicht es, das Metallarmband einfach gegen ein Lederarmband oder umgekehrt auszutauschen, ohne auch nur ein einziges Werkzeug benutzen zu m\u00fcssen. Maurice Lacroix surft auf dieser Vielseitigkeit, indem er eine neue Reihe von Armb\u00e4ndern einf\u00fchrt, die aus FKM-Kautschuk bestehen. Diese Art von Gummi bietet eine erh\u00f6hte Flexibilit\u00e4t, die dem Benutzer einen hohen Komfort bietet. Es garantiert au\u00dferdem eine hohe Abriebfestigkeit und seine Farbe ist weniger anf\u00e4llig f\u00fcr das Ausbleichen.<\/p>\n<p>Die neuen Kautschukarmb\u00e4nder verf\u00fcgen \u00fcber eine mittlere Reihe, die mit dem Clous de Paris-Muster verziert ist, das ein Echo des Musters auf dem Zifferblatt darstellt. Entlang dieser mittleren Reihe verlaufen zwei vertiefte Gliederungen, die mit den Henkeln des Geh\u00e4uses ausgerichtet sind. Es werden mehrere Armbandfarben angeboten, die eine Vielzahl von Kombinationsm\u00f6glichkeiten mit den Farben des Zifferblatts bieten. Alle Armb\u00e4nder verf\u00fcgen \u00fcber eine Dornschlie\u00dfe aus Stahl mit dem M-Logo von Maurice Lacroix.<\/p>\n","protected":false},"excerpt":{"rendered":"<p>Alle Besitzer von AIKON-Uhren loben seit Jahren das System zum einfachen Wechseln des Armbands. Dieser erm\u00f6glicht es, das Metallarmband einfach gegen ein Lederarmband oder umgekehrt auszutauschen, ohne auch nur ein einziges Werkzeug benutzen zu m\u00fcssen. Maurice Lacroix surft auf dieser Vielseitigkeit, indem er eine neue Reihe von Armb\u00e4ndern einf\u00fchrt, die aus FKM-Kautschuk bestehen. Diese Art &#8230; <a title=\"Maurice Lacroix AIKON Auto Date 42mm\" class=\"read-more\" href=\"https:\/\/lediamant.ch\/de\/uhren\/159078-maurice-lacroix-aikon-auto-date-42mm-schwarz-schwarzes-kautschukarmband-ai6008-ss000-330-2\/\" aria-label=\"Mehr Informationen \u00fcber Maurice Lacroix AIKON Auto Date 42mm\">Weiterlesen &#8230;<\/a><\/p>\n","protected":false},"featured_media":159076,"template":"","meta":{"_acf_changed":false,"_seopress_robots_primary_cat":"27148","_seopress_titles_title":"%%post_title%%","_seopress_titles_desc":"Entdecken Sie die neuen FKM-Kautschukarmb\u00e4nder f\u00fcr AIKON Uhren, die Komfort und Widerstandsf\u00e4higkeit mit einem eleganten und anpassbaren Design verbinden.","_seopress_robots_index":""},"brand":[27103],"product_brand":[],"product_cat":[27205,27149,27123],"product_tag":[],"class_list":{"0":"post-159078","1":"product","2":"type-product","3":"status-publish","4":"has-post-thumbnail","6":"brand-mauricelacroix-de","7":"product_cat-aikon-de","8":"product_cat-maurice-lacroix-de","9":"product_cat-uhren","10":"pa_couleurduboitier-grau-de","11":"pa_couleurdubracelet-schwarz-de","12":"pa_couleurducadran-schwarz","13":"pa_etancheite-200m-de","14":"pa_forme-runden","15":"pa_garantie-24monate","16":"pa_genre-mann","17":"pa_matiere-stahl","18":"pa_matierebraceletmontre-kautschuk","19":"pa_mouvement-automatik-de","20":"pa_swissmade-ja-de","21":"pa_verre-saphir-de","22":"sales-flash-overlay","23":"woocommerce-text-align-center","24":"woocommerce-image-align-center","25":"do-quantity-buttons","27":"first","28":"instock","29":"taxable","30":"shipping-taxable","31":"purchasable","32":"product-type-simple"},"acf":[],"_links":{"self":[{"href":"https:\/\/lediamant.ch\/de\/wp-json\/wp\/v2\/product\/159078","targetHints":{"allow":["GET"]}}],"collection":[{"href":"https:\/\/lediamant.ch\/de\/wp-json\/wp\/v2\/product"}],"about":[{"href":"https:\/\/lediamant.ch\/de\/wp-json\/wp\/v2\/types\/product"}],"wp:featuredmedia":[{"embeddable":true,"href":"https:\/\/lediamant.ch\/de\/wp-json\/wp\/v2\/media\/159076"}],"wp:attachment":[{"href":"https:\/\/lediamant.ch\/de\/wp-json\/wp\/v2\/media?parent=159078"}],"wp:term":[{"taxonomy":"brand","embeddable":true,"href":"https:\/\/lediamant.ch\/de\/wp-json\/wp\/v2\/brand?post=159078"},{"taxonomy":"product_brand","embeddable":true,"href":"https:\/\/lediamant.ch\/de\/wp-json\/wp\/v2\/product_brand?post=159078"},{"taxonomy":"product_cat","embeddable":true,"href":"https:\/\/lediamant.ch\/de\/wp-json\/wp\/v2\/product_cat?post=159078"},{"taxonomy":"product_tag","embeddable":true,"href":"https:\/\/lediamant.ch\/de\/wp-json\/wp\/v2\/product_tag?post=159078"}],"curies":[{"name":"wp","href":"https:\/\/api.w.org\/{rel}","templated":true}]}}