{"id":159098,"date":"2022-02-11T18:17:02","date_gmt":"2022-02-11T17:17:02","guid":{"rendered":"https:\/\/lediamant.ch\/produit\/geschenkideen-de\/valentinstag-de\/auswahl-fuer-ihn-de\/maurice-lacroix-aikon-auto-date-42mm-gruen-stahlarmband\/"},"modified":"2025-12-05T16:46:47","modified_gmt":"2025-12-05T15:46:47","slug":"maurice-lacroix-aikon-auto-date-42mm-vert-bracelet-en-acier","status":"publish","type":"product","link":"https:\/\/lediamant.ch\/de\/uhren\/159098-maurice-lacroix-aikon-auto-date-42mm-gruen-stahlarmband-ai6008-ss002-630-1\/","title":{"rendered":"Maurice Lacroix AIKON Auto Date 42mm Stahl"},"content":{"rendered":"<p>Seit Maurice Lacroix im Jahr 2016 seine ersten AIKON-Modelle enth\u00fcllte, hat das Unternehmen nie aufgeh\u00f6rt, seinen Kunden zuzuh\u00f6ren, neue Ideen zu entwickeln und neue Versionen dieser ikonischen Uhr zu enth\u00fcllen. Beide Geh\u00e4usegr\u00f6\u00dfen sind jetzt mit einem Metallarmband oder mit einem Leder- oder Kautschukarmband erh\u00e4ltlich. F\u00fcr Kunden, die die bemerkenswerte Vielseitigkeit der AIKON nutzen m\u00f6chten, sind au\u00dferdem Gurtsets erh\u00e4ltlich.  <\/p>\n<p>Diese Neuzug\u00e4nge in der AIKON-Familie setzen den Ruf von Maurice Lacroix f\u00fcr urbanes Design und hohe Wertsch\u00e4tzung fort. Heute bietet Maurice Lacroix mehr Auswahl als je zuvor. Es ist an der Zeit, dass Sie sich f\u00fcr Ihren Lieblings-AIKON entscheiden.  <\/p>\n","protected":false},"excerpt":{"rendered":"<p>Seit Maurice Lacroix im Jahr 2016 seine ersten AIKON-Modelle enth\u00fcllte, hat das Unternehmen nie aufgeh\u00f6rt, seinen Kunden zuzuh\u00f6ren, neue Ideen zu entwickeln und neue Versionen dieser ikonischen Uhr zu enth\u00fcllen. Beide Geh\u00e4usegr\u00f6\u00dfen sind jetzt mit einem Metallarmband oder mit einem Leder- oder Kautschukarmband erh\u00e4ltlich. F\u00fcr Kunden, die die bemerkenswerte Vielseitigkeit der AIKON nutzen m\u00f6chten, sind &#8230; <a title=\"Maurice Lacroix AIKON Auto Date 42mm Stahl\" class=\"read-more\" href=\"https:\/\/lediamant.ch\/de\/uhren\/159098-maurice-lacroix-aikon-auto-date-42mm-gruen-stahlarmband-ai6008-ss002-630-1\/\" aria-label=\"Mehr Informationen \u00fcber Maurice Lacroix AIKON Auto Date 42mm Stahl\">Weiterlesen &#8230;<\/a><\/p>\n","protected":false},"featured_media":159096,"template":"","meta":{"_acf_changed":false,"_seopress_robots_primary_cat":"27148","_seopress_titles_title":"%%post_title%%","_seopress_titles_desc":"Entdecken Sie die Vielseitigkeit und das urbane Design der AIKON Uhren von Maurice Lacroix. W\u00e4hlen Sie zwischen Metall-, Leder- oder Kautschukarmb\u00e4ndern. Finden Sie Ihre AIKON!  ","_seopress_robots_index":""},"brand":[27103],"product_brand":[],"product_cat":[27205,27149,27123],"product_tag":[],"class_list":{"0":"post-159098","1":"product","2":"type-product","3":"status-publish","4":"has-post-thumbnail","6":"brand-mauricelacroix-de","7":"product_cat-aikon-de","8":"product_cat-maurice-lacroix-de","9":"product_cat-uhren","10":"pa_couleurduboitier-grau-de","11":"pa_couleurducadran-grun","12":"pa_etancheite-200m-de","13":"pa_forme-runden","14":"pa_garantie-24monate","15":"pa_genre-mann","16":"pa_matiere-stahl","17":"pa_matierebraceletmontre-edelstahl","18":"pa_mouvement-automatik-de","19":"pa_swissmade-ja-de","20":"pa_verre-saphir-de","21":"sales-flash-overlay","22":"woocommerce-text-align-center","23":"woocommerce-image-align-center","24":"do-quantity-buttons","26":"first","27":"instock","28":"taxable","29":"shipping-taxable","30":"purchasable","31":"product-type-simple"},"acf":[],"_links":{"self":[{"href":"https:\/\/lediamant.ch\/de\/wp-json\/wp\/v2\/product\/159098","targetHints":{"allow":["GET"]}}],"collection":[{"href":"https:\/\/lediamant.ch\/de\/wp-json\/wp\/v2\/product"}],"about":[{"href":"https:\/\/lediamant.ch\/de\/wp-json\/wp\/v2\/types\/product"}],"wp:featuredmedia":[{"embeddable":true,"href":"https:\/\/lediamant.ch\/de\/wp-json\/wp\/v2\/media\/159096"}],"wp:attachment":[{"href":"https:\/\/lediamant.ch\/de\/wp-json\/wp\/v2\/media?parent=159098"}],"wp:term":[{"taxonomy":"brand","embeddable":true,"href":"https:\/\/lediamant.ch\/de\/wp-json\/wp\/v2\/brand?post=159098"},{"taxonomy":"product_brand","embeddable":true,"href":"https:\/\/lediamant.ch\/de\/wp-json\/wp\/v2\/product_brand?post=159098"},{"taxonomy":"product_cat","embeddable":true,"href":"https:\/\/lediamant.ch\/de\/wp-json\/wp\/v2\/product_cat?post=159098"},{"taxonomy":"product_tag","embeddable":true,"href":"https:\/\/lediamant.ch\/de\/wp-json\/wp\/v2\/product_tag?post=159098"}],"curies":[{"name":"wp","href":"https:\/\/api.w.org\/{rel}","templated":true}]}}