{"id":159178,"date":"2022-11-09T18:30:13","date_gmt":"2022-11-09T17:30:13","guid":{"rendered":"https:\/\/lediamant.ch\/produit\/uhren-de\/tissot-de\/tissot-t-classic-de\/tissot-prx-quartz-de\/tissot-prx-5\/"},"modified":"2024-02-13T13:46:11","modified_gmt":"2024-02-13T12:46:11","slug":"tissot-prx-5","status":"publish","type":"product","link":"https:\/\/lediamant.ch\/de\/uhren\/159178-tissot-prx-t1374103302100\/","title":{"rendered":"Tissot PRX 40 mm"},"content":{"rendered":"<p>1978 entwarf Tissot ein Quarzmodell mit einem schlanken Geh\u00e4use, feinen Indizes und einem Stahlarmband. Seine f\u00fcr die damalige Zeit typischen breiten und horizontalen H\u00f6rner f\u00fcgten sich perfekt in das flache, tonnenf\u00f6rmige Geh\u00e4use ein. Einige Jahre sp\u00e4ter lie\u00df Tissot den Namen PRX registrieren. &#8222;PR&#8220; steht f\u00fcr &#8222;pr\u00e4zise&#8220; und &#8222;robust&#8220;. Das &#8222;X&#8220; steht f\u00fcr die r\u00f6mische Zahl zehn und den Druck von 10 bar, was einer Tiefe von 100 Metern entspricht, bis zu der die Uhr wasserdicht bleibt. Im Jahr 2021 stellte Tissot die neue PRX als moderne Interpretation des Vorg\u00e4ngermodells vor. Das Geh\u00e4use der Tissot PRX aus 316L-Edelstahl hat einen Durchmesser von 40 mm. Es hat eine leichte Tonneau-Form und ist mit einer schmalen, runden L\u00fcnette verziert. Vertikal geb\u00fcrstete und abgerundete Finishes wechseln sich mit polierten Facetten an den Seiten ab. Die Tissot PRX verf\u00fcgt \u00fcber ein Zifferblatt mit vernickelten Indizes und Zeigern. Die Linien des Geh\u00e4uses setzen sich direkt im Armband fort, ohne die Verwendung traditioneller H\u00f6rner. Seine Geschmeidigkeit und macht es zu einer ergonomischen Meisterleistung und sorgt f\u00fcr einen au\u00dfergew\u00f6hnlichen Tragekomfort. Das satinierte Finish auf der Au\u00dfenseite ist ebenso sorgf\u00e4ltig verarbeitet wie die polierten Innenfl\u00e4chen. Die Zeiger der Tissot PRX sind mit SuperLumiNova\u00ae beschichtet und liegen mit nur einem sehr kleinen Spalt \u00fcbereinander. Dadurch wird das Zifferblatt n\u00e4her an das Uhrenglas gebracht. Der von den Tissot-Designern erzielte optische Effekt l\u00e4sst das Uhrengeh\u00e4use noch flacher und d\u00fcnner erscheinen, als es in Wirklichkeit ist. Die Uhr verf\u00fcgt \u00fcber ein kratzfestes Saphirglas und ein pr\u00e4zises und zuverl\u00e4ssiges Swiss-Made-Quarzwerk. Diese Version der Tissot PRX hat ein Geh\u00e4use aus 316L-Edelstahl mit PVD-Beschichtung in Gelbgold, ein Zifferblatt und Indizes mit Sonnenschliff in Gelbgold und ein Armband aus 316L-Edelstahl mit PVD-Beschichtung in Gelbgold mit Butterfly-Druckknopfschlie\u00dfe.<\/p>\n","protected":false},"excerpt":{"rendered":"<p>1978 entwarf Tissot ein Quarzmodell mit einem schlanken Geh\u00e4use, feinen Indizes und einem Stahlarmband. Seine f\u00fcr die damalige Zeit typischen breiten und horizontalen H\u00f6rner f\u00fcgten sich perfekt in das flache, tonnenf\u00f6rmige Geh\u00e4use ein. Einige Jahre sp\u00e4ter lie\u00df Tissot den Namen PRX registrieren. &#8222;PR&#8220; steht f\u00fcr &#8222;pr\u00e4zise&#8220; und &#8222;robust&#8220;. Das &#8222;X&#8220; steht f\u00fcr die r\u00f6mische Zahl &#8230; <a title=\"Tissot PRX 40 mm\" class=\"read-more\" href=\"https:\/\/lediamant.ch\/de\/uhren\/159178-tissot-prx-t1374103302100\/\" aria-label=\"Mehr Informationen \u00fcber Tissot PRX 40 mm\">Weiterlesen &#8230;<\/a><\/p>\n","protected":false},"featured_media":159168,"template":"","meta":{"_acf_changed":false,"_seopress_robots_primary_cat":"","_seopress_titles_title":"","_seopress_titles_desc":"","_seopress_robots_index":""},"brand":[27087],"product_brand":[],"product_cat":[27159,27389,27123],"product_tag":[],"class_list":{"0":"post-159178","1":"product","2":"type-product","3":"status-publish","4":"has-post-thumbnail","6":"brand-tissot-de","7":"product_cat-tissot-de","8":"product_cat-tissot-prx","9":"product_cat-uhren","10":"pa_couleurduboitier-gelb-de","11":"pa_couleurdubracelet-gelb-de","12":"pa_couleurducadran-champagner","13":"pa_etancheite-100m-de","14":"pa_garantie-24monate","15":"pa_genre-mann","16":"pa_matiere-gelbgoldpvd","17":"pa_matierebraceletmontre-edelstahl","18":"pa_mouvement-quarzbatterie-de","19":"pa_swissmade-ja-de","20":"sales-flash-overlay","21":"woocommerce-text-align-center","22":"woocommerce-image-align-center","23":"do-quantity-buttons","25":"first","26":"instock","27":"taxable","28":"shipping-taxable","29":"purchasable","30":"product-type-simple"},"acf":[],"_links":{"self":[{"href":"https:\/\/lediamant.ch\/de\/wp-json\/wp\/v2\/product\/159178","targetHints":{"allow":["GET"]}}],"collection":[{"href":"https:\/\/lediamant.ch\/de\/wp-json\/wp\/v2\/product"}],"about":[{"href":"https:\/\/lediamant.ch\/de\/wp-json\/wp\/v2\/types\/product"}],"wp:featuredmedia":[{"embeddable":true,"href":"https:\/\/lediamant.ch\/de\/wp-json\/wp\/v2\/media\/159168"}],"wp:attachment":[{"href":"https:\/\/lediamant.ch\/de\/wp-json\/wp\/v2\/media?parent=159178"}],"wp:term":[{"taxonomy":"brand","embeddable":true,"href":"https:\/\/lediamant.ch\/de\/wp-json\/wp\/v2\/brand?post=159178"},{"taxonomy":"product_brand","embeddable":true,"href":"https:\/\/lediamant.ch\/de\/wp-json\/wp\/v2\/product_brand?post=159178"},{"taxonomy":"product_cat","embeddable":true,"href":"https:\/\/lediamant.ch\/de\/wp-json\/wp\/v2\/product_cat?post=159178"},{"taxonomy":"product_tag","embeddable":true,"href":"https:\/\/lediamant.ch\/de\/wp-json\/wp\/v2\/product_tag?post=159178"}],"curies":[{"name":"wp","href":"https:\/\/api.w.org\/{rel}","templated":true}]}}