{"id":159252,"date":"2022-11-09T18:30:02","date_gmt":"2022-11-09T17:30:02","guid":{"rendered":"https:\/\/lediamant.ch\/produit\/uhren-de\/tissot-de\/tissot-t-classic-de\/tissot-prx-quartz-de\/tissot-prx-35mm-5\/"},"modified":"2022-11-09T18:30:02","modified_gmt":"2022-11-09T17:30:02","slug":"tissot-prx-35mm-5","status":"publish","type":"product","link":"https:\/\/lediamant.ch\/de\/uhren\/159252-tissot-prx-35mm-5\/","title":{"rendered":"Tissot PRX 35mm"},"content":{"rendered":"<p>1978 entwarf Tissot ein Quarzmodell mit einem schlanken Geh\u00e4use, feinen Indizes und einem Stahlarmband. Seine f\u00fcr die damalige Zeit typischen breiten und horizontalen H\u00f6rner f\u00fcgten sich perfekt in das flache, tonnenf\u00f6rmige Geh\u00e4use ein. Einige Jahre sp\u00e4ter lie\u00df Tissot den Namen PRX registrieren. &#8222;PR&#8220; steht f\u00fcr &#8222;pr\u00e4zise&#8220; und &#8222;robust&#8220;. Das &#8222;X&#8220; steht f\u00fcr die r\u00f6mische Zahl zehn und den Druck von 10 bar, was einer Tiefe von 100 Metern entspricht, bis zu der die Uhr wasserdicht bleibt. Im Jahr 2021 stellte Tissot die neue PRX als moderne Interpretation des Vorg\u00e4ngermodells vor. Das Geh\u00e4use der Tissot PRX 35 mm besteht aus 316L-Edelstahl und hat einen Durchmesser von 35 mm. Es hat eine leichte Tonneau-Form und ist mit einer schmalen, runden L\u00fcnette verziert. Vertikal geb\u00fcrstete und abgerundete Finishes wechseln sich mit polierten Facetten an den Seiten ab. Die Tissot PRX 35 mm verf\u00fcgt \u00fcber ein Zifferblatt mit vernickelten Indizes und Zeigern. Die Linien des Geh\u00e4uses setzen sich direkt im Armband fort, ohne die Verwendung traditioneller H\u00f6rner. Sein auff\u00e4lligstes Merkmal ist die Reihe gro\u00dfer Glieder, die die gesamte Breite einnehmen. Ihre Flexibilit\u00e4t macht sie zu einer ergonomischen Meisterleistung und sorgt f\u00fcr einen au\u00dfergew\u00f6hnlichen Tragekomfort. Die satinierte Oberfl\u00e4che auf der Au\u00dfenseite ist ebenso sorgf\u00e4ltig verarbeitet wie die Politur der Innenfl\u00e4chen. Die Zeiger der Tissot PRX 35 mm haben eine SuperLumiNova\u00ae-Beschichtung und sind mit sehr geringen Abst\u00e4nden \u00fcbereinander angeordnet. Dadurch wird das Zifferblatt n\u00e4her an das Uhrenglas gebracht. Der von den Tissot-Designern erzielte optische Effekt l\u00e4sst das Uhrengeh\u00e4use noch flacher und d\u00fcnner erscheinen, als es in Wirklichkeit ist. Die Uhr verf\u00fcgt \u00fcber ein kratzfestes Saphirglas und ein pr\u00e4zises und zuverl\u00e4ssiges Swiss-Made-Quarzwerk.<\/p>\n","protected":false},"excerpt":{"rendered":"<p>1978 entwarf Tissot ein Quarzmodell mit einem schlanken Geh\u00e4use, feinen Indizes und einem Stahlarmband. Seine f\u00fcr die damalige Zeit typischen breiten und horizontalen H\u00f6rner f\u00fcgten sich perfekt in das flache, tonnenf\u00f6rmige Geh\u00e4use ein. Einige Jahre sp\u00e4ter lie\u00df Tissot den Namen PRX registrieren. &#8222;PR&#8220; steht f\u00fcr &#8222;pr\u00e4zise&#8220; und &#8222;robust&#8220;. Das &#8222;X&#8220; steht f\u00fcr die r\u00f6mische Zahl &#8230; <a title=\"Tissot PRX 35mm\" class=\"read-more\" href=\"https:\/\/lediamant.ch\/de\/uhren\/159252-tissot-prx-35mm-5\/\" aria-label=\"Mehr Informationen \u00fcber Tissot PRX 35mm\">Weiterlesen &#8230;<\/a><\/p>\n","protected":false},"featured_media":159240,"template":"","meta":{"_acf_changed":false,"_seopress_robots_primary_cat":"","_seopress_titles_title":"","_seopress_titles_desc":"","_seopress_robots_index":""},"brand":[27087],"product_brand":[],"product_cat":[27159,27389,27123],"product_tag":[],"class_list":{"0":"post-159252","1":"product","2":"type-product","3":"status-publish","4":"has-post-thumbnail","6":"brand-tissot-de","7":"product_cat-tissot-de","8":"product_cat-tissot-prx","9":"product_cat-uhren","10":"pa_couleurduboitier-gelb-de","11":"pa_couleurdubracelet-gelb-de","12":"pa_couleurducadran-champagner","13":"pa_etancheite-100m-de","14":"pa_genre-frau","15":"pa_genre-mann","16":"pa_matiere-gelbgoldpvd","17":"pa_matierebraceletmontre-edelstahl","18":"pa_mouvement-quarzbatterie-de","19":"sales-flash-overlay","20":"woocommerce-text-align-center","21":"woocommerce-image-align-center","22":"do-quantity-buttons","24":"first","25":"instock","26":"taxable","27":"shipping-taxable","28":"purchasable","29":"product-type-simple"},"acf":[],"_links":{"self":[{"href":"https:\/\/lediamant.ch\/de\/wp-json\/wp\/v2\/product\/159252","targetHints":{"allow":["GET"]}}],"collection":[{"href":"https:\/\/lediamant.ch\/de\/wp-json\/wp\/v2\/product"}],"about":[{"href":"https:\/\/lediamant.ch\/de\/wp-json\/wp\/v2\/types\/product"}],"wp:featuredmedia":[{"embeddable":true,"href":"https:\/\/lediamant.ch\/de\/wp-json\/wp\/v2\/media\/159240"}],"wp:attachment":[{"href":"https:\/\/lediamant.ch\/de\/wp-json\/wp\/v2\/media?parent=159252"}],"wp:term":[{"taxonomy":"brand","embeddable":true,"href":"https:\/\/lediamant.ch\/de\/wp-json\/wp\/v2\/brand?post=159252"},{"taxonomy":"product_brand","embeddable":true,"href":"https:\/\/lediamant.ch\/de\/wp-json\/wp\/v2\/product_brand?post=159252"},{"taxonomy":"product_cat","embeddable":true,"href":"https:\/\/lediamant.ch\/de\/wp-json\/wp\/v2\/product_cat?post=159252"},{"taxonomy":"product_tag","embeddable":true,"href":"https:\/\/lediamant.ch\/de\/wp-json\/wp\/v2\/product_tag?post=159252"}],"curies":[{"name":"wp","href":"https:\/\/api.w.org\/{rel}","templated":true}]}}