{"id":159266,"date":"2022-02-28T01:03:21","date_gmt":"2022-02-28T00:03:21","guid":{"rendered":"https:\/\/lediamant.ch\/produit\/uhren-de\/tissot-de\/tissot-t-classic-de\/tissot-prx-automatik-de\/tissot-prx-powermatic-80-4\/"},"modified":"2022-02-28T01:03:21","modified_gmt":"2022-02-28T00:03:21","slug":"tissot-prx-powermatic-80-4","status":"publish","type":"product","link":"https:\/\/lediamant.ch\/de\/uhren\/159266-tissot-prx-powermatic-80-4\/","title":{"rendered":"Tissot PRX Powermatic 80"},"content":{"rendered":"<p>1978 entwarf Tissot ein Quarzmodell mit einem schlanken Geh\u00e4use, feinen Indizes und einem Stahlarmband. Seine f\u00fcr die damalige Zeit typischen breiten und horizontalen H\u00f6rner f\u00fcgten sich perfekt in das flache, tonnenf\u00f6rmige Geh\u00e4use ein. Einige Jahre sp\u00e4ter lie\u00df Tissot den Namen PRX registrieren. &#8222;PR&#8220; steht f\u00fcr &#8222;pr\u00e4zise&#8220; und &#8222;robust&#8220;. Das &#8222;X&#8220; steht f\u00fcr die r\u00f6mische Zahl zehn und den Druck von 10 bar, was einer Tiefe von 100 Metern entspricht, bis zu der die Uhr wasserdicht bleibt. Im Jahr 2021 stellte Tissot die neue PRX als moderne Interpretation des Vorg\u00e4ngermodells vor. Das Geh\u00e4use der Tissot PRX aus 316L-Edelstahl hat einen Durchmesser von 40 mm. Es hat eine leichte Tonneau-Form und ist mit einer schmalen, runden L\u00fcnette verziert. Vertikal geb\u00fcrstete und abgerundete Finishes wechseln sich mit polierten Facetten an den Seiten ab. Die Tissot PRX Powermatic 80 hat ein Zifferblatt mit Wabenmuster. Die Linien des Geh\u00e4uses setzen sich direkt im Armband fort, ohne die Verwendung traditioneller H\u00f6rner. Seine Flexibilit\u00e4t und Geschmeidigkeit machen es zu einer ergonomischen Meisterleistung und sorgen f\u00fcr einen au\u00dfergew\u00f6hnlichen Tragekomfort. Die satinierte Oberfl\u00e4che an der Au\u00dfenseite ist ebenso sorgf\u00e4ltig verarbeitet wie die Politur der Innenfl\u00e4chen. Die Zeiger der Tissot PRX Powermatic 80 haben eine SuperLumiNova\u00ae-Beschichtung und sind mit nur einem sehr kleinen Zwischenraum \u00fcbereinander angeordnet. Dadurch wird das Zifferblatt n\u00e4her an das Uhrenglas gebracht. Der von den Tissot-Designern erzielte optische Effekt l\u00e4sst das Uhrengeh\u00e4use noch flacher und d\u00fcnner erscheinen, als es in Wirklichkeit ist. Die Uhr hat ein kratzfestes, entspiegeltes Saphirglas und einen Boden aus Mineralglas. Ihr Swiss Made Automatikwerk mit einer Gangreserve von bis zu 80 Stunden ist mit einer Nivachron-Spiralfeder ausgestattet, die f\u00fcr ihre hervorragende Best\u00e4ndigkeit gegen\u00fcber Magnetfeldern bekannt ist. Diese Version der Tissot PRX Powermatic 80 hat ein blaues Zifferblatt mit Indizes und ein blaues Lederarmband mit Dornschlie\u00dfe.<\/p><\/p>\n","protected":false},"excerpt":{"rendered":"<p>1978 entwarf Tissot ein Quarzmodell mit einem schlanken Geh\u00e4use, feinen Indizes und einem Stahlarmband. Seine f\u00fcr die damalige Zeit typischen breiten und horizontalen H\u00f6rner f\u00fcgten sich perfekt in das flache, tonnenf\u00f6rmige Geh\u00e4use ein. Einige Jahre sp\u00e4ter lie\u00df Tissot den Namen PRX registrieren. &#8222;PR&#8220; steht f\u00fcr &#8222;pr\u00e4zise&#8220; und &#8222;robust&#8220;. Das &#8222;X&#8220; steht f\u00fcr die r\u00f6mische Zahl &#8230; <a title=\"Tissot PRX Powermatic 80\" class=\"read-more\" href=\"https:\/\/lediamant.ch\/de\/uhren\/159266-tissot-prx-powermatic-80-4\/\" aria-label=\"Mehr Informationen \u00fcber Tissot PRX Powermatic 80\">Weiterlesen &#8230;<\/a><\/p>\n","protected":false},"featured_media":159253,"template":"","meta":{"_acf_changed":false,"_seopress_robots_primary_cat":"","_seopress_titles_title":"","_seopress_titles_desc":"","_seopress_robots_index":""},"brand":[27087],"product_brand":[],"product_cat":[27159,27245,27389,27123],"product_tag":[],"class_list":{"0":"post-159266","1":"product","2":"type-product","3":"status-publish","4":"has-post-thumbnail","6":"brand-tissot-de","7":"product_cat-tissot-de","8":"product_cat-tissot-classic","9":"product_cat-tissot-prx","10":"product_cat-uhren","11":"pa_couleurduboitier-grau-de","12":"pa_couleurdubracelet-blau-de","13":"pa_couleurducadran-blau","14":"pa_etancheite-100m-de","15":"pa_garantie-24monate","16":"pa_matiere-stahl","17":"pa_matierebraceletmontre-leder","18":"pa_mouvement-automatik-de","19":"pa_swissmade-ja-de","20":"sales-flash-overlay","21":"woocommerce-text-align-center","22":"woocommerce-image-align-center","23":"do-quantity-buttons","25":"first","26":"instock","27":"taxable","28":"shipping-taxable","29":"purchasable","30":"product-type-simple"},"acf":[],"_links":{"self":[{"href":"https:\/\/lediamant.ch\/de\/wp-json\/wp\/v2\/product\/159266","targetHints":{"allow":["GET"]}}],"collection":[{"href":"https:\/\/lediamant.ch\/de\/wp-json\/wp\/v2\/product"}],"about":[{"href":"https:\/\/lediamant.ch\/de\/wp-json\/wp\/v2\/types\/product"}],"wp:featuredmedia":[{"embeddable":true,"href":"https:\/\/lediamant.ch\/de\/wp-json\/wp\/v2\/media\/159253"}],"wp:attachment":[{"href":"https:\/\/lediamant.ch\/de\/wp-json\/wp\/v2\/media?parent=159266"}],"wp:term":[{"taxonomy":"brand","embeddable":true,"href":"https:\/\/lediamant.ch\/de\/wp-json\/wp\/v2\/brand?post=159266"},{"taxonomy":"product_brand","embeddable":true,"href":"https:\/\/lediamant.ch\/de\/wp-json\/wp\/v2\/product_brand?post=159266"},{"taxonomy":"product_cat","embeddable":true,"href":"https:\/\/lediamant.ch\/de\/wp-json\/wp\/v2\/product_cat?post=159266"},{"taxonomy":"product_tag","embeddable":true,"href":"https:\/\/lediamant.ch\/de\/wp-json\/wp\/v2\/product_tag?post=159266"}],"curies":[{"name":"wp","href":"https:\/\/api.w.org\/{rel}","templated":true}]}}