{"id":159380,"date":"2022-03-11T10:50:41","date_gmt":"2022-03-11T09:50:41","guid":{"rendered":"https:\/\/lediamant.ch\/produit\/uhren-de\/aerowatch-de\/les-grandes-classiques-de\/aerowatch-les-grandes-classiques-chrono-limited-edition\/"},"modified":"2022-03-11T10:50:41","modified_gmt":"2022-03-11T09:50:41","slug":"aerowatch-les-grandes-classiques-chrono-limited-edition","status":"publish","type":"product","link":"https:\/\/lediamant.ch\/de\/uhren\/159380-aerowatch-les-grandes-classiques-chrono-limited-edition\/","title":{"rendered":"Aerowatch Les Grandes Classiques Chrono Limited Edition"},"content":{"rendered":"<p>Das im Jurabogen ans\u00e4ssige Familienunternehmen A\u00e9rowatch ist auf Schweizer Uhren spezialisiert.\u00a0 Die neue Generation scheint die Inspiration und das Gef\u00fchl f\u00fcr das, was der Markt verlangt, von Geburt an mitbekommen zu haben.<\/p>\n<p>Mit der limitierten Auflage &#8222;Les Grandes Classiques Chrono&#8220; haben sie ihr Angebot um einen Chronographen erweitert, der den Puls der Zeit trifft und auch von Sammlern gesch\u00e4tzt wird.<\/p>\n<\/p>\n<p>Das Sondermodell hat einen Geh\u00e4usedurchmesser von 44 mm und \u00fcberzeugt durch sein ausgewogenes Erscheinungsbild. Durch die geschickte Wahl eines abgerundeten Geh\u00e4uses zeigt Aerowatch, dass ein Chronograph durchaus sportlich und elegant aussehen kann. Besondere Aufmerksamkeit verdient das dreidimensionale Zifferblatt.<\/p>\n<\/p>\n<p>Die Mondphasenanzeige und die drei Z\u00e4hler wurden als Kontrast in Schwarz gew\u00e4hlt und bilden zusammen mit den stilisierten Minuten- und Stundenzeigern eine Einheit, die das Auge des Betrachters auf das Wesentliche lenkt.<\/p>\n","protected":false},"excerpt":{"rendered":"<p>Das im Jurabogen ans\u00e4ssige Familienunternehmen A\u00e9rowatch ist auf Schweizer Uhren spezialisiert.\u00a0 Die neue Generation scheint die Inspiration und das Gef\u00fchl f\u00fcr das, was der Markt verlangt, von Geburt an mitbekommen zu haben. Mit der limitierten Auflage &#8222;Les Grandes Classiques Chrono&#8220; haben sie ihr Angebot um einen Chronographen erweitert, der den Puls der Zeit trifft und &#8230; <a title=\"Aerowatch Les Grandes Classiques Chrono Limited Edition\" class=\"read-more\" href=\"https:\/\/lediamant.ch\/de\/uhren\/159380-aerowatch-les-grandes-classiques-chrono-limited-edition\/\" aria-label=\"Mehr Informationen \u00fcber Aerowatch Les Grandes Classiques Chrono Limited Edition\">Weiterlesen &#8230;<\/a><\/p>\n","protected":false},"featured_media":159367,"template":"","meta":{"_acf_changed":false,"_seopress_robots_primary_cat":"","_seopress_titles_title":"","_seopress_titles_desc":"","_seopress_robots_index":""},"brand":[27081],"product_brand":[],"product_cat":[27167,27289,27123],"product_tag":[],"class_list":{"0":"post-159380","1":"product","2":"type-product","3":"status-publish","4":"has-post-thumbnail","6":"brand-aerowatch-de","7":"product_cat-aerowatch-de","8":"product_cat-les-grandes-classiques-de","9":"product_cat-uhren","10":"pa_couleurduboitier-grau-de","11":"pa_couleurdubracelet-braun-de","12":"pa_etancheite-50m-de","13":"pa_forme-runden","14":"pa_garantie-24monate","15":"pa_genre-mann","16":"pa_limitededition-199-exemplare-weltweit","17":"pa_matiere-stahl","18":"pa_matierebraceletmontre-leder","19":"pa_mouvement-automatik-de","20":"pa_swissmade-ja-de","21":"pa_typedemontre-chronograph-de","22":"pa_typedemontre-uhrenmitmondanzeige","23":"pa_verre-saphir-de","24":"sales-flash-overlay","25":"woocommerce-text-align-center","26":"woocommerce-image-align-center","27":"do-quantity-buttons","29":"first","30":"instock","31":"taxable","32":"shipping-taxable","33":"purchasable","34":"product-type-simple"},"acf":[],"_links":{"self":[{"href":"https:\/\/lediamant.ch\/de\/wp-json\/wp\/v2\/product\/159380","targetHints":{"allow":["GET"]}}],"collection":[{"href":"https:\/\/lediamant.ch\/de\/wp-json\/wp\/v2\/product"}],"about":[{"href":"https:\/\/lediamant.ch\/de\/wp-json\/wp\/v2\/types\/product"}],"wp:featuredmedia":[{"embeddable":true,"href":"https:\/\/lediamant.ch\/de\/wp-json\/wp\/v2\/media\/159367"}],"wp:attachment":[{"href":"https:\/\/lediamant.ch\/de\/wp-json\/wp\/v2\/media?parent=159380"}],"wp:term":[{"taxonomy":"brand","embeddable":true,"href":"https:\/\/lediamant.ch\/de\/wp-json\/wp\/v2\/brand?post=159380"},{"taxonomy":"product_brand","embeddable":true,"href":"https:\/\/lediamant.ch\/de\/wp-json\/wp\/v2\/product_brand?post=159380"},{"taxonomy":"product_cat","embeddable":true,"href":"https:\/\/lediamant.ch\/de\/wp-json\/wp\/v2\/product_cat?post=159380"},{"taxonomy":"product_tag","embeddable":true,"href":"https:\/\/lediamant.ch\/de\/wp-json\/wp\/v2\/product_tag?post=159380"}],"curies":[{"name":"wp","href":"https:\/\/api.w.org\/{rel}","templated":true}]}}