{"id":159392,"date":"2022-03-11T14:45:14","date_gmt":"2022-03-11T13:45:14","guid":{"rendered":"https:\/\/lediamant.ch\/produit\/uhren-de\/aerowatch-de\/a1942-de\/aerowatch-les-grandes-classiques-automatic-skeleton-40mm\/"},"modified":"2025-01-31T17:16:03","modified_gmt":"2025-01-31T16:16:03","slug":"aerowatch-les-grandes-classiques-automatic-skeleton-40mm","status":"publish","type":"product","link":"https:\/\/lediamant.ch\/de\/uhren\/159392-aerowatch-les-grandes-classiques-automatic-skeleton-40mm\/","title":{"rendered":"Aerowatch Les Grandes Classiques Automatic Skeleton 40mm"},"content":{"rendered":"<p>Uhr SWISS MADE mit Automatikaufzug Uhrwerk, 11 1\u20442, 26 Lagersteine, skelettiert. Stunden, Minuten, Sekunden. Geh\u00e4use aus Edelstahl, Durchmesser 40,00 mm. Gew\u00f6lbtes, entspiegeltes Saphirglas. Silberwei\u00dfes Zifferblatt mit Sonnenschliff und Indexen. Blaue Zeiger mit Super-Luminova-Leuchtmasse. Leder- oder Metallarmband mit Faltschlie\u00dfe. Schmetterling. Wasserdicht bis 50 Meter.<\/p>\n","protected":false},"excerpt":{"rendered":"<p>Uhr SWISS MADE mit Automatikaufzug Uhrwerk, 11 1\u20442, 26 Lagersteine, skelettiert. Stunden, Minuten, Sekunden. Geh\u00e4use aus Edelstahl, Durchmesser 40,00 mm. Gew\u00f6lbtes, entspiegeltes Saphirglas. Silberwei\u00dfes Zifferblatt mit Sonnenschliff und Indexen. Blaue Zeiger mit Super-Luminova-Leuchtmasse. Leder- oder Metallarmband mit Faltschlie\u00dfe. Schmetterling. Wasserdicht bis 50 Meter.<\/p>\n","protected":false},"featured_media":216015,"template":"","meta":{"_acf_changed":false,"_seopress_robots_primary_cat":"27167","_seopress_titles_title":"%%post_title%%","_seopress_titles_desc":"Entdecken Sie unsere SWISS MADE Automatikuhr mit Skelett-Uhrwerk, 26 Lagersteinen und edlem Edelstahlgeh\u00e4use. Perfektion bis ins Detail.","_seopress_robots_index":""},"brand":[27081],"product_brand":[],"product_cat":[27241,27167,27123],"product_tag":[],"class_list":{"0":"post-159392","1":"product","2":"type-product","3":"status-publish","4":"has-post-thumbnail","6":"brand-aerowatch-de","7":"product_cat-1942-de","8":"product_cat-aerowatch-de","9":"product_cat-uhren","10":"pa_couleurduboitier-grau-de","11":"pa_couleurdubracelet-blau-de","12":"pa_couleurducadran-silber","13":"pa_etancheite-50m-de","14":"pa_forme-runden","15":"pa_garantie-24monate","16":"pa_genre-mann","17":"pa_matiere-stahl","18":"pa_matierebraceletmontre-leder","19":"pa_mouvement-automatik-de","20":"pa_swissmade-ja-de","21":"pa_typedemontre-skelettuhren","22":"pa_verre-saphir-de","23":"sales-flash-overlay","24":"woocommerce-text-align-center","25":"woocommerce-image-align-center","26":"do-quantity-buttons","28":"first","29":"instock","30":"taxable","31":"shipping-taxable","32":"purchasable","33":"product-type-simple"},"acf":[],"_links":{"self":[{"href":"https:\/\/lediamant.ch\/de\/wp-json\/wp\/v2\/product\/159392","targetHints":{"allow":["GET"]}}],"collection":[{"href":"https:\/\/lediamant.ch\/de\/wp-json\/wp\/v2\/product"}],"about":[{"href":"https:\/\/lediamant.ch\/de\/wp-json\/wp\/v2\/types\/product"}],"wp:featuredmedia":[{"embeddable":true,"href":"https:\/\/lediamant.ch\/de\/wp-json\/wp\/v2\/media\/216015"}],"wp:attachment":[{"href":"https:\/\/lediamant.ch\/de\/wp-json\/wp\/v2\/media?parent=159392"}],"wp:term":[{"taxonomy":"brand","embeddable":true,"href":"https:\/\/lediamant.ch\/de\/wp-json\/wp\/v2\/brand?post=159392"},{"taxonomy":"product_brand","embeddable":true,"href":"https:\/\/lediamant.ch\/de\/wp-json\/wp\/v2\/product_brand?post=159392"},{"taxonomy":"product_cat","embeddable":true,"href":"https:\/\/lediamant.ch\/de\/wp-json\/wp\/v2\/product_cat?post=159392"},{"taxonomy":"product_tag","embeddable":true,"href":"https:\/\/lediamant.ch\/de\/wp-json\/wp\/v2\/product_tag?post=159392"}],"curies":[{"name":"wp","href":"https:\/\/api.w.org\/{rel}","templated":true}]}}