{"id":159436,"date":"2022-03-11T16:37:33","date_gmt":"2022-03-11T15:37:33","guid":{"rendered":"https:\/\/lediamant.ch\/produit\/uhren-de\/aerowatch-de\/a1942-de\/aerowatch-1942-lady-moon-phase-leder-schwarz\/"},"modified":"2022-03-11T16:37:33","modified_gmt":"2022-03-11T15:37:33","slug":"aerowatch-1942-lady-moon-phase-leder-schwarz","status":"publish","type":"product","link":"https:\/\/lediamant.ch\/de\/uhren\/159436-aerowatch-1942-lady-moon-phase-leder-schwarz\/","title":{"rendered":"Aerowatch 1942 Lady Moon Phase Leder schwarz"},"content":{"rendered":"<p>Wundersch\u00f6ne Damenuhr mit Quarz. Stunden, Minuten, Sekunden, Mondphase bei 6 Uhr. Edelstahl, Durchmesser 35,00 mm. Glas aus Saphirglas. Versilbertes &#8222;guillochiertes&#8220; Zifferblatt mit schwarzen r\u00f6mischen Ziffern. Blaue Zeiger. Blaues Lederarmband mit Dornschlie\u00dfe oder Stahlarmband mit Faltschlie\u00dfe. Wasserdicht bis 50 Meter.<\/p>\n","protected":false},"excerpt":{"rendered":"<p>Wundersch\u00f6ne Damenuhr mit Quarz. Stunden, Minuten, Sekunden, Mondphase bei 6 Uhr. Edelstahl, Durchmesser 35,00 mm. Glas aus Saphirglas. Versilbertes &#8222;guillochiertes&#8220; Zifferblatt mit schwarzen r\u00f6mischen Ziffern. Blaue Zeiger. Blaues Lederarmband mit Dornschlie\u00dfe oder Stahlarmband mit Faltschlie\u00dfe. Wasserdicht bis 50 Meter.<\/p>\n","protected":false},"featured_media":159431,"template":"","meta":{"_acf_changed":false,"_seopress_robots_primary_cat":"","_seopress_titles_title":"","_seopress_titles_desc":"","_seopress_robots_index":""},"brand":[27081],"product_brand":[],"product_cat":[27123,27167,27241],"product_tag":[],"class_list":{"0":"post-159436","1":"product","2":"type-product","3":"status-publish","4":"has-post-thumbnail","6":"brand-aerowatch-de","7":"product_cat-uhren","8":"product_cat-aerowatch-de","9":"product_cat-1942-de","10":"pa_couleurduboitier-pinkrosa-de","11":"pa_couleurdubracelet-schwarz-de","12":"pa_couleurducadran-silber","13":"pa_etancheite-50m-de","14":"pa_forme-runden","15":"pa_garantie-24monate","16":"pa_genre-frau","17":"pa_matiere-rosegoldpvd","18":"pa_matierebraceletmontre-leder","19":"pa_mouvement-quarzbatterie-de","20":"pa_swissmade-ja-de","21":"pa_typedemontre-uhrenmitmondanzeige","22":"sales-flash-overlay","23":"woocommerce-text-align-center","24":"woocommerce-image-align-center","25":"do-quantity-buttons","27":"first","28":"instock","29":"taxable","30":"shipping-taxable","31":"purchasable","32":"product-type-simple"},"acf":[],"_links":{"self":[{"href":"https:\/\/lediamant.ch\/de\/wp-json\/wp\/v2\/product\/159436","targetHints":{"allow":["GET"]}}],"collection":[{"href":"https:\/\/lediamant.ch\/de\/wp-json\/wp\/v2\/product"}],"about":[{"href":"https:\/\/lediamant.ch\/de\/wp-json\/wp\/v2\/types\/product"}],"wp:featuredmedia":[{"embeddable":true,"href":"https:\/\/lediamant.ch\/de\/wp-json\/wp\/v2\/media\/159431"}],"wp:attachment":[{"href":"https:\/\/lediamant.ch\/de\/wp-json\/wp\/v2\/media?parent=159436"}],"wp:term":[{"taxonomy":"brand","embeddable":true,"href":"https:\/\/lediamant.ch\/de\/wp-json\/wp\/v2\/brand?post=159436"},{"taxonomy":"product_brand","embeddable":true,"href":"https:\/\/lediamant.ch\/de\/wp-json\/wp\/v2\/product_brand?post=159436"},{"taxonomy":"product_cat","embeddable":true,"href":"https:\/\/lediamant.ch\/de\/wp-json\/wp\/v2\/product_cat?post=159436"},{"taxonomy":"product_tag","embeddable":true,"href":"https:\/\/lediamant.ch\/de\/wp-json\/wp\/v2\/product_tag?post=159436"}],"curies":[{"name":"wp","href":"https:\/\/api.w.org\/{rel}","templated":true}]}}