{"id":159494,"date":"2022-03-14T01:00:15","date_gmt":"2022-03-14T00:00:15","guid":{"rendered":"https:\/\/lediamant.ch\/produit\/uhren-de\/tissot-de\/tissot-touch-collection-de\/tissot-t-touch-connect-solar-de\/tissot-t-touch-connect-solar-9\/"},"modified":"2022-03-14T01:00:15","modified_gmt":"2022-03-14T00:00:15","slug":"tissot-t-touch-connect-solar-9","status":"publish","type":"product","link":"https:\/\/lediamant.ch\/de\/uhren\/159494-tissot-t-touch-connect-solar-9\/","title":{"rendered":"Tissot T-Touch Connect Solar"},"content":{"rendered":"<p>Als Nachfolgerin der ersten multifunktionalen Touchscreen-Uhr der Geschichte - der T-Touch, die Tissot 1999 auf den Markt brachte - ist die aktuelle T-Touch Connect Solar ein Sinnbild f\u00fcr die Philosophie der Marke: Innovators by Tradition. Die 47 Millimeter gro\u00dfe Tissot T-Touch Connect Solar ist dank ihres Titangeh\u00e4uses und der Keramikl\u00fcnette leicht, hypoallergen und robust. Sie verf\u00fcgt \u00fcber ein ber\u00fchrungsempfindliches und kratzfestes Saphirglas, eine elektronische Krone und zwei Dr\u00fccker. Die Verbindung mit dem Smartphone erfolgt \u00fcber Bluetooth und mit der App Tissot T-Touch Connect Solar, die im App Store, auf Google Play sowie in der Huawei App Gallery erh\u00e4ltlich ist. Dank dieser Konnektivit\u00e4t k\u00f6nnen eingehende Anrufe und alle gew\u00fcnschten Benachrichtigungen auf dem energiesparenden Memory-In-Pixel-Display angezeigt werden. Regelm\u00e4\u00dfige Updates bieten Raum f\u00fcr sukzessive Erweiterungen des Funktionsumfangs. Da die Innovation von Tissot bewusst hybrid konzipiert wurde, bleiben die meisten ihrer Funktionen auch ohne Verbindung zum Smartphone erhalten. Dazu geh\u00f6ren unter anderem : Activity Tracker (Schrittz\u00e4hler, zur\u00fcckgelegte Distanz, verbrannte Kalorien), Kompass, Barometer, Temperaturanzeige, H\u00f6henmesser und Differenzialh\u00f6henmesser, zweite Zeitzone, ewiger Kalender, Countdown-Timer sowie verschiedene Stopp- und Alarmfunktionen. Da die Tissot T-Touch Connect Solar durch Sonnenlicht gespeist wird, ist die Akkulaufzeit im Offline-Modus nahezu unbegrenzt. Im verbundenen Modus erreicht sie, je nach Nutzungsverhalten des Tr\u00e4gers und Sonneneinstrahlung, eine Autonomie von mindestens 6 Monaten. Dazu nutzt sie hochmoderne, in das Zifferblatt integrierte Solarzellen, um ihren Energiespeicher unabh\u00e4ngig von station\u00e4ren Ladevorg\u00e4ngen dauerhaft mit Energie zu versorgen. Das speziell in der Schweiz entwickelte Betriebssystem &#8222;Sw-ALPS&#8220; garantiert die Kompatibilit\u00e4t mit iOS, Android und Harmony OS von Huawei. Im Rahmen der Entwicklung dieser Uhr wurden nicht weniger als 35 Patente angemeldet. Die Tissot T-Touch Connect Solar ist in verschiedenen Ausf\u00fchrungen wie Titan satiniert, Titan mit schwarzer PVD-Beschichtung oder Titan mit ros\u00e9goldfarbener PVD-Beschichtung sowie mit Titan-, Kautschuk- oder Silikonarmband erh\u00e4ltlich. Diese Version der Tissot T-Touch Connect Solar verf\u00fcgt \u00fcber ein amagnetisches Titangeh\u00e4use mit einer blauen Keramikl\u00fcnette mit lumineszierenden Windrose-Markierungen. Die markanten Stunden- und Minutenzeiger mit SuperLuminova\u00ae-Leuchtbeschichtung heben sich deutlich vom schwarzen Zifferblatt ab und sorgen f\u00fcr bestm\u00f6gliche Ablesbarkeit. Das blaue Textilarmband ist mit einer Dornschlie\u00dfe und einem Schnellwechselsystem ausgestattet.<\/p>\n","protected":false},"excerpt":{"rendered":"<p>Als Nachfolgerin der ersten multifunktionalen Touchscreen-Uhr der Geschichte - der T-Touch, die Tissot 1999 auf den Markt brachte - ist die aktuelle T-Touch Connect Solar ein Sinnbild f\u00fcr die Philosophie der Marke: Innovators by Tradition. Die 47 Millimeter gro\u00dfe Tissot T-Touch Connect Solar ist dank ihres Titangeh\u00e4uses und der Keramikl\u00fcnette leicht, hypoallergen und robust. Sie &#8230; <a title=\"Tissot T-Touch Connect Solar\" class=\"read-more\" href=\"https:\/\/lediamant.ch\/de\/uhren\/159494-tissot-t-touch-connect-solar-9\/\" aria-label=\"Mehr Informationen \u00fcber Tissot T-Touch Connect Solar\">Weiterlesen &#8230;<\/a><\/p>\n","protected":false},"featured_media":159483,"template":"","meta":{"_acf_changed":false,"_seopress_robots_primary_cat":"","_seopress_titles_title":"","_seopress_titles_desc":"","_seopress_robots_index":""},"brand":[27087],"product_brand":[],"product_cat":[27123,27159,27377,27271],"product_tag":[],"class_list":{"0":"post-159494","1":"product","2":"type-product","3":"status-publish","4":"has-post-thumbnail","6":"brand-tissot-de","7":"product_cat-uhren","8":"product_cat-tissot-de","9":"product_cat-touch-uhren","10":"product_cat-tissot-t-touch-connect-solar","11":"pa_couleurdubracelet-blau-de","12":"pa_couleurducadran-schwarz","13":"pa_dimensions-o-47-5-mm","14":"pa_etancheite-100m-de","15":"pa_forme-runden","16":"pa_garantie-24monate","17":"pa_genre-mann","18":"pa_matiere-titan","19":"pa_matierebraceletmontre-textil-de","20":"pa_mouvement-quarzbatterie-de","21":"pa_mouvement-solar-de","22":"pa_swissmade-ja-de","23":"pa_typedemontre-touchuhren","24":"sales-flash-overlay","25":"woocommerce-text-align-center","26":"woocommerce-image-align-center","27":"do-quantity-buttons","29":"first","30":"instock","31":"taxable","32":"shipping-taxable","33":"purchasable","34":"product-type-simple"},"acf":[],"_links":{"self":[{"href":"https:\/\/lediamant.ch\/de\/wp-json\/wp\/v2\/product\/159494","targetHints":{"allow":["GET"]}}],"collection":[{"href":"https:\/\/lediamant.ch\/de\/wp-json\/wp\/v2\/product"}],"about":[{"href":"https:\/\/lediamant.ch\/de\/wp-json\/wp\/v2\/types\/product"}],"wp:featuredmedia":[{"embeddable":true,"href":"https:\/\/lediamant.ch\/de\/wp-json\/wp\/v2\/media\/159483"}],"wp:attachment":[{"href":"https:\/\/lediamant.ch\/de\/wp-json\/wp\/v2\/media?parent=159494"}],"wp:term":[{"taxonomy":"brand","embeddable":true,"href":"https:\/\/lediamant.ch\/de\/wp-json\/wp\/v2\/brand?post=159494"},{"taxonomy":"product_brand","embeddable":true,"href":"https:\/\/lediamant.ch\/de\/wp-json\/wp\/v2\/product_brand?post=159494"},{"taxonomy":"product_cat","embeddable":true,"href":"https:\/\/lediamant.ch\/de\/wp-json\/wp\/v2\/product_cat?post=159494"},{"taxonomy":"product_tag","embeddable":true,"href":"https:\/\/lediamant.ch\/de\/wp-json\/wp\/v2\/product_tag?post=159494"}],"curies":[{"name":"wp","href":"https:\/\/api.w.org\/{rel}","templated":true}]}}