{"id":159882,"date":"2022-04-11T01:00:30","date_gmt":"2022-04-10T23:00:30","guid":{"rendered":"https:\/\/lediamant.ch\/produit\/uhren-de\/tissot-de\/tissot-t-lady-de\/tissot-bellissima-de\/tissot-bellissima-automatic\/"},"modified":"2022-04-11T01:00:30","modified_gmt":"2022-04-10T23:00:30","slug":"tissot-bellissima-automatic","status":"publish","type":"product","link":"https:\/\/lediamant.ch\/de\/uhren\/159882-tissot-bellissima-automatic\/","title":{"rendered":"Tissot Bellissima automatic 29 mm"},"content":{"rendered":"<p>Die Tissot Bellissima Automatic ist die &#8222;gro\u00dfe Schwester&#8220; der Tissot Bellissima Small Lady. Wie letztere beeindruckt sie durch ihr elegantes Design und ihre raffinierten Details und ist mit einem Geh\u00e4usedurchmesser von 29 Millimetern etwas gr\u00f6\u00dfer, was immer noch sehr feminin ist. Dieses Modell verf\u00fcgt \u00fcber ein Swiss Made Automatikwerk mit patentierter, nicht magnetischer Nivachron-Spirale und einer Gangreserve von bis zu 48 Stunden, ein kratzfestes, gew\u00f6lbtes und entspiegeltes Saphirglas und einen Glasboden. Die r\u00f6mischen Ziffern, die gebl\u00e4uten Zeiger, das kleine Datum bei 6 Uhr und schlie\u00dflich der blaue Cabochon auf der Krone verleihen der Tissot Bellissima Automatic ein elegantes Aussehen. Ihr wei\u00dfes Zifferblatt ist in einem Geh\u00e4use aus 316L-Edelstahl eingeschlossen, und das blaue Lederarmband liegt dank seiner Butterfly-Schlie\u00dfe mit Dr\u00fcckern sicher und gleichzeitig bequem am Handgelenk.<\/p>\n","protected":false},"excerpt":{"rendered":"<p>Die Tissot Bellissima Automatic ist die &#8222;gro\u00dfe Schwester&#8220; der Tissot Bellissima Small Lady. Wie letztere beeindruckt sie durch ihr elegantes Design und ihre raffinierten Details und ist mit einem Geh\u00e4usedurchmesser von 29 Millimetern etwas gr\u00f6\u00dfer, was immer noch sehr feminin ist. Dieses Modell verf\u00fcgt \u00fcber ein Swiss Made Automatikwerk mit patentierter, nicht magnetischer Nivachron-Spirale und &#8230; <a title=\"Tissot Bellissima automatic 29 mm\" class=\"read-more\" href=\"https:\/\/lediamant.ch\/de\/uhren\/159882-tissot-bellissima-automatic\/\" aria-label=\"Mehr Informationen \u00fcber Tissot Bellissima automatic 29 mm\">Weiterlesen &#8230;<\/a><\/p>\n","protected":false},"featured_media":159871,"template":"","meta":{"_acf_changed":false,"_seopress_robots_primary_cat":"","_seopress_titles_title":"","_seopress_titles_desc":"","_seopress_robots_index":""},"brand":[27087],"product_brand":[],"product_cat":[27123,27159,27297,27383],"product_tag":[],"class_list":{"0":"post-159882","1":"product","2":"type-product","3":"status-publish","4":"has-post-thumbnail","6":"brand-tissot-de","7":"product_cat-uhren","8":"product_cat-tissot-de","9":"product_cat-exklusiv-fur-damen","10":"product_cat-tissot-bellissima","11":"pa_couleurduboitier-grau-de","12":"pa_couleurdubracelet-blau-de","13":"pa_couleurducadran-weiss","14":"pa_dimensions-o-29-mm","15":"pa_etancheite-50m-de","16":"pa_forme-runden","17":"pa_garantie-24monate","18":"pa_genre-frau","19":"pa_matiere-stahl","20":"pa_matierebraceletmontre-leder","21":"pa_mouvement-automatik-de","22":"sales-flash-overlay","23":"woocommerce-text-align-center","24":"woocommerce-image-align-center","25":"do-quantity-buttons","27":"first","28":"instock","29":"taxable","30":"shipping-taxable","31":"purchasable","32":"product-type-simple"},"acf":[],"_links":{"self":[{"href":"https:\/\/lediamant.ch\/de\/wp-json\/wp\/v2\/product\/159882","targetHints":{"allow":["GET"]}}],"collection":[{"href":"https:\/\/lediamant.ch\/de\/wp-json\/wp\/v2\/product"}],"about":[{"href":"https:\/\/lediamant.ch\/de\/wp-json\/wp\/v2\/types\/product"}],"wp:featuredmedia":[{"embeddable":true,"href":"https:\/\/lediamant.ch\/de\/wp-json\/wp\/v2\/media\/159871"}],"wp:attachment":[{"href":"https:\/\/lediamant.ch\/de\/wp-json\/wp\/v2\/media?parent=159882"}],"wp:term":[{"taxonomy":"brand","embeddable":true,"href":"https:\/\/lediamant.ch\/de\/wp-json\/wp\/v2\/brand?post=159882"},{"taxonomy":"product_brand","embeddable":true,"href":"https:\/\/lediamant.ch\/de\/wp-json\/wp\/v2\/product_brand?post=159882"},{"taxonomy":"product_cat","embeddable":true,"href":"https:\/\/lediamant.ch\/de\/wp-json\/wp\/v2\/product_cat?post=159882"},{"taxonomy":"product_tag","embeddable":true,"href":"https:\/\/lediamant.ch\/de\/wp-json\/wp\/v2\/product_tag?post=159882"}],"curies":[{"name":"wp","href":"https:\/\/api.w.org\/{rel}","templated":true}]}}