{"id":159978,"date":"2022-04-13T13:37:09","date_gmt":"2022-04-13T11:37:09","guid":{"rendered":"https:\/\/lediamant.ch\/produit\/uhren-de\/balmain-de\/downtown-de\/ophrys-de\/balmain-ophrys-6\/"},"modified":"2024-12-23T15:52:46","modified_gmt":"2024-12-23T14:52:46","slug":"balmain-ophrys-6","status":"publish","type":"product","link":"https:\/\/lediamant.ch\/de\/uhren\/159978-balmain-ophrys-6\/","title":{"rendered":"Balmain Ophrys 38mm"},"content":{"rendered":"<p>Die neue Damenkollektion Ophrys ist von Taucheruhren inspiriert und vereint die technischen Eigenschaften der Keramik mit der Originalit\u00e4t der Farben. Als Anspielung auf die ber\u00fchmten Marini\u00e8res, die von den gr\u00f6\u00dften Modedesignern entworfen wurden, prangen auf den Zifferbl\u00e4ttern stolz Streifen. Die neue Kollektion Ophrys von Balmain zeigt eine sportliche Silhouette, die die Codes der Uhren vom Typ Taucheruhr in einem sehr femininen Geist aufgreift. Die St\u00fccke haben eine verschraubte Krone, eine drehbare L\u00fcnette und sind wasserdicht bis 20 bar (200 Meter) - technische Besonderheiten, die Ausdruck ihres Seemannsgeistes sind.<\/p>\n","protected":false},"excerpt":{"rendered":"<p>Die neue Damenkollektion Ophrys ist von Taucheruhren inspiriert und vereint die technischen Eigenschaften der Keramik mit der Originalit\u00e4t der Farben. Als Anspielung auf die ber\u00fchmten Marini\u00e8res, die von den gr\u00f6\u00dften Modedesignern entworfen wurden, prangen auf den Zifferbl\u00e4ttern stolz Streifen. Die neue Kollektion Ophrys von Balmain zeigt eine sportliche Silhouette, die die Codes der Uhren vom &#8230; <a title=\"Balmain Ophrys 38mm\" class=\"read-more\" href=\"https:\/\/lediamant.ch\/de\/uhren\/159978-balmain-ophrys-6\/\" aria-label=\"Mehr Informationen \u00fcber Balmain Ophrys 38mm\">Weiterlesen &#8230;<\/a><\/p>\n","protected":false},"featured_media":215446,"template":"","meta":{"_acf_changed":false,"_seopress_robots_primary_cat":"27173","_seopress_titles_title":"","_seopress_titles_desc":"Entdecken Sie die Ophrys Kollektion von Balmain, bei der Keramik und lebendige Farben auf sportliche Eleganz treffen. Wasserdicht bis 200m.","_seopress_robots_index":""},"brand":[27083],"product_brand":[],"product_cat":[27173,27477,27123],"product_tag":[],"class_list":{"0":"post-159978","1":"product","2":"type-product","3":"status-publish","4":"has-post-thumbnail","6":"brand-balmain-de","7":"product_cat-balmain-de","8":"product_cat-ophrys-de","9":"product_cat-uhren","10":"pa_couleurduboitier-grau-de","11":"pa_couleurducadran-schwarz","12":"pa_dimensions-o-38-50-mm","13":"pa_etancheite-200m-de","14":"pa_forme-runden","15":"pa_garantie-24monate","16":"pa_genre-frau","17":"pa_matiere-stahl","18":"pa_matierebraceletmontre-edelstahl","19":"pa_mouvement-quarzbatterie-de","20":"pa_swissmade-ja-de","21":"pa_typedemontre-sportuhren","22":"pa_verre-saphir-de","23":"sales-flash-overlay","24":"woocommerce-text-align-center","25":"woocommerce-image-align-center","26":"do-quantity-buttons","28":"first","29":"instock","30":"taxable","31":"shipping-taxable","32":"purchasable","33":"product-type-simple"},"acf":[],"_links":{"self":[{"href":"https:\/\/lediamant.ch\/de\/wp-json\/wp\/v2\/product\/159978","targetHints":{"allow":["GET"]}}],"collection":[{"href":"https:\/\/lediamant.ch\/de\/wp-json\/wp\/v2\/product"}],"about":[{"href":"https:\/\/lediamant.ch\/de\/wp-json\/wp\/v2\/types\/product"}],"wp:featuredmedia":[{"embeddable":true,"href":"https:\/\/lediamant.ch\/de\/wp-json\/wp\/v2\/media\/215446"}],"wp:attachment":[{"href":"https:\/\/lediamant.ch\/de\/wp-json\/wp\/v2\/media?parent=159978"}],"wp:term":[{"taxonomy":"brand","embeddable":true,"href":"https:\/\/lediamant.ch\/de\/wp-json\/wp\/v2\/brand?post=159978"},{"taxonomy":"product_brand","embeddable":true,"href":"https:\/\/lediamant.ch\/de\/wp-json\/wp\/v2\/product_brand?post=159978"},{"taxonomy":"product_cat","embeddable":true,"href":"https:\/\/lediamant.ch\/de\/wp-json\/wp\/v2\/product_cat?post=159978"},{"taxonomy":"product_tag","embeddable":true,"href":"https:\/\/lediamant.ch\/de\/wp-json\/wp\/v2\/product_tag?post=159978"}],"curies":[{"name":"wp","href":"https:\/\/api.w.org\/{rel}","templated":true}]}}