{"id":160226,"date":"2022-04-21T11:15:38","date_gmt":"2022-04-21T09:15:38","guid":{"rendered":"https:\/\/lediamant.ch\/produit\/uhren-de\/claude-meylan-de\/lac-de\/lac-phanee-de-pool-2\/"},"modified":"2024-11-27T16:11:11","modified_gmt":"2024-11-27T15:11:11","slug":"phanee-de-pool-see-2","status":"publish","type":"product","link":"https:\/\/lediamant.ch\/de\/uhren\/160226-claude-meylan-mechanische-uhr-mit-handaufzug-42-mm-6045-w\/","title":{"rendered":"Claude Meylan 42 mm Mechanische Uhr mit Handaufzug,"},"content":{"rendered":"<p>Im Herzen des Schweizer Juras, genauer gesagt in L&#8217;Abbaye, einem typischen Dorf im Vall\u00e9e de Joux, wo die strengen Winter gro\u00dfe Ideen und Umsetzungen zur Zeitmessung hervorgebracht haben, bewahrt und verewigt das Familienhaus CLAUDE MEYLAN mit der Kollektion Lac stolz sein \u00fcberliefertes Wissen. Diese mechanische Uhr mit Handaufzug erleichtert das Ablesen der Uhrzeit mit einem wei\u00dfen H\u00f6henring, der mit r\u00f6mischen Ziffern verziert ist. Das 42 mm gro\u00dfe Stahlgeh\u00e4use mit Saphirglas und ein schwarzes Lederarmband sorgen f\u00fcr Zufriedenheit.<\/p>\n","protected":false},"excerpt":{"rendered":"<p>Im Herzen des Schweizer Juras, genauer gesagt in L&#8217;Abbaye, einem typischen Dorf im Vall\u00e9e de Joux, wo die strengen Winter gro\u00dfe Ideen und Umsetzungen zur Zeitmessung hervorgebracht haben, bewahrt und verewigt das Familienhaus CLAUDE MEYLAN mit der Kollektion Lac stolz sein \u00fcberliefertes Wissen. Diese mechanische Uhr mit Handaufzug erleichtert das Ablesen der Uhrzeit mit einem &#8230; <a title=\"Claude Meylan 42 mm Mechanische Uhr mit Handaufzug,\" class=\"read-more\" href=\"https:\/\/lediamant.ch\/de\/uhren\/160226-claude-meylan-mechanische-uhr-mit-handaufzug-42-mm-6045-w\/\" aria-label=\"Mehr Informationen \u00fcber Claude Meylan 42 mm Mechanische Uhr mit Handaufzug,\">Weiterlesen &#8230;<\/a><\/p>\n","protected":false},"featured_media":207622,"template":"","meta":{"_acf_changed":false,"_seopress_robots_primary_cat":"27185","_seopress_titles_title":"%%post_title%%","_seopress_titles_desc":"","_seopress_robots_index":""},"brand":[27113],"product_brand":[],"product_cat":[27185,27217,27123],"product_tag":[],"class_list":{"0":"post-160226","1":"product","2":"type-product","3":"status-publish","4":"has-post-thumbnail","6":"brand-claudemeylan-de","7":"product_cat-claude-meylan-de","8":"product_cat-lac-de","9":"product_cat-uhren","10":"pa_couleurduboitier-grau-de","11":"pa_couleurdubracelet-schwarz-de","12":"pa_couleurducadran-weiss","13":"pa_etancheite-30m-de","14":"pa_forme-runden","15":"pa_garantie-24monate","16":"pa_genre-frau","17":"pa_genre-mann","18":"pa_matiere-stahl","19":"pa_matierebraceletmontre-leder","20":"pa_mouvement-mechanik","21":"pa_option-boitier-transparenter-hintergrund","22":"pa_swissmade-ja-de","23":"pa_typedemontre-skelettuhren","24":"pa_typedemontre-uhrenmithandaufzug","25":"pa_verre-saphir-de","26":"sales-flash-overlay","27":"woocommerce-text-align-center","28":"woocommerce-image-align-center","29":"do-quantity-buttons","31":"first","32":"instock","33":"taxable","34":"shipping-taxable","35":"purchasable","36":"product-type-simple"},"acf":[],"_links":{"self":[{"href":"https:\/\/lediamant.ch\/de\/wp-json\/wp\/v2\/product\/160226","targetHints":{"allow":["GET"]}}],"collection":[{"href":"https:\/\/lediamant.ch\/de\/wp-json\/wp\/v2\/product"}],"about":[{"href":"https:\/\/lediamant.ch\/de\/wp-json\/wp\/v2\/types\/product"}],"wp:featuredmedia":[{"embeddable":true,"href":"https:\/\/lediamant.ch\/de\/wp-json\/wp\/v2\/media\/207622"}],"wp:attachment":[{"href":"https:\/\/lediamant.ch\/de\/wp-json\/wp\/v2\/media?parent=160226"}],"wp:term":[{"taxonomy":"brand","embeddable":true,"href":"https:\/\/lediamant.ch\/de\/wp-json\/wp\/v2\/brand?post=160226"},{"taxonomy":"product_brand","embeddable":true,"href":"https:\/\/lediamant.ch\/de\/wp-json\/wp\/v2\/product_brand?post=160226"},{"taxonomy":"product_cat","embeddable":true,"href":"https:\/\/lediamant.ch\/de\/wp-json\/wp\/v2\/product_cat?post=160226"},{"taxonomy":"product_tag","embeddable":true,"href":"https:\/\/lediamant.ch\/de\/wp-json\/wp\/v2\/product_tag?post=160226"}],"curies":[{"name":"wp","href":"https:\/\/api.w.org\/{rel}","templated":true}]}}