{"id":160242,"date":"2022-04-21T15:59:35","date_gmt":"2022-04-21T13:59:35","guid":{"rendered":"https:\/\/lediamant.ch\/produit\/uhren-de\/claude-meylan-de\/tortue-de\/lac-phanee-de-pool-5\/"},"modified":"2024-11-29T14:49:12","modified_gmt":"2024-11-29T13:49:12","slug":"phanee-de-pool-see-5","status":"publish","type":"product","link":"https:\/\/lediamant.ch\/de\/uhren\/160242-claude-meylan-tortue-mechanisches-skelett-mit-handaufzug-6047-b\/","title":{"rendered":"Claude Meylan, Tortue, mechanisches Skelett mit Handaufzug"},"content":{"rendered":"<p>Die Skelettkunst wird zu neuen Horizonten gedr\u00e4ngt. CLAUDE MEYLAN gef\u00e4llt es, neue Formen und Harmonien auf Br\u00fccken, R\u00e4dern und Antriebsstr\u00e4ngen zu pr\u00e4sentieren, um eine neue Sicht auf die Zeit auszudr\u00fccken und gleichzeitig eine neue Kunst der geschnitzten St\u00fccke zu etablieren. Mechanische Skelettuhr mit Tonneau-Handaufzug. Tonneauf\u00f6rmiges Stahlgeh\u00e4use 41 x 43 mm, Saphirglas, Sichtboden, schwarzes und rosafarbenes Uhrwerk, 38 Stunden Gangreserve. Schwarzes Lederarmband.<\/p>\n","protected":false},"excerpt":{"rendered":"<p>Die Skelettkunst wird zu neuen Horizonten gedr\u00e4ngt. CLAUDE MEYLAN gef\u00e4llt es, neue Formen und Harmonien auf Br\u00fccken, R\u00e4dern und Antriebsstr\u00e4ngen zu pr\u00e4sentieren, um eine neue Sicht auf die Zeit auszudr\u00fccken und gleichzeitig eine neue Kunst der geschnitzten St\u00fccke zu etablieren. Mechanische Skelettuhr mit Tonneau-Handaufzug. Tonneauf\u00f6rmiges Stahlgeh\u00e4use 41 x 43 mm, Saphirglas, Sichtboden, schwarzes und rosafarbenes &#8230; <a title=\"Claude Meylan, Tortue, mechanisches Skelett mit Handaufzug\" class=\"read-more\" href=\"https:\/\/lediamant.ch\/de\/uhren\/160242-claude-meylan-tortue-mechanisches-skelett-mit-handaufzug-6047-b\/\" aria-label=\"Mehr Informationen \u00fcber Claude Meylan, Tortue, mechanisches Skelett mit Handaufzug\">Weiterlesen &#8230;<\/a><\/p>\n","protected":false},"featured_media":215237,"template":"","meta":{"_acf_changed":false,"_seopress_robots_primary_cat":"27185","_seopress_titles_title":"%%post_title%%","_seopress_titles_desc":"Entdecken Sie die Skelettuhren von CLAUDE MEYLAN: eine Verschmelzung von Kunst und Mechanik, pr\u00e4zise geformt, um die Zeitmessung zu revolutionieren.","_seopress_robots_index":""},"brand":[27113],"product_brand":[],"product_cat":[27185,27219,27123],"product_tag":[],"class_list":{"0":"post-160242","1":"product","2":"type-product","3":"status-publish","4":"has-post-thumbnail","6":"brand-claudemeylan-de","7":"product_cat-claude-meylan-de","8":"product_cat-tortue-de","9":"product_cat-uhren","10":"pa_couleurduboitier-grau-de","11":"pa_couleurdubracelet-schwarz-de","12":"pa_etancheite-30m-de","13":"pa_forme-fass-de","14":"pa_garantie-24monate","15":"pa_genre-mann","16":"pa_matiere-stahl","17":"pa_matierebraceletmontre-leder","18":"pa_mouvement-mechanik","19":"pa_option-boitier-transparenter-hintergrund","20":"pa_swissmade-ja-de","21":"pa_typedemontre-skelettuhren","22":"pa_typedemontre-uhrenmithandaufzug","23":"pa_verre-saphir-de","24":"sales-flash-overlay","25":"woocommerce-text-align-center","26":"woocommerce-image-align-center","27":"do-quantity-buttons","29":"first","30":"instock","31":"taxable","32":"shipping-taxable","33":"purchasable","34":"product-type-simple"},"acf":[],"_links":{"self":[{"href":"https:\/\/lediamant.ch\/de\/wp-json\/wp\/v2\/product\/160242","targetHints":{"allow":["GET"]}}],"collection":[{"href":"https:\/\/lediamant.ch\/de\/wp-json\/wp\/v2\/product"}],"about":[{"href":"https:\/\/lediamant.ch\/de\/wp-json\/wp\/v2\/types\/product"}],"wp:featuredmedia":[{"embeddable":true,"href":"https:\/\/lediamant.ch\/de\/wp-json\/wp\/v2\/media\/215237"}],"wp:attachment":[{"href":"https:\/\/lediamant.ch\/de\/wp-json\/wp\/v2\/media?parent=160242"}],"wp:term":[{"taxonomy":"brand","embeddable":true,"href":"https:\/\/lediamant.ch\/de\/wp-json\/wp\/v2\/brand?post=160242"},{"taxonomy":"product_brand","embeddable":true,"href":"https:\/\/lediamant.ch\/de\/wp-json\/wp\/v2\/product_brand?post=160242"},{"taxonomy":"product_cat","embeddable":true,"href":"https:\/\/lediamant.ch\/de\/wp-json\/wp\/v2\/product_cat?post=160242"},{"taxonomy":"product_tag","embeddable":true,"href":"https:\/\/lediamant.ch\/de\/wp-json\/wp\/v2\/product_tag?post=160242"}],"curies":[{"name":"wp","href":"https:\/\/api.w.org\/{rel}","templated":true}]}}