{"id":160256,"date":"2022-04-21T17:11:57","date_gmt":"2022-04-21T15:11:57","guid":{"rendered":"https:\/\/lediamant.ch\/produit\/uhren-de\/claude-meylan-de\/tortue-de\/claude-meylanskelettierte-automatikuhr-in-tonneau-form-zifferblatt-und-pond-mit-soleille-dekor-mikrorotor-ca-31-mm\/"},"modified":"2024-11-29T17:43:15","modified_gmt":"2024-11-29T16:43:15","slug":"claude-meylan-automatisch-tonneau-skelett-gewichten-und-mikro-rotor-mit-sonne-decor-env-31-mm","status":"publish","type":"product","link":"https:\/\/lediamant.ch\/de\/uhren\/160256-claude-meylan-skelettautomatik-tonneau-bruecke-und-mikrorotor-zifferblatt-mit-sonnen-dekor-ca-31-mm\/","title":{"rendered":"Claude Meylan, Skelettautomatik"},"content":{"rendered":"<p>Eine elegante Claude Meylan Uhr in Tonneau-Form f\u00fcr Frauen, die von echter Mechanik und skelettierten Uhrwerken fasziniert sind.<\/p>\n<p>Das 31 mm gro\u00dfe, tonnenf\u00f6rmige Geh\u00e4use ist aus Edelstahl gefertigt und weist elegante, zarte Kurven auf. In ihrem Herzen schl\u00e4gt das skelettierte Kaliber 7.75CM17, das seine Mechanik voll zur Schau stellt. Das Automatikwerk ist ein weitgehend modifiziertes ETA 2671. Insbesondere sind die Stunden-, Minuten- und Sekundenanzeige dezentriert und die zentrale Schwungmasse wurde durch einen Mikrorotor mit &#8222;Soleil&#8220;-Dekor ersetzt. Sie schl\u00e4gt mit 28.800 Halbschwingungen pro Stunde und verf\u00fcgt \u00fcber eine Gangreserve von 38 Stunden. Die Claude Meylan Tortue Lady wird an einem blauen Satinarmband mit einer Dornschlie\u00dfe aus Stahl pr\u00e4sentiert.<\/p>\n","protected":false},"excerpt":{"rendered":"<p>Eine elegante Claude Meylan Uhr in Tonneau-Form f\u00fcr Frauen, die von echter Mechanik und skelettierten Uhrwerken fasziniert sind. Das 31 mm gro\u00dfe, tonnenf\u00f6rmige Geh\u00e4use ist aus Edelstahl gefertigt und weist elegante, zarte Kurven auf. In ihrem Herzen schl\u00e4gt das skelettierte Kaliber 7.75CM17, das seine Mechanik voll zur Schau stellt. Das Automatikwerk ist ein weitgehend modifiziertes &#8230; <a title=\"Claude Meylan, Skelettautomatik\" class=\"read-more\" href=\"https:\/\/lediamant.ch\/de\/uhren\/160256-claude-meylan-skelettautomatik-tonneau-bruecke-und-mikrorotor-zifferblatt-mit-sonnen-dekor-ca-31-mm\/\" aria-label=\"Mehr Informationen \u00fcber Claude Meylan, Skelettautomatik\">Weiterlesen &#8230;<\/a><\/p>\n","protected":false},"featured_media":215272,"template":"","meta":{"_acf_changed":false,"_seopress_robots_primary_cat":"27185","_seopress_titles_title":"%%post_title%%","_seopress_titles_desc":"Entdecken Sie die Claude Meylan Tortue Lady, ein mechanisches Meisterwerk f\u00fcr Damen mit einem skelettierten Uhrwerk und einem blauen Satinarmband.","_seopress_robots_index":""},"brand":[27113],"product_brand":[],"product_cat":[27123,27185,27219],"product_tag":[],"class_list":{"0":"post-160256","1":"product","2":"type-product","3":"status-publish","4":"has-post-thumbnail","6":"brand-claudemeylan-de","7":"product_cat-uhren","8":"product_cat-claude-meylan-de","9":"product_cat-tortue-de","10":"pa_couleurduboitier-grau-de","11":"pa_couleurdubracelet-blau-de","12":"pa_couleurducadran-grau","13":"pa_etancheite-30m-de","14":"pa_forme-fass-de","15":"pa_garantie-24monate","16":"pa_genre-frau","17":"pa_matiere-stahl","18":"pa_matierebraceletmontre-satin-de","19":"pa_mouvement-automatik-de","20":"pa_swissmade-ja-de","21":"pa_typedemontre-skelettuhren","22":"pa_verre-saphir-de","23":"sales-flash-overlay","24":"woocommerce-text-align-center","25":"woocommerce-image-align-center","26":"do-quantity-buttons","28":"first","29":"instock","30":"taxable","31":"shipping-taxable","32":"purchasable","33":"product-type-simple"},"acf":[],"_links":{"self":[{"href":"https:\/\/lediamant.ch\/de\/wp-json\/wp\/v2\/product\/160256","targetHints":{"allow":["GET"]}}],"collection":[{"href":"https:\/\/lediamant.ch\/de\/wp-json\/wp\/v2\/product"}],"about":[{"href":"https:\/\/lediamant.ch\/de\/wp-json\/wp\/v2\/types\/product"}],"wp:featuredmedia":[{"embeddable":true,"href":"https:\/\/lediamant.ch\/de\/wp-json\/wp\/v2\/media\/215272"}],"wp:attachment":[{"href":"https:\/\/lediamant.ch\/de\/wp-json\/wp\/v2\/media?parent=160256"}],"wp:term":[{"taxonomy":"brand","embeddable":true,"href":"https:\/\/lediamant.ch\/de\/wp-json\/wp\/v2\/brand?post=160256"},{"taxonomy":"product_brand","embeddable":true,"href":"https:\/\/lediamant.ch\/de\/wp-json\/wp\/v2\/product_brand?post=160256"},{"taxonomy":"product_cat","embeddable":true,"href":"https:\/\/lediamant.ch\/de\/wp-json\/wp\/v2\/product_cat?post=160256"},{"taxonomy":"product_tag","embeddable":true,"href":"https:\/\/lediamant.ch\/de\/wp-json\/wp\/v2\/product_tag?post=160256"}],"curies":[{"name":"wp","href":"https:\/\/api.w.org\/{rel}","templated":true}]}}