{"id":160364,"date":"2022-05-03T09:44:10","date_gmt":"2022-05-03T07:44:10","guid":{"rendered":"https:\/\/lediamant.ch\/produit\/geschenkideen-de\/valentinstag-de\/auswahl-fuer-ihn-de\/rochet-siegelring-cap-horn-edelstahl-windrose\/"},"modified":"2025-10-03T08:39:13","modified_gmt":"2025-10-03T06:39:13","slug":"rochet-ritterring-kap-horn-rostfreier-stahl-windrose","status":"publish","type":"product","link":"https:\/\/lediamant.ch\/de\/geschenkideen\/160364-rochet-siegelring-cap-horn-edelstahl-windrose\/","title":{"rendered":"ROCHET - Siegelring CAP HORN, Edelstahl, Windrose"},"content":{"rendered":"<p>Chavali\u00e8re-Ring aus der Kollektion Cap Horn, dekoriert mit der Windrose. Zus\u00e4tzlich dazu gibt es noch das Armband, Halskette. Wenn Sie die richtige Ringgr\u00f6\u00dfe nicht kennen, k\u00f6nnen Sie sie mithilfe der Gr\u00f6\u00dfentabelle leicht finden.<\/p>\n","protected":false},"excerpt":{"rendered":"<p>Auf ins Abenteuer Attitude! Tragen Sie diesen Siegelring aus Stahl mit dem Motiv der Windrose.<\/p>\n","protected":false},"featured_media":160354,"template":"","meta":{"_acf_changed":false,"_seopress_robots_primary_cat":"27330","_seopress_titles_title":"","_seopress_titles_desc":"","_seopress_robots_index":""},"brand":[41444],"product_brand":[],"product_cat":[27213,27125,27139,27121,27331,27345,27153],"product_tag":[],"class_list":{"0":"post-160364","1":"product","2":"type-product","3":"status-publish","4":"has-post-thumbnail","6":"brand-steel-jewellery-de","7":"product_cat-auswahl-fuer-ihn-de","8":"product_cat-geschenkideen","9":"product_cat-ringe","10":"product_cat-schmuck","11":"product_cat-siegelringe","12":"product_cat-stahl-ringe","13":"product_cat-valentinstag-de","14":"pa_dimensions-15-mm","15":"pa_garantie-12monate","16":"pa_genre-mann","17":"pa_matiere-stahl","18":"pa_tailledebague-60-de","19":"sales-flash-overlay","20":"woocommerce-text-align-center","21":"woocommerce-image-align-center","22":"do-quantity-buttons","24":"first","25":"instock","26":"taxable","27":"shipping-taxable","28":"purchasable","29":"product-type-variable"},"acf":[],"_links":{"self":[{"href":"https:\/\/lediamant.ch\/de\/wp-json\/wp\/v2\/product\/160364","targetHints":{"allow":["GET"]}}],"collection":[{"href":"https:\/\/lediamant.ch\/de\/wp-json\/wp\/v2\/product"}],"about":[{"href":"https:\/\/lediamant.ch\/de\/wp-json\/wp\/v2\/types\/product"}],"wp:featuredmedia":[{"embeddable":true,"href":"https:\/\/lediamant.ch\/de\/wp-json\/wp\/v2\/media\/160354"}],"wp:attachment":[{"href":"https:\/\/lediamant.ch\/de\/wp-json\/wp\/v2\/media?parent=160364"}],"wp:term":[{"taxonomy":"brand","embeddable":true,"href":"https:\/\/lediamant.ch\/de\/wp-json\/wp\/v2\/brand?post=160364"},{"taxonomy":"product_brand","embeddable":true,"href":"https:\/\/lediamant.ch\/de\/wp-json\/wp\/v2\/product_brand?post=160364"},{"taxonomy":"product_cat","embeddable":true,"href":"https:\/\/lediamant.ch\/de\/wp-json\/wp\/v2\/product_cat?post=160364"},{"taxonomy":"product_tag","embeddable":true,"href":"https:\/\/lediamant.ch\/de\/wp-json\/wp\/v2\/product_tag?post=160364"}],"curies":[{"name":"wp","href":"https:\/\/api.w.org\/{rel}","templated":true}]}}