{"id":160378,"date":"2022-05-03T11:11:21","date_gmt":"2022-05-03T09:11:21","guid":{"rendered":"https:\/\/lediamant.ch\/produit\/geschenkideen-de\/valentinstag-de\/auswahl-fuer-ihn-de\/rochet-kingdom-ritterring-stahl-mit-karboneinlage-und-symbol\/"},"modified":"2023-12-08T17:19:05","modified_gmt":"2023-12-08T16:19:05","slug":"rochet-ritterring-kingdom-stahl-mit-kohlenstoff-einlage-und-symbol","status":"publish","type":"product","link":"https:\/\/lediamant.ch\/de\/geschenkideen\/160378-rochet-kingdom-ritterring-stahl-mit-karboneinlage-und-symbol\/","title":{"rendered":"ROCHET - KINGDOM Ritterring Stahl mit Karboneinlage und Symbol"},"content":{"rendered":"<p>Siegelring aus der Kingdom-Kollektion mit Karboneinlage. Wenn Sie die richtige Ringgr\u00f6\u00dfe nicht kennen, k\u00f6nnen Sie sie mithilfe der Gr\u00f6\u00dfentabelle leicht finden.<\/p>\n","protected":false},"excerpt":{"rendered":"<p>Gehen Sie auf Abenteuerreise mit diesem von mittelalterlichen Welten inspirierten Siegelring, der Mesh, Stahlkreuz und Carbon Composite vereint.<\/p>\n","protected":false},"featured_media":160370,"template":"","meta":{"_acf_changed":false,"_seopress_robots_primary_cat":"","_seopress_titles_title":"","_seopress_titles_desc":"","_seopress_robots_index":""},"brand":[41444],"product_brand":[],"product_cat":[27121,27139,27331,27345,27125,27153,27213],"product_tag":[],"class_list":{"0":"post-160378","1":"product","2":"type-product","3":"status-publish","4":"has-post-thumbnail","6":"brand-steel-jewellery-de","7":"product_cat-schmuck","8":"product_cat-ringe","9":"product_cat-siegelringe","10":"product_cat-stahl-ringe","11":"product_cat-geschenkideen","12":"product_cat-valentinstag-de","13":"product_cat-auswahl-fuer-ihn-de","14":"pa_garantie-12monate","15":"pa_genre-mann","16":"pa_matiere-stahl","17":"pa_tailledebague-60-de","18":"pa_tailledebague-66-de","19":"sales-flash-overlay","20":"woocommerce-text-align-center","21":"woocommerce-image-align-center","22":"do-quantity-buttons","24":"first","25":"instock","26":"taxable","27":"shipping-taxable","28":"purchasable","29":"product-type-variable","30":"has-default-attributes"},"acf":[],"_links":{"self":[{"href":"https:\/\/lediamant.ch\/de\/wp-json\/wp\/v2\/product\/160378","targetHints":{"allow":["GET"]}}],"collection":[{"href":"https:\/\/lediamant.ch\/de\/wp-json\/wp\/v2\/product"}],"about":[{"href":"https:\/\/lediamant.ch\/de\/wp-json\/wp\/v2\/types\/product"}],"wp:featuredmedia":[{"embeddable":true,"href":"https:\/\/lediamant.ch\/de\/wp-json\/wp\/v2\/media\/160370"}],"wp:attachment":[{"href":"https:\/\/lediamant.ch\/de\/wp-json\/wp\/v2\/media?parent=160378"}],"wp:term":[{"taxonomy":"brand","embeddable":true,"href":"https:\/\/lediamant.ch\/de\/wp-json\/wp\/v2\/brand?post=160378"},{"taxonomy":"product_brand","embeddable":true,"href":"https:\/\/lediamant.ch\/de\/wp-json\/wp\/v2\/product_brand?post=160378"},{"taxonomy":"product_cat","embeddable":true,"href":"https:\/\/lediamant.ch\/de\/wp-json\/wp\/v2\/product_cat?post=160378"},{"taxonomy":"product_tag","embeddable":true,"href":"https:\/\/lediamant.ch\/de\/wp-json\/wp\/v2\/product_tag?post=160378"}],"curies":[{"name":"wp","href":"https:\/\/api.w.org\/{rel}","templated":true}]}}