{"id":160393,"date":"2022-05-03T11:30:17","date_gmt":"2022-05-03T09:30:17","guid":{"rendered":"https:\/\/lediamant.ch\/produit\/schmuck-de\/ringe-de\/stahl-ringe-de\/rochet-ring-cabestan-edelstahl-mit-blauem-kabeleinsatz\/"},"modified":"2025-10-03T08:39:12","modified_gmt":"2025-10-03T06:39:12","slug":"rochet-cabestan-ring-aus-rostfreiem-stahl-mit-blauer-einlage-6-mm","status":"publish","type":"product","link":"https:\/\/lediamant.ch\/de\/schmuck\/160393-rochet-ring-cabestan-edelstahl-mit-blauem-kabeleinsatz\/","title":{"rendered":"ROCHET - Ring CABESTAN, Stahl, blauer Kabeleinsatz, 6 mm"},"content":{"rendered":"<p>Dieses trendige und aktuelle Rochet-Schmuckst\u00fcck verleiht Ihrem Outfit einen Hauch von Originalit\u00e4t. Wenn Sie die richtige Ringgr\u00f6\u00dfe nicht kennen, k\u00f6nnen Sie sie mithilfe der Gr\u00f6\u00dfentabelle leicht finden.<\/p>\n","protected":false},"excerpt":{"rendered":"<p>Die zweifarbige Gestaltung mit Kabeleinf\u00fchrung spiegelt sowohl Eleganz als auch Sportlichkeit wider.<\/p>\n","protected":false},"featured_media":160382,"template":"","meta":{"_acf_changed":false,"_seopress_robots_primary_cat":"27344","_seopress_titles_title":"%%post_title%%","_seopress_titles_desc":"","_seopress_robots_index":""},"brand":[41444],"product_brand":[],"product_cat":[27139,27121,27345],"product_tag":[],"class_list":{"0":"post-160393","1":"product","2":"type-product","3":"status-publish","4":"has-post-thumbnail","6":"brand-steel-jewellery-de","7":"product_cat-ringe","8":"product_cat-schmuck","9":"product_cat-stahl-ringe","10":"pa_dimensions-6-mm","11":"pa_garantie-12monate","12":"pa_genre-mann","13":"pa_matiere-stahl","14":"pa_tailledebague-60-de","15":"sales-flash-overlay","16":"woocommerce-text-align-center","17":"woocommerce-image-align-center","18":"do-quantity-buttons","20":"first","21":"instock","22":"taxable","23":"shipping-taxable","24":"purchasable","25":"product-type-variable","26":"has-default-attributes"},"acf":[],"_links":{"self":[{"href":"https:\/\/lediamant.ch\/de\/wp-json\/wp\/v2\/product\/160393","targetHints":{"allow":["GET"]}}],"collection":[{"href":"https:\/\/lediamant.ch\/de\/wp-json\/wp\/v2\/product"}],"about":[{"href":"https:\/\/lediamant.ch\/de\/wp-json\/wp\/v2\/types\/product"}],"wp:featuredmedia":[{"embeddable":true,"href":"https:\/\/lediamant.ch\/de\/wp-json\/wp\/v2\/media\/160382"}],"wp:attachment":[{"href":"https:\/\/lediamant.ch\/de\/wp-json\/wp\/v2\/media?parent=160393"}],"wp:term":[{"taxonomy":"brand","embeddable":true,"href":"https:\/\/lediamant.ch\/de\/wp-json\/wp\/v2\/brand?post=160393"},{"taxonomy":"product_brand","embeddable":true,"href":"https:\/\/lediamant.ch\/de\/wp-json\/wp\/v2\/product_brand?post=160393"},{"taxonomy":"product_cat","embeddable":true,"href":"https:\/\/lediamant.ch\/de\/wp-json\/wp\/v2\/product_cat?post=160393"},{"taxonomy":"product_tag","embeddable":true,"href":"https:\/\/lediamant.ch\/de\/wp-json\/wp\/v2\/product_tag?post=160393"}],"curies":[{"name":"wp","href":"https:\/\/api.w.org\/{rel}","templated":true}]}}