{"id":160471,"date":"2022-05-05T11:59:32","date_gmt":"2022-05-05T09:59:32","guid":{"rendered":"https:\/\/lediamant.ch\/produit\/trauringe-de\/trauringe-eheringe-trauringe-edelstahl-und-carbon\/"},"modified":"2025-10-03T08:39:20","modified_gmt":"2025-10-03T06:39:20","slug":"alliances-en-acier-et-carbone-8-mm","status":"publish","type":"product","link":"https:\/\/lediamant.ch\/de\/trauringe\/160471-trauringe-eheringe-trauringe-edelstahl-und-carbon\/","title":{"rendered":"Allianzen aus Stahl und Karbon 8 mm"},"content":{"rendered":"<p>Ein Paar Trauringe aus hochwertigem Stahl und Karbon. Die Breite des Ringes betr\u00e4gt 8,0 mm mit 1 Diamant von 0,030 H si Karat beim Damenmodell.<\/p>\n<p>Verliebt sein - einer der gl\u00fccklichsten Momente im Leben. Unsere Trauringe und Freundschaftsringe aus der TOGETHER-Kollektion werden Sie auf diesem Abenteuer begleiten. Alle Ringe von Diadoro, egal aus welchem Material, durchlaufen unser Schweizer Atelier und erf\u00fcllen die h\u00f6chsten Qualit\u00e4tsstandards und sind \u00e4u\u00dferst angenehm zu tragen. Der Diamant ist ewig, genau wie Ihre Liebe. Alle Damenringe werden eventuell mit Diamanten von h\u00f6chster Qualit\u00e4t veredelt.<\/p>\n<p>Der Ehering ist das Schmuckst\u00fcck eines ganzen Lebens. Z\u00f6gern Sie nicht, sich an unser Team zu wenden, um eine pers\u00f6nliche Beratung zu erhalten. F\u00fcr Ihre Anproben empfangen wir Sie gerne in unserer Boutique in La Chaux-de-Fonds und begleiten Sie bei dieser unvergesslichen Etappe Ihrer Hochzeitsvorbereitungen.<\/p>\n","protected":false},"excerpt":{"rendered":"<p>Ein Paar Trauringe aus hochwertigem Stahl und Karbon. Die Breite des Ringes betr\u00e4gt 8,0 mm mit 1 Diamant von 0,030 H si Karat beim Damenmodell. Verliebt sein - einer der gl\u00fccklichsten Momente im Leben. Unsere Trauringe und Freundschaftsringe aus der TOGETHER-Kollektion werden Sie auf diesem Abenteuer begleiten. Alle Ringe von Diadoro, egal aus welchem Material, &#8230; <a title=\"Allianzen aus Stahl und Karbon 8 mm\" class=\"read-more\" href=\"https:\/\/lediamant.ch\/de\/trauringe\/160471-trauringe-eheringe-trauringe-edelstahl-und-carbon\/\" aria-label=\"Mehr Informationen \u00fcber Allianzen aus Stahl und Karbon 8 mm\">Weiterlesen &#8230;<\/a><\/p>\n","protected":false},"featured_media":160466,"template":"","meta":{"_acf_changed":false,"_seopress_robots_primary_cat":"27128","_seopress_titles_title":"Trauringe aus Stahl und Karbon | 8 mm Ring | Le Diamant","_seopress_titles_desc":"Paar Trauringe aus Stahl und Karbon mit Diamant | Ringe aus Stahl und Karbon | Juweliergesch\u00e4ft Le Diamant online und in La Chaux-de-Fonds","_seopress_robots_index":""},"brand":[41444],"product_brand":[],"product_cat":[27345,27129],"product_tag":[],"class_list":{"0":"post-160471","1":"product","2":"type-product","3":"status-publish","4":"has-post-thumbnail","6":"brand-steel-jewellery-de","7":"product_cat-stahl-ringe","8":"product_cat-trauringe","9":"pa_choixdesalliances-damen","10":"pa_choixdesalliances-herren","11":"pa_choixdesalliances-paar","12":"pa_garantie-12monate","13":"pa_matiere-karbon","14":"pa_matiere-stahl","15":"pa_pierresmodeledame-diamant-de","16":"sales-flash-overlay","17":"woocommerce-text-align-center","18":"woocommerce-image-align-center","19":"do-quantity-buttons","21":"first","22":"instock","23":"taxable","24":"shipping-taxable","25":"purchasable","26":"product-type-variable","27":"has-default-attributes"},"acf":[],"_links":{"self":[{"href":"https:\/\/lediamant.ch\/de\/wp-json\/wp\/v2\/product\/160471","targetHints":{"allow":["GET"]}}],"collection":[{"href":"https:\/\/lediamant.ch\/de\/wp-json\/wp\/v2\/product"}],"about":[{"href":"https:\/\/lediamant.ch\/de\/wp-json\/wp\/v2\/types\/product"}],"wp:featuredmedia":[{"embeddable":true,"href":"https:\/\/lediamant.ch\/de\/wp-json\/wp\/v2\/media\/160466"}],"wp:attachment":[{"href":"https:\/\/lediamant.ch\/de\/wp-json\/wp\/v2\/media?parent=160471"}],"wp:term":[{"taxonomy":"brand","embeddable":true,"href":"https:\/\/lediamant.ch\/de\/wp-json\/wp\/v2\/brand?post=160471"},{"taxonomy":"product_brand","embeddable":true,"href":"https:\/\/lediamant.ch\/de\/wp-json\/wp\/v2\/product_brand?post=160471"},{"taxonomy":"product_cat","embeddable":true,"href":"https:\/\/lediamant.ch\/de\/wp-json\/wp\/v2\/product_cat?post=160471"},{"taxonomy":"product_tag","embeddable":true,"href":"https:\/\/lediamant.ch\/de\/wp-json\/wp\/v2\/product_tag?post=160471"}],"curies":[{"name":"wp","href":"https:\/\/api.w.org\/{rel}","templated":true}]}}