{"id":160611,"date":"2022-05-05T17:45:20","date_gmt":"2022-05-05T15:45:20","guid":{"rendered":"https:\/\/lediamant.ch\/produit\/trauringe-de\/trauringe-eheringe-aus-oxidiertem-silber-925-7-mm\/"},"modified":"2025-10-03T08:38:58","modified_gmt":"2025-10-03T06:38:58","slug":"alliances-en-argent-oxyde-925-7-mm","status":"publish","type":"product","link":"https:\/\/lediamant.ch\/de\/trauringe\/160611-trauringe-eheringe-aus-oxidiertem-silber-925-7-mm\/","title":{"rendered":"Trauringe aus oxidiertem Silber 925, 7 mm"},"content":{"rendered":"<p>Ein Paar Trauringe aus oxidiertem Silber 925. Die Breite des Ringes betr\u00e4gt 7,0 mm mit 1 Diamant 0,050 H si ct.  auf das Modell Frau.<\/p>\n<p>Trauring aus 925er Silber als Zeichen der Liebe. Das begehrte Edelmetall hat eine lange Tradition als Schmuckmaterial, aber auch als Zahlungsmittel. Mit einer rhodinierten Beschichtung erh\u00e4lt es seinen Glanz und Schutz vor dem Anlaufen. Damenringe werden eventuell mit kostbaren Diamanten verfeinert.   <\/p>\n<p>Der Ehering ist das Schmuckst\u00fcck eines ganzen Lebens. Z\u00f6gern Sie nicht, sich an unser Team zu wenden, um eine pers\u00f6nliche Beratung zu erhalten. F\u00fcr Ihre Anproben empfangen wir Sie gerne in unserer Boutique in La Chaux-de-Fonds und begleiten Sie bei dieser unvergesslichen Etappe Ihrer Hochzeitsvorbereitungen.<\/p>\n","protected":false},"excerpt":{"rendered":"<p>Ein Paar Trauringe aus oxidiertem Silber 925. Die Breite des Ringes betr\u00e4gt 7,0 mm mit 1 Diamant 0,050 H si ct. auf das Modell Frau. Trauring aus 925er Silber als Zeichen der Liebe. Das begehrte Edelmetall hat eine lange Tradition als Schmuckmaterial, aber auch als Zahlungsmittel. Mit einer rhodinierten Beschichtung erh\u00e4lt es seinen Glanz und &#8230; <a title=\"Trauringe aus oxidiertem Silber 925, 7 mm\" class=\"read-more\" href=\"https:\/\/lediamant.ch\/de\/trauringe\/160611-trauringe-eheringe-aus-oxidiertem-silber-925-7-mm\/\" aria-label=\"Mehr Informationen \u00fcber Trauringe aus oxidiertem Silber 925, 7 mm\">Weiterlesen &#8230;<\/a><\/p>\n","protected":false},"featured_media":160606,"template":"","meta":{"_acf_changed":false,"_seopress_robots_primary_cat":"27128","_seopress_titles_title":"Trauringe Silber 925 | Ring 7.0 mm | Der Diamant","_seopress_titles_desc":"Paar Trauringe aus Silber 925 mit Diamant | Ringe aus Silber 925 | Gravur angeboten | Juweliergesch\u00e4ft Le Diamant online und in La Chaux-de-Fonds","_seopress_robots_index":""},"brand":[27111],"product_brand":[],"product_cat":[27129],"product_tag":[],"class_list":{"0":"post-160611","1":"product","2":"type-product","3":"status-publish","4":"has-post-thumbnail","6":"brand-silver-jewellery-de","7":"product_cat-trauringe","8":"pa_choixdesalliances-damen","9":"pa_choixdesalliances-herren","10":"pa_choixdesalliances-paar","11":"pa_garantie-12monate","12":"pa_matiere-925silber","13":"pa_pierresmodeledame-diamant-de","14":"sales-flash-overlay","15":"woocommerce-text-align-center","16":"woocommerce-image-align-center","17":"do-quantity-buttons","19":"first","20":"instock","21":"taxable","22":"shipping-taxable","23":"purchasable","24":"product-type-variable","25":"has-default-attributes"},"acf":[],"_links":{"self":[{"href":"https:\/\/lediamant.ch\/de\/wp-json\/wp\/v2\/product\/160611","targetHints":{"allow":["GET"]}}],"collection":[{"href":"https:\/\/lediamant.ch\/de\/wp-json\/wp\/v2\/product"}],"about":[{"href":"https:\/\/lediamant.ch\/de\/wp-json\/wp\/v2\/types\/product"}],"wp:featuredmedia":[{"embeddable":true,"href":"https:\/\/lediamant.ch\/de\/wp-json\/wp\/v2\/media\/160606"}],"wp:attachment":[{"href":"https:\/\/lediamant.ch\/de\/wp-json\/wp\/v2\/media?parent=160611"}],"wp:term":[{"taxonomy":"brand","embeddable":true,"href":"https:\/\/lediamant.ch\/de\/wp-json\/wp\/v2\/brand?post=160611"},{"taxonomy":"product_brand","embeddable":true,"href":"https:\/\/lediamant.ch\/de\/wp-json\/wp\/v2\/product_brand?post=160611"},{"taxonomy":"product_cat","embeddable":true,"href":"https:\/\/lediamant.ch\/de\/wp-json\/wp\/v2\/product_cat?post=160611"},{"taxonomy":"product_tag","embeddable":true,"href":"https:\/\/lediamant.ch\/de\/wp-json\/wp\/v2\/product_tag?post=160611"}],"curies":[{"name":"wp","href":"https:\/\/api.w.org\/{rel}","templated":true}]}}