{"id":160631,"date":"2022-05-05T18:02:28","date_gmt":"2022-05-05T16:02:28","guid":{"rendered":"https:\/\/lediamant.ch\/produit\/trauringe-de\/trauringe-eheringe-edelstahl-und-rotgold-750-18-kt-5-mm\/"},"modified":"2025-10-03T08:38:47","modified_gmt":"2025-10-03T06:38:47","slug":"alliances-en-acier-et-or-rose-75018-ct-5-mm","status":"publish","type":"product","link":"https:\/\/lediamant.ch\/de\/trauringe\/160631-trauringe-eheringe-edelstahl-und-rotgold-750-18-kt-5-mm\/","title":{"rendered":"Trauringe aus Stahl und Rotgold 750\/18 ct, 5 mm"},"content":{"rendered":"<p>Ein Paar Trauringe aus Stahl und 750\/18 ct. Ros\u00e9gold von h\u00f6chster Qualit\u00e4t. Die Breite des Ringes betr\u00e4gt 5,0 mm mit 1 Diamant von 0,010 H si ct.   auf das Modell Frau.<\/p>\n<p>Die k\u00fchle Farbe des Edelstahls und die warmen T\u00f6ne des Goldes bilden eine Kombination wie Feuer und Eis. Die beiden Metalle werden durch einen technisch fortschrittlichen Prozess dauerhaft miteinander verbunden. Alle Damenringe werden schlie\u00dflich mit kostbaren Diamanten veredelt.  <\/p>\n<p>Der Ehering ist das Schmuckst\u00fcck eines ganzen Lebens. Z\u00f6gern Sie nicht, sich an unser Team zu wenden, um eine pers\u00f6nliche Beratung zu erhalten. F\u00fcr Ihre Anproben empfangen wir Sie gerne in unserer Boutique in La Chaux-de-Fonds und begleiten Sie bei dieser unvergesslichen Etappe Ihrer Hochzeitsvorbereitungen.<\/p>\n","protected":false},"excerpt":{"rendered":"<p>Ein Paar Trauringe aus Stahl und 750\/18 ct. Ros\u00e9gold von h\u00f6chster Qualit\u00e4t. Die Breite des Ringes betr\u00e4gt 5,0 mm mit 1 Diamant von 0,010 H si ct. auf das Modell Frau. Die k\u00fchle Farbe des Edelstahls und die warmen T\u00f6ne des Goldes bilden eine Kombination wie Feuer und Eis. Die beiden Metalle werden durch einen &#8230; <a title=\"Trauringe aus Stahl und Rotgold 750\/18 ct, 5 mm\" class=\"read-more\" href=\"https:\/\/lediamant.ch\/de\/trauringe\/160631-trauringe-eheringe-edelstahl-und-rotgold-750-18-kt-5-mm\/\" aria-label=\"Mehr Informationen \u00fcber Trauringe aus Stahl und Rotgold 750\/18 ct, 5 mm\">Weiterlesen &#8230;<\/a><\/p>\n","protected":false},"featured_media":160626,"template":"","meta":{"_acf_changed":false,"_seopress_robots_primary_cat":"27128","_seopress_titles_title":"Trauringe aus Stahl und Rotgold 750 | Ring 5 mm | Le Diamant","_seopress_titles_desc":"Paar Trauringe aus Stahl und Rotgold mit Diamant | Ringe aus Stahl und Gold 750 \/ 18 Kt. | Juweliergesch\u00e4ft Le Diamant online und in La Chaux-de-Fonds ","_seopress_robots_index":""},"brand":[41444],"product_brand":[],"product_cat":[27345,27129],"product_tag":[],"class_list":{"0":"post-160631","1":"product","2":"type-product","3":"status-publish","4":"has-post-thumbnail","6":"brand-steel-jewellery-de","7":"product_cat-stahl-ringe","8":"product_cat-trauringe","9":"pa_choixdesalliances-damen","10":"pa_choixdesalliances-herren","11":"pa_choixdesalliances-paar","12":"pa_garantie-12monate","13":"pa_matiere-stahl","14":"pa_matiere-zweifarbig","15":"pa_pierresmodeledame-diamant-de","16":"sales-flash-overlay","17":"woocommerce-text-align-center","18":"woocommerce-image-align-center","19":"do-quantity-buttons","21":"first","22":"instock","23":"taxable","24":"shipping-taxable","25":"purchasable","26":"product-type-variable","27":"has-default-attributes"},"acf":[],"_links":{"self":[{"href":"https:\/\/lediamant.ch\/de\/wp-json\/wp\/v2\/product\/160631","targetHints":{"allow":["GET"]}}],"collection":[{"href":"https:\/\/lediamant.ch\/de\/wp-json\/wp\/v2\/product"}],"about":[{"href":"https:\/\/lediamant.ch\/de\/wp-json\/wp\/v2\/types\/product"}],"wp:featuredmedia":[{"embeddable":true,"href":"https:\/\/lediamant.ch\/de\/wp-json\/wp\/v2\/media\/160626"}],"wp:attachment":[{"href":"https:\/\/lediamant.ch\/de\/wp-json\/wp\/v2\/media?parent=160631"}],"wp:term":[{"taxonomy":"brand","embeddable":true,"href":"https:\/\/lediamant.ch\/de\/wp-json\/wp\/v2\/brand?post=160631"},{"taxonomy":"product_brand","embeddable":true,"href":"https:\/\/lediamant.ch\/de\/wp-json\/wp\/v2\/product_brand?post=160631"},{"taxonomy":"product_cat","embeddable":true,"href":"https:\/\/lediamant.ch\/de\/wp-json\/wp\/v2\/product_cat?post=160631"},{"taxonomy":"product_tag","embeddable":true,"href":"https:\/\/lediamant.ch\/de\/wp-json\/wp\/v2\/product_tag?post=160631"}],"curies":[{"name":"wp","href":"https:\/\/api.w.org\/{rel}","templated":true}]}}