{"id":160671,"date":"2022-05-05T18:30:37","date_gmt":"2022-05-05T16:30:37","guid":{"rendered":"https:\/\/lediamant.ch\/produit\/trauringe-de\/trauringeeheringe-trauringe-edelstahl-und-rotgold-75018-kt\/"},"modified":"2024-11-07T18:23:45","modified_gmt":"2024-11-07T17:23:45","slug":"trauringeeheringe-trauringe-edelstahl-und-rotgold-75018-kt","status":"publish","type":"product","link":"https:\/\/lediamant.ch\/de\/schmuck\/160671-trauringe-eheringe-edelstahl-und-rotgold-750-18-kt-fr-33-34\/","title":{"rendered":"Trauringe\/Eheringe Edelstahl und Rotgold 750\/18 kt. 5 mm"},"content":{"rendered":"<p>Ein Paar Trauringe aus hochwertigem Stahl und Rotgold 750\/18 kt. Die Ringbreite betr\u00e4gt 5.0 mm.<\/p>\n<p>Die k\u00fchle Farbe des Edelstahls ergibt mit den warmen Goldt\u00f6nen eine Kombination wie Feuer und Eis. In einem technisch anspruchsvollen Verfahren werden die beiden Metalle dauerhaft verbunden.<\/p>\n<p>Der Trauring ist das Schmuckst\u00fcck eines ganzen Lebens. Z\u00f6gern Sie nicht, sich an unser Team zu wenden, um eine pers\u00f6nliche Beratung zu erhalten. F\u00fcr Ihre Anproben empfangen wir Sie gerne in unserem Gesch\u00e4ft in La Chaux-de-Fonds und begleiten Sie bei dieser unvergesslichen Etappe Ihrer Hochzeitsvorbereitungen.<\/p>\n","protected":false},"excerpt":{"rendered":"<p>Ein Paar Trauringe aus hochwertigem Stahl und Rotgold 750\/18 kt. Die Ringbreite betr\u00e4gt 5.0 mm. Die k\u00fchle Farbe des Edelstahls ergibt mit den warmen Goldt\u00f6nen eine Kombination wie Feuer und Eis. In einem technisch anspruchsvollen Verfahren werden die beiden Metalle dauerhaft verbunden. Der Trauring ist das Schmuckst\u00fcck eines ganzen Lebens. Z\u00f6gern Sie nicht, sich an &#8230; <a title=\"Trauringe\/Eheringe Edelstahl und Rotgold 750\/18 kt. 5 mm\" class=\"read-more\" href=\"https:\/\/lediamant.ch\/de\/schmuck\/160671-trauringe-eheringe-edelstahl-und-rotgold-750-18-kt-fr-33-34\/\" aria-label=\"Mehr Informationen \u00fcber Trauringe\/Eheringe Edelstahl und Rotgold 750\/18 kt. 5 mm\">Weiterlesen &#8230;<\/a><\/p>\n","protected":false},"featured_media":160666,"template":"","meta":{"_acf_changed":false,"_seopress_robots_primary_cat":"27129","_seopress_titles_title":"Trauringe Wei\u00dfgold 750 | Ringbreite 5 mm | Le Diamant","_seopress_titles_desc":"%%post_excerpt%%","_seopress_robots_index":""},"brand":[41444],"product_brand":[],"product_cat":[27345,27129],"product_tag":[],"class_list":{"0":"post-160671","1":"product","2":"type-product","3":"status-publish","4":"has-post-thumbnail","6":"brand-steel-jewellery-de","7":"product_cat-stahl-ringe","8":"product_cat-trauringe","9":"pa_choixdesalliances-damen","10":"pa_choixdesalliances-herren","11":"pa_choixdesalliances-paar","12":"pa_garantie-12monate","13":"pa_matiere-stahl","14":"pa_matiere-zweifarbig","15":"sales-flash-overlay","16":"woocommerce-text-align-center","17":"woocommerce-image-align-center","18":"do-quantity-buttons","20":"first","21":"instock","22":"taxable","23":"shipping-taxable","24":"purchasable","25":"product-type-variable","26":"has-default-attributes"},"acf":[],"_links":{"self":[{"href":"https:\/\/lediamant.ch\/de\/wp-json\/wp\/v2\/product\/160671","targetHints":{"allow":["GET"]}}],"collection":[{"href":"https:\/\/lediamant.ch\/de\/wp-json\/wp\/v2\/product"}],"about":[{"href":"https:\/\/lediamant.ch\/de\/wp-json\/wp\/v2\/types\/product"}],"wp:featuredmedia":[{"embeddable":true,"href":"https:\/\/lediamant.ch\/de\/wp-json\/wp\/v2\/media\/160666"}],"wp:attachment":[{"href":"https:\/\/lediamant.ch\/de\/wp-json\/wp\/v2\/media?parent=160671"}],"wp:term":[{"taxonomy":"brand","embeddable":true,"href":"https:\/\/lediamant.ch\/de\/wp-json\/wp\/v2\/brand?post=160671"},{"taxonomy":"product_brand","embeddable":true,"href":"https:\/\/lediamant.ch\/de\/wp-json\/wp\/v2\/product_brand?post=160671"},{"taxonomy":"product_cat","embeddable":true,"href":"https:\/\/lediamant.ch\/de\/wp-json\/wp\/v2\/product_cat?post=160671"},{"taxonomy":"product_tag","embeddable":true,"href":"https:\/\/lediamant.ch\/de\/wp-json\/wp\/v2\/product_tag?post=160671"}],"curies":[{"name":"wp","href":"https:\/\/api.w.org\/{rel}","templated":true}]}}