{"id":160691,"date":"2022-05-06T10:13:01","date_gmt":"2022-05-06T08:13:01","guid":{"rendered":"https:\/\/lediamant.ch\/produit\/trauringe-de\/trauringe-eheringe-edelstahl-und-gelbgold-750-18-kt-5-mm\/"},"modified":"2024-11-07T18:18:23","modified_gmt":"2024-11-07T17:18:23","slug":"trauringe-eheringe-edelstahl-und-gelbgold-750-18-kt-5-mm","status":"publish","type":"product","link":"https:\/\/lediamant.ch\/de\/schmuck\/160691-trauringe-eheringe-edelstahl-und-gelbgold-750-18-kt-5-mm-fr-37-38\/","title":{"rendered":"Trauringe\/Eheringe Edelstahl und Gelbgold 750\/18 kt. 5 mm"},"content":{"rendered":"<p>Ein Paar Trauringe aus hochwertigem Stahl und Gelbgold 750\/18 kt. Die Ringbreite betr\u00e4gt 5.0 mm mit 1 Diamant total 0,010 Kt. H si beim Damenmodell.<\/p>\n<p>Die k\u00fchle Farbe des Edelstahls ergibt mit den warmen Goldt\u00f6nen eine Kombination wie Feuer und Eis. In einem technisch anspruchsvollen Verfahren werden die beiden Metalle dauerhaft verbunden. Alle Damenringe werden wahlweise mit hochwertigen Diamanten veredelt.<\/p>\n<p>Der Trauring ist das Schmuckst\u00fcck eines ganzen Lebens. Z\u00f6gern Sie nicht, sich an unser Team zu wenden, um eine pers\u00f6nliche Beratung zu erhalten. F\u00fcr Ihre Anproben empfangen wir Sie gerne in unserem Gesch\u00e4ft in La Chaux-de-Fonds und begleiten Sie bei dieser unvergesslichen Etappe Ihrer Hochzeitsvorbereitungen.<\/p>\n","protected":false},"excerpt":{"rendered":"<p>Ein Paar Trauringe aus hochwertigem Stahl und Gelbgold 750\/18 kt. Die Ringbreite betr\u00e4gt 5.0 mm mit 1 Diamant total 0,010 Kt. H si beim Damenmodell. Die k\u00fchle Farbe des Edelstahls ergibt mit den warmen Goldt\u00f6nen eine Kombination wie Feuer und Eis. In einem technisch anspruchsvollen Verfahren werden die beiden Metalle dauerhaft verbunden. Alle Damenringe werden &#8230; <a title=\"Trauringe\/Eheringe Edelstahl und Gelbgold 750\/18 kt. 5 mm\" class=\"read-more\" href=\"https:\/\/lediamant.ch\/de\/schmuck\/160691-trauringe-eheringe-edelstahl-und-gelbgold-750-18-kt-5-mm-fr-37-38\/\" aria-label=\"Mehr Informationen \u00fcber Trauringe\/Eheringe Edelstahl und Gelbgold 750\/18 kt. 5 mm\">Weiterlesen &#8230;<\/a><\/p>\n","protected":false},"featured_media":160686,"template":"","meta":{"_acf_changed":false,"_seopress_robots_primary_cat":"27129","_seopress_titles_title":"Trauringe Edelstahl un Gelbgold 750 | Ringbreite 5 mm | Le Diamant","_seopress_titles_desc":"Paar Trauringe aus Edelstahl und Gelbgold mit Diamant | Ringe aus Edelstahl und Gold 750 \/ 18 kt | Bijouterie Le Diamant online und in La Chaux-de-Fonds","_seopress_robots_index":""},"brand":[41444],"product_brand":[],"product_cat":[27345,27129],"product_tag":[],"class_list":{"0":"post-160691","1":"product","2":"type-product","3":"status-publish","4":"has-post-thumbnail","6":"brand-steel-jewellery-de","7":"product_cat-stahl-ringe","8":"product_cat-trauringe","9":"pa_choixdesalliances-damen","10":"pa_choixdesalliances-herren","11":"pa_choixdesalliances-paar","12":"pa_garantie-12monate","13":"pa_matiere-stahl","14":"pa_matiere-zweifarbig","15":"pa_pierresmodeledame-diamant-de","16":"sales-flash-overlay","17":"woocommerce-text-align-center","18":"woocommerce-image-align-center","19":"do-quantity-buttons","21":"first","22":"instock","23":"taxable","24":"shipping-taxable","25":"purchasable","26":"product-type-variable","27":"has-default-attributes"},"acf":[],"_links":{"self":[{"href":"https:\/\/lediamant.ch\/de\/wp-json\/wp\/v2\/product\/160691","targetHints":{"allow":["GET"]}}],"collection":[{"href":"https:\/\/lediamant.ch\/de\/wp-json\/wp\/v2\/product"}],"about":[{"href":"https:\/\/lediamant.ch\/de\/wp-json\/wp\/v2\/types\/product"}],"wp:featuredmedia":[{"embeddable":true,"href":"https:\/\/lediamant.ch\/de\/wp-json\/wp\/v2\/media\/160686"}],"wp:attachment":[{"href":"https:\/\/lediamant.ch\/de\/wp-json\/wp\/v2\/media?parent=160691"}],"wp:term":[{"taxonomy":"brand","embeddable":true,"href":"https:\/\/lediamant.ch\/de\/wp-json\/wp\/v2\/brand?post=160691"},{"taxonomy":"product_brand","embeddable":true,"href":"https:\/\/lediamant.ch\/de\/wp-json\/wp\/v2\/product_brand?post=160691"},{"taxonomy":"product_cat","embeddable":true,"href":"https:\/\/lediamant.ch\/de\/wp-json\/wp\/v2\/product_cat?post=160691"},{"taxonomy":"product_tag","embeddable":true,"href":"https:\/\/lediamant.ch\/de\/wp-json\/wp\/v2\/product_tag?post=160691"}],"curies":[{"name":"wp","href":"https:\/\/api.w.org\/{rel}","templated":true}]}}