{"id":160861,"date":"2022-05-06T13:56:47","date_gmt":"2022-05-06T11:56:47","guid":{"rendered":"https:\/\/lediamant.ch\/produit\/trauringe-de\/trauringeeheringe-trauringe-edelstahl-und-carbon-4\/"},"modified":"2024-11-07T17:30:20","modified_gmt":"2024-11-07T16:30:20","slug":"trauringeeheringe-trauringe-edelstahl-und-carbon-4","status":"publish","type":"product","link":"https:\/\/lediamant.ch\/de\/schmuck\/160861-trauringeeheringe-trauringe-edelstahl-und-carbon-fr-83-84\/","title":{"rendered":"Trauringe\/Eheringe Trauringe Edelstahl und Carbon"},"content":{"rendered":"<p>Ein Paar Trauringe aus hochwertigem Stahl und Karbon. Die Ringbreite betr\u00e4gt 8.0 mm mit 3 Diamanten total 0,050 Kt. H si beim Damenmodell.<\/p>\n<p>Um den sch\u00f6nsten Tag Ihres Lebens zu begleiten, werden die Trauringe in einer Schatulle mit einem Echtheitszertifikat geliefert.<\/p>\n<p>Verliebt sein, einer der gl\u00fccklichsten Momente im Leben. Unsere Partner- und Freundschaftsringe aus der TOGETHER-Kollektion begleiten Sie dabei. Alle Ringe von Diadoro \u2013 egal in welchen Materialien \u2013 durchlaufen unser Schweizer Atelier, erf\u00fcllen die h\u00f6chsten Qualit\u00e4tsanspr\u00fcche und verf\u00fcgen \u00fcber einen hohen Tragekomfort. Der Diamant ist unverg\u00e4nglich \u2013 so wie Ihre Liebe. Alle Damenringe werden wahlweise mit hochwertigen Diamanten veredelt.<\/p>\n<p>Der Trauring ist das Schmuckst\u00fcck eines ganzen Lebens. Z\u00f6gern Sie nicht, sich an unser Team zu wenden, um eine pers\u00f6nliche Beratung zu erhalten. F\u00fcr Ihre Anproben empfangen wir Sie gerne in unserem Gesch\u00e4ft in La Chaux-de-Fonds und begleiten Sie bei dieser unvergesslichen Etappe Ihrer Hochzeitsvorbereitungen.<\/p>\n","protected":false},"excerpt":{"rendered":"<p>Ein Paar Trauringe aus hochwertigem Stahl und Karbon. Die Ringbreite betr\u00e4gt 8.0 mm mit 3 Diamanten total 0,050 Kt. H si beim Damenmodell. Um den sch\u00f6nsten Tag Ihres Lebens zu begleiten, werden die Trauringe in einer Schatulle mit einem Echtheitszertifikat geliefert. Verliebt sein, einer der gl\u00fccklichsten Momente im Leben. Unsere Partner- und Freundschaftsringe aus der &#8230; <a title=\"Trauringe\/Eheringe Trauringe Edelstahl und Carbon\" class=\"read-more\" href=\"https:\/\/lediamant.ch\/de\/schmuck\/160861-trauringeeheringe-trauringe-edelstahl-und-carbon-fr-83-84\/\" aria-label=\"Mehr Informationen \u00fcber Trauringe\/Eheringe Trauringe Edelstahl und Carbon\">Weiterlesen &#8230;<\/a><\/p>\n","protected":false},"featured_media":160856,"template":"","meta":{"_acf_changed":false,"_seopress_robots_primary_cat":"27129","_seopress_titles_title":"%%post_title%% %%sep%% %%sitetitle%%.ch","_seopress_titles_desc":"Entdecken Sie Trauringe aus unserer TOGETHER-Kollektion. Hochwertiger Stahl, Karbon und Diamanten f\u00fcr Ihren besonderen Tag. Besuchen Sie uns f\u00fcr eine Beratung.","_seopress_robots_index":""},"brand":[41444],"product_brand":[],"product_cat":[27345,27129],"product_tag":[],"class_list":{"0":"post-160861","1":"product","2":"type-product","3":"status-publish","4":"has-post-thumbnail","6":"brand-steel-jewellery-de","7":"product_cat-stahl-ringe","8":"product_cat-trauringe","9":"pa_choixdesalliances-damen","10":"pa_choixdesalliances-herren","11":"pa_choixdesalliances-paar","12":"pa_garantie-12monate","13":"pa_matiere-karbon","14":"pa_matiere-stahl","15":"pa_pierresmodeledame-diamant-de","16":"sales-flash-overlay","17":"woocommerce-text-align-center","18":"woocommerce-image-align-center","19":"do-quantity-buttons","21":"first","22":"instock","23":"taxable","24":"shipping-taxable","25":"purchasable","26":"product-type-variable","27":"has-default-attributes"},"acf":[],"_links":{"self":[{"href":"https:\/\/lediamant.ch\/de\/wp-json\/wp\/v2\/product\/160861","targetHints":{"allow":["GET"]}}],"collection":[{"href":"https:\/\/lediamant.ch\/de\/wp-json\/wp\/v2\/product"}],"about":[{"href":"https:\/\/lediamant.ch\/de\/wp-json\/wp\/v2\/types\/product"}],"wp:featuredmedia":[{"embeddable":true,"href":"https:\/\/lediamant.ch\/de\/wp-json\/wp\/v2\/media\/160856"}],"wp:attachment":[{"href":"https:\/\/lediamant.ch\/de\/wp-json\/wp\/v2\/media?parent=160861"}],"wp:term":[{"taxonomy":"brand","embeddable":true,"href":"https:\/\/lediamant.ch\/de\/wp-json\/wp\/v2\/brand?post=160861"},{"taxonomy":"product_brand","embeddable":true,"href":"https:\/\/lediamant.ch\/de\/wp-json\/wp\/v2\/product_brand?post=160861"},{"taxonomy":"product_cat","embeddable":true,"href":"https:\/\/lediamant.ch\/de\/wp-json\/wp\/v2\/product_cat?post=160861"},{"taxonomy":"product_tag","embeddable":true,"href":"https:\/\/lediamant.ch\/de\/wp-json\/wp\/v2\/product_tag?post=160861"}],"curies":[{"name":"wp","href":"https:\/\/api.w.org\/{rel}","templated":true}]}}