{"id":161012,"date":"2022-05-20T15:52:04","date_gmt":"2022-05-20T13:52:04","guid":{"rendered":"https:\/\/lediamant.ch\/produit\/uhren-de\/maurice-lacroix-de\/aikon-quartz-de\/maurice-lacroix-aikon-quarz-35mm-perlmutt-zweifarbiges-armband\/"},"modified":"2025-12-05T16:50:56","modified_gmt":"2025-12-05T15:50:56","slug":"maurice-lacroix-aikon-quartz-35mm-nacre-bracelet-bicolore","status":"publish","type":"product","link":"https:\/\/lediamant.ch\/de\/uhren\/161012-maurice-lacroix-aikon-quarz-35mm-ai1106-pvp02-170-1\/","title":{"rendered":"Maurice Lacroix AIKON Quarz, 35mm"},"content":{"rendered":"<p>Maurice Lacroix kehrte zu den Wurzeln seiner ikonischen Geschichte zur\u00fcck und pr\u00e4sentierte eine Reihe von \u00c4nderungen an der AIKON Quartz, die f\u00fcr jede Referenz spezifische Verbesserungen mit sich brachten.<\/p>\n<p>In einem Geist der st\u00e4ndigen Verbesserung hat Maurice Lacroix den AIKON Quartz \u00fcberarbeitet. Mit der Erfahrung aus der Einf\u00fchrung der ersten AIKON und dem Feedback von Kunden und H\u00e4ndlern hat das Haus im Jura jede Komponente des Sportmodells neu \u00fcberdacht. Jede Kurve, Facette, Linie und Oberfl\u00e4che wurde verfeinert, um ein neues, schlichteres Design zu schaffen. Dar\u00fcber hinaus wurden alle Merkmale jeder Referenz verbessert, was die luxuri\u00f6se Aura der Kreationen unterstreicht.<\/p>\n<p>Geh\u00e4use: Stahl\/ Gelbgold-PVD &amp; Armband: Stahl\/Gelbgold-PVD. Wasserdicht bis 10 ATM.  35 mm<\/p>\n","protected":false},"excerpt":{"rendered":"<p>Maurice Lacroix kehrte zu den Wurzeln seiner ikonischen Geschichte zur\u00fcck und pr\u00e4sentierte eine Reihe von \u00c4nderungen an der AIKON Quartz, die f\u00fcr jede Referenz spezifische Verbesserungen mit sich brachten. In einem Geist der st\u00e4ndigen Verbesserung hat Maurice Lacroix den AIKON Quartz \u00fcberarbeitet. Mit der Erfahrung aus der Einf\u00fchrung der ersten AIKON und dem Feedback von &#8230; <a title=\"Maurice Lacroix AIKON Quarz, 35mm\" class=\"read-more\" href=\"https:\/\/lediamant.ch\/de\/uhren\/161012-maurice-lacroix-aikon-quarz-35mm-ai1106-pvp02-170-1\/\" aria-label=\"Mehr Informationen \u00fcber Maurice Lacroix AIKON Quarz, 35mm\">Weiterlesen &#8230;<\/a><\/p>\n","protected":false},"featured_media":161008,"template":"","meta":{"_acf_changed":false,"_seopress_robots_primary_cat":"27204","_seopress_titles_title":"","_seopress_titles_desc":"","_seopress_robots_index":""},"brand":[27103],"product_brand":[],"product_cat":[27205,27137,27149,27123],"product_tag":[],"class_list":{"0":"post-161012","1":"product","2":"type-product","3":"status-publish","4":"has-post-thumbnail","6":"brand-mauricelacroix-de","7":"product_cat-aikon-de","8":"product_cat-bracelet-ajustable-de","9":"product_cat-maurice-lacroix-de","10":"product_cat-uhren","11":"pa_couleurduboitier-zweifarbig-de","12":"pa_couleurdubracelet-bicolor","13":"pa_couleurducadran-perlmutt","14":"pa_etancheite-100m-de","15":"pa_forme-runden","16":"pa_garantie-24monate","17":"pa_genre-frau","18":"pa_matiere-zweifarbigstahlrosegoldpvd","19":"pa_matierebraceletmontre-edelstahl","20":"pa_mouvement-quarzbatterie-de","21":"pa_swissmade-ja-de","22":"pa_typedemontre-uhrenmitdiamanten","23":"pa_verre-saphir-de","24":"sales-flash-overlay","25":"woocommerce-text-align-center","26":"woocommerce-image-align-center","27":"do-quantity-buttons","29":"first","30":"instock","31":"taxable","32":"shipping-taxable","33":"purchasable","34":"product-type-simple"},"acf":[],"_links":{"self":[{"href":"https:\/\/lediamant.ch\/de\/wp-json\/wp\/v2\/product\/161012","targetHints":{"allow":["GET"]}}],"collection":[{"href":"https:\/\/lediamant.ch\/de\/wp-json\/wp\/v2\/product"}],"about":[{"href":"https:\/\/lediamant.ch\/de\/wp-json\/wp\/v2\/types\/product"}],"wp:featuredmedia":[{"embeddable":true,"href":"https:\/\/lediamant.ch\/de\/wp-json\/wp\/v2\/media\/161008"}],"wp:attachment":[{"href":"https:\/\/lediamant.ch\/de\/wp-json\/wp\/v2\/media?parent=161012"}],"wp:term":[{"taxonomy":"brand","embeddable":true,"href":"https:\/\/lediamant.ch\/de\/wp-json\/wp\/v2\/brand?post=161012"},{"taxonomy":"product_brand","embeddable":true,"href":"https:\/\/lediamant.ch\/de\/wp-json\/wp\/v2\/product_brand?post=161012"},{"taxonomy":"product_cat","embeddable":true,"href":"https:\/\/lediamant.ch\/de\/wp-json\/wp\/v2\/product_cat?post=161012"},{"taxonomy":"product_tag","embeddable":true,"href":"https:\/\/lediamant.ch\/de\/wp-json\/wp\/v2\/product_tag?post=161012"}],"curies":[{"name":"wp","href":"https:\/\/api.w.org\/{rel}","templated":true}]}}