{"id":161030,"date":"2022-08-22T14:21:07","date_gmt":"2022-08-22T12:21:07","guid":{"rendered":"https:\/\/lediamant.ch\/produit\/uhren-de\/maurice-lacroix-de\/aikon-quartz-de\/maurice-lacroix-aikon-quarz-40-mm-blau-stahlarmband\/"},"modified":"2024-03-19T16:09:42","modified_gmt":"2024-03-19T15:09:42","slug":"maurice-lacroix-aikon-quarz-40-mm-blau-stahlarmband","status":"publish","type":"product","link":"https:\/\/lediamant.ch\/de\/uhren\/161030-maurice-lacroix-aikon-quarz-40-mm-blau-stahlarmband\/","title":{"rendered":"Maurice Lacroix AIKON Quarz, 40 mm"},"content":{"rendered":"<p>Maurice Lacroix kehrt zu den Urspr\u00fcngen der Ikone zur\u00fcck und nimmt eine Reihe von \u00c4nderungen an den AIKON Quartz Modellen vor, die nicht nur die \u00c4sthetik der Kollektion aufwerten.<\/p>\n<p>Getreu seinem Bestreben, seine Kreationen kontinuierlich zu verbessern, hat Maurice Lacroix die AIKON Quartz \u00fcberarbeitet. Insbesondere das Feedback von Kunden und H\u00e4ndlern f\u00fchrte zu einer Neubewertung der verschiedenen Komponenten dieses sportlichen Modells. Jede Kurve, Facette, Linie und Oberfl\u00e4che wurde verfeinert, um der Uhr ein neues, klareres Aussehen zu verleihen. Dar\u00fcber hinaus wurden die technischen Merkmale jedes Modells verbessert, um ihren luxuri\u00f6sen Charakter zu betonen.<\/p>\n","protected":false},"excerpt":{"rendered":"<p>Maurice Lacroix kehrt zu den Urspr\u00fcngen der Ikone zur\u00fcck und nimmt eine Reihe von \u00c4nderungen an den AIKON Quartz Modellen vor, die nicht nur die \u00c4sthetik der Kollektion aufwerten. Getreu seinem Bestreben, seine Kreationen kontinuierlich zu verbessern, hat Maurice Lacroix die AIKON Quartz \u00fcberarbeitet. Insbesondere das Feedback von Kunden und H\u00e4ndlern f\u00fchrte zu einer Neubewertung &#8230; <a title=\"Maurice Lacroix AIKON Quarz, 40 mm\" class=\"read-more\" href=\"https:\/\/lediamant.ch\/de\/uhren\/161030-maurice-lacroix-aikon-quarz-40-mm-blau-stahlarmband\/\" aria-label=\"Mehr Informationen \u00fcber Maurice Lacroix AIKON Quarz, 40 mm\">Weiterlesen &#8230;<\/a><\/p>\n","protected":false},"featured_media":161024,"template":"","meta":{"_acf_changed":false,"_seopress_robots_primary_cat":"none","_seopress_titles_title":"","_seopress_titles_desc":"","_seopress_robots_index":""},"brand":[27103],"product_brand":[],"product_cat":[27205,27137,27149,27123],"product_tag":[],"class_list":{"0":"post-161030","1":"product","2":"type-product","3":"status-publish","4":"has-post-thumbnail","6":"brand-mauricelacroix-de","7":"product_cat-aikon-de","8":"product_cat-bracelet-ajustable-de","9":"product_cat-maurice-lacroix-de","10":"product_cat-uhren","11":"pa_couleurduboitier-grau-de","12":"pa_couleurducadran-blau","13":"pa_etancheite-100m-de","14":"pa_forme-runden","15":"pa_garantie-24monate","16":"pa_genre-mann","17":"pa_matiere-stahl","18":"pa_matierebraceletmontre-edelstahl","19":"pa_mouvement-quarzbatterie-de","20":"pa_swissmade-ja-de","21":"sales-flash-overlay","22":"woocommerce-text-align-center","23":"woocommerce-image-align-center","24":"do-quantity-buttons","26":"first","27":"instock","28":"taxable","29":"shipping-taxable","30":"purchasable","31":"product-type-simple"},"acf":[],"_links":{"self":[{"href":"https:\/\/lediamant.ch\/de\/wp-json\/wp\/v2\/product\/161030","targetHints":{"allow":["GET"]}}],"collection":[{"href":"https:\/\/lediamant.ch\/de\/wp-json\/wp\/v2\/product"}],"about":[{"href":"https:\/\/lediamant.ch\/de\/wp-json\/wp\/v2\/types\/product"}],"wp:featuredmedia":[{"embeddable":true,"href":"https:\/\/lediamant.ch\/de\/wp-json\/wp\/v2\/media\/161024"}],"wp:attachment":[{"href":"https:\/\/lediamant.ch\/de\/wp-json\/wp\/v2\/media?parent=161030"}],"wp:term":[{"taxonomy":"brand","embeddable":true,"href":"https:\/\/lediamant.ch\/de\/wp-json\/wp\/v2\/brand?post=161030"},{"taxonomy":"product_brand","embeddable":true,"href":"https:\/\/lediamant.ch\/de\/wp-json\/wp\/v2\/product_brand?post=161030"},{"taxonomy":"product_cat","embeddable":true,"href":"https:\/\/lediamant.ch\/de\/wp-json\/wp\/v2\/product_cat?post=161030"},{"taxonomy":"product_tag","embeddable":true,"href":"https:\/\/lediamant.ch\/de\/wp-json\/wp\/v2\/product_tag?post=161030"}],"curies":[{"name":"wp","href":"https:\/\/api.w.org\/{rel}","templated":true}]}}