{"id":161054,"date":"2022-08-22T14:20:52","date_gmt":"2022-08-22T12:20:52","guid":{"rendered":"https:\/\/lediamant.ch\/produit\/uhren-de\/maurice-lacroix-de\/aikon-quartz-de\/maurice-lacroix-aikon-quarz-35-mm-schwarz-metallarmband\/"},"modified":"2024-11-13T17:48:40","modified_gmt":"2024-11-13T16:48:40","slug":"maurice-lacroix-aikon-quarz-35-mm-schwarz-metallarmband","status":"publish","type":"product","link":"https:\/\/lediamant.ch\/de\/uhren\/161054-maurice-lacroix-aikon-quarz-35-mm-schwarz-ai1106-ss002-350-1\/","title":{"rendered":"Maurice Lacroix AIKON Quarz, 35 mm"},"content":{"rendered":"<p>Im Sinne einer kontinuierlichen Verbesserung hat Maurice Lacroix die AIKON Quartz \u00fcberarbeitet. Gest\u00fctzt auf seine Erfahrungen, die er seit der Einf\u00fchrung der ersten AIKON gesammelt hat, und in Anbetracht des Feedbacks von Kunden und H\u00e4ndlern, hat das Haus aus dem Jura jede Komponente des sportlichen Modells neu \u00fcberdacht. Jede Kurve, Facette, Linie und Oberfl\u00e4che wurde verfeinert, um ein neues, schlichteres Design zu schaffen. Dar\u00fcber hinaus wurden alle Eigenschaften jeder Referenz verbessert, um die luxuri\u00f6se Aura der Kreationen zu unterstreichen.<\/p>\n","protected":false},"excerpt":{"rendered":"<p>Im Sinne einer kontinuierlichen Verbesserung hat Maurice Lacroix die AIKON Quartz \u00fcberarbeitet. Gest\u00fctzt auf seine Erfahrungen, die er seit der Einf\u00fchrung der ersten AIKON gesammelt hat, und in Anbetracht des Feedbacks von Kunden und H\u00e4ndlern, hat das Haus aus dem Jura jede Komponente des sportlichen Modells neu \u00fcberdacht. Jede Kurve, Facette, Linie und Oberfl\u00e4che wurde &#8230; <a title=\"Maurice Lacroix AIKON Quarz, 35 mm\" class=\"read-more\" href=\"https:\/\/lediamant.ch\/de\/uhren\/161054-maurice-lacroix-aikon-quarz-35-mm-schwarz-ai1106-ss002-350-1\/\" aria-label=\"Mehr Informationen \u00fcber Maurice Lacroix AIKON Quarz, 35 mm\">Weiterlesen &#8230;<\/a><\/p>\n","protected":false},"featured_media":161048,"template":"","meta":{"_acf_changed":false,"_seopress_robots_primary_cat":"27205","_seopress_titles_title":"","_seopress_titles_desc":"","_seopress_robots_index":""},"brand":[27103],"product_brand":[],"product_cat":[27205,27137,27149,27123],"product_tag":[],"class_list":{"0":"post-161054","1":"product","2":"type-product","3":"status-publish","4":"has-post-thumbnail","6":"brand-mauricelacroix-de","7":"product_cat-aikon-de","8":"product_cat-bracelet-ajustable-de","9":"product_cat-maurice-lacroix-de","10":"product_cat-uhren","11":"pa_couleurduboitier-grau-de","12":"pa_couleurducadran-schwarz","13":"pa_etancheite-100m-de","14":"pa_forme-runden","15":"pa_garantie-24monate","16":"pa_genre-frau","17":"pa_matiere-stahl","18":"pa_matierebraceletmontre-edelstahl","19":"pa_mouvement-quarzbatterie-de","20":"pa_swissmade-ja-de","21":"pa_typedemontre-uhrenmitdiamanten","22":"sales-flash-overlay","23":"woocommerce-text-align-center","24":"woocommerce-image-align-center","25":"do-quantity-buttons","27":"first","28":"instock","29":"taxable","30":"shipping-taxable","31":"purchasable","32":"product-type-simple"},"acf":[],"_links":{"self":[{"href":"https:\/\/lediamant.ch\/de\/wp-json\/wp\/v2\/product\/161054","targetHints":{"allow":["GET"]}}],"collection":[{"href":"https:\/\/lediamant.ch\/de\/wp-json\/wp\/v2\/product"}],"about":[{"href":"https:\/\/lediamant.ch\/de\/wp-json\/wp\/v2\/types\/product"}],"wp:featuredmedia":[{"embeddable":true,"href":"https:\/\/lediamant.ch\/de\/wp-json\/wp\/v2\/media\/161048"}],"wp:attachment":[{"href":"https:\/\/lediamant.ch\/de\/wp-json\/wp\/v2\/media?parent=161054"}],"wp:term":[{"taxonomy":"brand","embeddable":true,"href":"https:\/\/lediamant.ch\/de\/wp-json\/wp\/v2\/brand?post=161054"},{"taxonomy":"product_brand","embeddable":true,"href":"https:\/\/lediamant.ch\/de\/wp-json\/wp\/v2\/product_brand?post=161054"},{"taxonomy":"product_cat","embeddable":true,"href":"https:\/\/lediamant.ch\/de\/wp-json\/wp\/v2\/product_cat?post=161054"},{"taxonomy":"product_tag","embeddable":true,"href":"https:\/\/lediamant.ch\/de\/wp-json\/wp\/v2\/product_tag?post=161054"}],"curies":[{"name":"wp","href":"https:\/\/api.w.org\/{rel}","templated":true}]}}