{"id":161088,"date":"2022-05-23T01:00:15","date_gmt":"2022-05-22T23:00:15","guid":{"rendered":"https:\/\/lediamant.ch\/produit\/uhren-de\/tissot-de\/tissot-t-classic-de\/tissot-prx-quartz-de\/tissot-prx-6\/"},"modified":"2025-10-03T08:38:41","modified_gmt":"2025-10-03T06:38:41","slug":"tissot-prx-6","status":"publish","type":"product","link":"https:\/\/lediamant.ch\/de\/uhren\/161088-tissot-prx-6\/","title":{"rendered":"Tissot PRX 40 mm"},"content":{"rendered":"<p>1978 entwarf Tissot ein Quarzmodell mit einem schlanken Geh\u00e4use, feinen Indizes und einem Stahlarmband. Die f\u00fcr die damalige Zeit typischen breiten und horizontalen H\u00f6rner f\u00fcgten sich perfekt in das flache, tonnenf\u00f6rmige Geh\u00e4use ein. Einige Jahre sp\u00e4ter lie\u00df Tissot den Namen PRX eintragen.   &#8222;PR&#8220; steht f\u00fcr &#8222;pr\u00e4zise&#8220; und &#8222;robust&#8220;. Das &#8222;X&#8220; steht f\u00fcr die r\u00f6mische Zahl 10 und den Druck von 10 bar, was einer Tiefe von 100 Metern entspricht, in der die Uhr wasserdicht blieb. Im Jahr 2021 wird Tissot die PRX 40 205 vorstellen, wobei die Zahlen die damalige Produktnummer der Uhr wiedergeben. Es handelt sich um eine moderne Interpretation des Vorg\u00e4ngermodells. Das Geh\u00e4use der Tissot PRX 40 205 besteht aus 316L-Edelstahl und hat einen Durchmesser von 40 mm.    Sie hat eine leicht tonnenf\u00f6rmige Form und ist mit einer schmalen, runden L\u00fcnette verziert. Vertikal geb\u00fcrstete und abgerundete Oberfl\u00e4chen wechseln sich mit polierten Facetten an den Seiten ab. Die Tissot PRX 40 205 Quarz hat ein sonnenbeschienenes Zifferblatt mit vernickelten Indizes und Zeigern. Es gibt auch eine Variante mit einem silbergrauen, satinierten Zifferblatt mit ros\u00e9goldfarbenen Indizes und Zeigern - eine Farbkombination, die ebenfalls an die sp\u00e4ten 1970er Jahre erinnert. Die Linien des Geh\u00e4uses gehen direkt in das Armband \u00fcber, ohne dass die traditionellen H\u00f6rner verwendet werden. Die Zeiger des PRX 40 205 sind mit SuperLumiNova\u00ae beschichtet und liegen sehr eng \u00fcbereinander.     Dadurch wird das Zifferblatt n\u00e4her an das Uhrenglas herangezogen. Der von den Tissot Designern erzielte optische Effekt l\u00e4sst das Geh\u00e4use der Uhr noch flacher und d\u00fcnner erscheinen, als es in Wirklichkeit ist. Diese Version ist mit einem blauen Zifferblatt mit Sonnenschliff und Indexen sowie einem blauen Lederarmband mit einer Standardschlie\u00dfe ausgestattet. <\/p>\n","protected":false},"excerpt":{"rendered":"<p>1978 entwarf Tissot ein Quarzmodell mit einem schlanken Geh\u00e4use, feinen Indizes und einem Stahlarmband. Die f\u00fcr die damalige Zeit typischen breiten und horizontalen H\u00f6rner f\u00fcgten sich perfekt in das flache, tonnenf\u00f6rmige Geh\u00e4use ein. Einige Jahre sp\u00e4ter lie\u00df Tissot den Namen PRX eintragen. &#8222;PR&#8220; steht f\u00fcr &#8222;pr\u00e4zise&#8220; und &#8222;robust&#8220;. Das &#8222;X&#8220; steht f\u00fcr die r\u00f6mische Zahl &#8230; <a title=\"Tissot PRX 40 mm\" class=\"read-more\" href=\"https:\/\/lediamant.ch\/de\/uhren\/161088-tissot-prx-6\/\" aria-label=\"Mehr Informationen \u00fcber Tissot PRX 40 mm\">Weiterlesen &#8230;<\/a><\/p>\n","protected":false},"featured_media":161076,"template":"","meta":{"_acf_changed":false,"_seopress_robots_primary_cat":"27388","_seopress_titles_title":"","_seopress_titles_desc":"","_seopress_robots_index":""},"brand":[27087],"product_brand":[],"product_cat":[27159,27389,27123],"product_tag":[],"class_list":{"0":"post-161088","1":"product","2":"type-product","3":"status-publish","4":"has-post-thumbnail","6":"brand-tissot-de","7":"product_cat-tissot-de","8":"product_cat-tissot-prx","9":"product_cat-uhren","10":"pa_couleurduboitier-grau-de","11":"pa_couleurdubracelet-blau-de","12":"pa_couleurducadran-blau","13":"pa_etancheite-100m-de","14":"pa_garantie-24monate","15":"pa_genre-mann","16":"pa_matiere-stahl","17":"pa_matierebraceletmontre-leder","18":"pa_mouvement-quarzbatterie-de","19":"pa_swissmade-ja-de","20":"pa_verre-saphir-de","21":"sales-flash-overlay","22":"woocommerce-text-align-center","23":"woocommerce-image-align-center","24":"do-quantity-buttons","26":"first","27":"instock","28":"taxable","29":"shipping-taxable","30":"purchasable","31":"product-type-simple"},"acf":[],"_links":{"self":[{"href":"https:\/\/lediamant.ch\/de\/wp-json\/wp\/v2\/product\/161088","targetHints":{"allow":["GET"]}}],"collection":[{"href":"https:\/\/lediamant.ch\/de\/wp-json\/wp\/v2\/product"}],"about":[{"href":"https:\/\/lediamant.ch\/de\/wp-json\/wp\/v2\/types\/product"}],"wp:featuredmedia":[{"embeddable":true,"href":"https:\/\/lediamant.ch\/de\/wp-json\/wp\/v2\/media\/161076"}],"wp:attachment":[{"href":"https:\/\/lediamant.ch\/de\/wp-json\/wp\/v2\/media?parent=161088"}],"wp:term":[{"taxonomy":"brand","embeddable":true,"href":"https:\/\/lediamant.ch\/de\/wp-json\/wp\/v2\/brand?post=161088"},{"taxonomy":"product_brand","embeddable":true,"href":"https:\/\/lediamant.ch\/de\/wp-json\/wp\/v2\/product_brand?post=161088"},{"taxonomy":"product_cat","embeddable":true,"href":"https:\/\/lediamant.ch\/de\/wp-json\/wp\/v2\/product_cat?post=161088"},{"taxonomy":"product_tag","embeddable":true,"href":"https:\/\/lediamant.ch\/de\/wp-json\/wp\/v2\/product_tag?post=161088"}],"curies":[{"name":"wp","href":"https:\/\/api.w.org\/{rel}","templated":true}]}}