{"id":161184,"date":"2022-11-09T18:26:47","date_gmt":"2022-11-09T17:26:47","guid":{"rendered":"https:\/\/lediamant.ch\/produit\/uhren-de\/tissot-de\/tissot-t-classic-de\/tissot-le-locle-automatik-de\/tissot-le-locle-powermatic-80-open-heart-3\/"},"modified":"2022-11-09T18:26:47","modified_gmt":"2022-11-09T17:26:47","slug":"tissot-le-locle-powermatic-80-open-heart-3","status":"publish","type":"product","link":"https:\/\/lediamant.ch\/de\/uhren\/161184-tissot-le-locle-powermatic-80-open-heart-3\/","title":{"rendered":"Tissot Le Locle Powermatic 80 Open Heart"},"content":{"rendered":"<p>Das Modell Tissot Le Locle Powermatic 80 Open Heart verk\u00f6rpert das gesamte Erbe und das Know-how der Marke in der Uhrmacherei. Benannt nach der Geburtsstadt der Marke Tissot im Schweizer Jura, verk\u00f6rpert dieser Zeitmesser die zeitlose Eleganz, die die Uhrmachertradition geerbt hat. Die Uhr verf\u00fcgt \u00fcber ein Schweizer Automatikwerk Powermatic 80, ein silbernes Zifferblatt, kratzfestes Saphirglas, ein Geh\u00e4use aus Edelstahl und einen transparenten Boden, durch den das Uhrwerk bewundert werden kann. Die Uhr hat ein Armband aus 316L-Edelstahl.<\/p>\n","protected":false},"excerpt":{"rendered":"<p>Das Modell Tissot Le Locle Powermatic 80 Open Heart verk\u00f6rpert das gesamte Erbe und das Know-how der Marke in der Uhrmacherei. Benannt nach der Geburtsstadt der Marke Tissot im Schweizer Jura, verk\u00f6rpert dieser Zeitmesser die zeitlose Eleganz, die die Uhrmachertradition geerbt hat. Die Uhr verf\u00fcgt \u00fcber ein Schweizer Automatikwerk Powermatic 80, ein silbernes Zifferblatt, kratzfestes &#8230; <a title=\"Tissot Le Locle Powermatic 80 Open Heart\" class=\"read-more\" href=\"https:\/\/lediamant.ch\/de\/uhren\/161184-tissot-le-locle-powermatic-80-open-heart-3\/\" aria-label=\"Mehr Informationen \u00fcber Tissot Le Locle Powermatic 80 Open Heart\">Weiterlesen &#8230;<\/a><\/p>\n","protected":false},"featured_media":161170,"template":"","meta":{"_acf_changed":false,"_seopress_robots_primary_cat":"","_seopress_titles_title":"","_seopress_titles_desc":"","_seopress_robots_index":""},"brand":[27087],"product_brand":[],"product_cat":[27159,27245,27473,27123],"product_tag":[],"class_list":{"0":"post-161184","1":"product","2":"type-product","3":"status-publish","4":"has-post-thumbnail","6":"brand-tissot-de","7":"product_cat-tissot-de","8":"product_cat-tissot-classic","9":"product_cat-tissot-le-locle","10":"product_cat-uhren","11":"pa_couleurduboitier-zweifarbig-de","12":"pa_couleurdubracelet-rosa-de","13":"pa_couleurducadran-silber","14":"pa_dimensions-o-39-3-mm","15":"pa_etancheite-30m-de","16":"pa_forme-runden","17":"pa_garantie-24monate","18":"pa_genre-mann","19":"pa_matiere-zweifarbigstahlrosegoldpvd","20":"pa_matierebraceletmontre-edelstahl","21":"pa_mouvement-automatik-de","22":"pa_swissmade-ja-de","23":"sales-flash-overlay","24":"woocommerce-text-align-center","25":"woocommerce-image-align-center","26":"do-quantity-buttons","28":"first","29":"instock","30":"taxable","31":"shipping-taxable","32":"purchasable","33":"product-type-simple"},"acf":[],"_links":{"self":[{"href":"https:\/\/lediamant.ch\/de\/wp-json\/wp\/v2\/product\/161184","targetHints":{"allow":["GET"]}}],"collection":[{"href":"https:\/\/lediamant.ch\/de\/wp-json\/wp\/v2\/product"}],"about":[{"href":"https:\/\/lediamant.ch\/de\/wp-json\/wp\/v2\/types\/product"}],"wp:featuredmedia":[{"embeddable":true,"href":"https:\/\/lediamant.ch\/de\/wp-json\/wp\/v2\/media\/161170"}],"wp:attachment":[{"href":"https:\/\/lediamant.ch\/de\/wp-json\/wp\/v2\/media?parent=161184"}],"wp:term":[{"taxonomy":"brand","embeddable":true,"href":"https:\/\/lediamant.ch\/de\/wp-json\/wp\/v2\/brand?post=161184"},{"taxonomy":"product_brand","embeddable":true,"href":"https:\/\/lediamant.ch\/de\/wp-json\/wp\/v2\/product_brand?post=161184"},{"taxonomy":"product_cat","embeddable":true,"href":"https:\/\/lediamant.ch\/de\/wp-json\/wp\/v2\/product_cat?post=161184"},{"taxonomy":"product_tag","embeddable":true,"href":"https:\/\/lediamant.ch\/de\/wp-json\/wp\/v2\/product_tag?post=161184"}],"curies":[{"name":"wp","href":"https:\/\/api.w.org\/{rel}","templated":true}]}}