{"id":161442,"date":"2022-10-19T11:41:56","date_gmt":"2022-10-19T09:41:56","guid":{"rendered":"https:\/\/lediamant.ch\/produit\/uhren-de\/hamilton-de\/khaki-navy-de\/hamilton-khaki-navy-frogman-auto-automatik-46mm-2\/"},"modified":"2022-10-19T11:41:56","modified_gmt":"2022-10-19T09:41:56","slug":"hamilton-khaki-navy-frogman-auto-automatik-46mm-2","status":"publish","type":"product","link":"https:\/\/lediamant.ch\/de\/uhren\/161442-hamilton-khaki-navy-frogman-auto-automatik-46mm-2\/","title":{"rendered":"Hamilton Khaki Navy Frogman Auto Automatik | 46mm"},"content":{"rendered":"<p>Die mit einem k\u00fchnen Look ausgestattete Khaki Navy Frogman Automatic ist die technisch hochwertigste maritime Uhr von Hamilton. Dieses auf Pr\u00e4zision, Ablesbarkeit und Ausdauer ausgelegte Pr\u00e4zisionsinstrument r\u00fcstet das Handgelenk mit einem Kronenschutzsystem und einem Kautschukarmband mit Welleneffekt aus.<\/p>\n","protected":false},"excerpt":{"rendered":"<p>Die mit einem k\u00fchnen Look ausgestattete Khaki Navy Frogman Automatic ist die technisch hochwertigste maritime Uhr von Hamilton. Dieses auf Pr\u00e4zision, Ablesbarkeit und Ausdauer ausgelegte Pr\u00e4zisionsinstrument r\u00fcstet das Handgelenk mit einem Kronenschutzsystem und einem Kautschukarmband mit Welleneffekt aus.<\/p>\n","protected":false},"featured_media":161427,"template":"","meta":{"_acf_changed":false,"_seopress_robots_primary_cat":"","_seopress_titles_title":"","_seopress_titles_desc":"","_seopress_robots_index":""},"brand":[27085],"product_brand":[],"product_cat":[27123,27181,27305],"product_tag":[],"class_list":{"0":"post-161442","1":"product","2":"type-product","3":"status-publish","4":"has-post-thumbnail","6":"brand-hamilton-de","7":"product_cat-uhren","8":"product_cat-hamilton-de","9":"product_cat-khaki-navy-de","10":"pa_couleurduboitier-grau-de","11":"pa_couleurdubracelet-grun-de","12":"pa_couleurducadran-schwarz","13":"pa_etancheite-300m-de","14":"pa_forme-runden","15":"pa_garantie-24monate","16":"pa_genre-mann","17":"pa_matiere-stahl","18":"pa_matierebraceletmontre-kautschuk","19":"pa_mouvement-automatik-de","20":"pa_swissmade-ja-de","21":"pa_typedemontre-taucheruhren","22":"pa_verre-saphir-de","23":"sales-flash-overlay","24":"woocommerce-text-align-center","25":"woocommerce-image-align-center","26":"do-quantity-buttons","28":"first","29":"instock","30":"taxable","31":"shipping-taxable","32":"purchasable","33":"product-type-simple"},"acf":[],"_links":{"self":[{"href":"https:\/\/lediamant.ch\/de\/wp-json\/wp\/v2\/product\/161442","targetHints":{"allow":["GET"]}}],"collection":[{"href":"https:\/\/lediamant.ch\/de\/wp-json\/wp\/v2\/product"}],"about":[{"href":"https:\/\/lediamant.ch\/de\/wp-json\/wp\/v2\/types\/product"}],"wp:featuredmedia":[{"embeddable":true,"href":"https:\/\/lediamant.ch\/de\/wp-json\/wp\/v2\/media\/161427"}],"wp:attachment":[{"href":"https:\/\/lediamant.ch\/de\/wp-json\/wp\/v2\/media?parent=161442"}],"wp:term":[{"taxonomy":"brand","embeddable":true,"href":"https:\/\/lediamant.ch\/de\/wp-json\/wp\/v2\/brand?post=161442"},{"taxonomy":"product_brand","embeddable":true,"href":"https:\/\/lediamant.ch\/de\/wp-json\/wp\/v2\/product_brand?post=161442"},{"taxonomy":"product_cat","embeddable":true,"href":"https:\/\/lediamant.ch\/de\/wp-json\/wp\/v2\/product_cat?post=161442"},{"taxonomy":"product_tag","embeddable":true,"href":"https:\/\/lediamant.ch\/de\/wp-json\/wp\/v2\/product_tag?post=161442"}],"curies":[{"name":"wp","href":"https:\/\/api.w.org\/{rel}","templated":true}]}}