{"id":161582,"date":"2022-07-04T01:03:03","date_gmt":"2022-07-03T23:03:03","guid":{"rendered":"https:\/\/lediamant.ch\/produit\/uhren-de\/tissot-de\/tissot-t-lady-de\/tissot-lovely-de\/tissot-lovely-round-195-mm-4\/"},"modified":"2026-03-11T17:48:57","modified_gmt":"2026-03-11T16:48:57","slug":"tissot-lovely-round-195-mm-4","status":"publish","type":"product","link":"https:\/\/lediamant.ch\/de\/uhren\/161582-tissot-lovely-round-19-mm-4-t1400093609100\/","title":{"rendered":"Tissot Lovely Round, 19.5 mm"},"content":{"rendered":"<p>Die Tissot Lovely Round kultiviert ein anspruchsvolles Design f\u00fcr zeitlose Eleganz. Die Uhr zeigt ein goldenes PVD-beschichtetes Zifferblatt und ist an einem gr\u00fcnen Lederarmband montiert. Die Tissot Lovely hat ein kratzfestes Saphirglas und ein pr\u00e4zises, in der Schweiz hergestelltes Quarzwerk, das f\u00fcr perfekte Zuverl\u00e4ssigkeit b\u00fcrgt.<\/p>\n","protected":false},"excerpt":{"rendered":"<p>DURCHMESSER: 19,5 MM<\/p>\n<p>QUARZWERK<\/p>\n<p>KRATZFESTES SAPHIRGLAS, FACETTIERT WIE EIN DIAMANT<\/p>\n<p>VERSTELLBARES LEDERARMBAND<\/p>\n","protected":false},"featured_media":161570,"template":"","meta":{"_acf_changed":false,"_seopress_robots_primary_cat":"27159","_seopress_titles_title":"","_seopress_titles_desc":"","_seopress_robots_index":""},"brand":[27087],"product_brand":[],"product_cat":[27123,27159,27297,27423],"product_tag":[],"class_list":{"0":"post-161582","1":"product","2":"type-product","3":"status-publish","4":"has-post-thumbnail","6":"brand-tissot-de","7":"product_cat-uhren","8":"product_cat-tissot-de","9":"product_cat-exklusiv-fur-damen","10":"product_cat-tissot-lovely","11":"pa_couleurduboitier-gelb-de","12":"pa_couleurdubracelet-grun-de","13":"pa_couleurducadran-grun","14":"pa_dimensions-o-19-5-mm","15":"pa_etancheite-30m-de","16":"pa_forme-runden","17":"pa_garantie-24monate","18":"pa_genre-frau","19":"pa_matiere-gelbgoldpvd","20":"pa_matierebraceletmontre-leder","21":"pa_mouvement-quarzbatterie-de","22":"pa_swissmade-ja-de","23":"pa_verre-saphir-de","24":"sales-flash-overlay","25":"woocommerce-text-align-center","26":"woocommerce-image-align-center","27":"do-quantity-buttons","29":"first","30":"instock","31":"taxable","32":"shipping-taxable","33":"purchasable","34":"product-type-simple"},"acf":[],"_links":{"self":[{"href":"https:\/\/lediamant.ch\/de\/wp-json\/wp\/v2\/product\/161582","targetHints":{"allow":["GET"]}}],"collection":[{"href":"https:\/\/lediamant.ch\/de\/wp-json\/wp\/v2\/product"}],"about":[{"href":"https:\/\/lediamant.ch\/de\/wp-json\/wp\/v2\/types\/product"}],"wp:featuredmedia":[{"embeddable":true,"href":"https:\/\/lediamant.ch\/de\/wp-json\/wp\/v2\/media\/161570"}],"wp:attachment":[{"href":"https:\/\/lediamant.ch\/de\/wp-json\/wp\/v2\/media?parent=161582"}],"wp:term":[{"taxonomy":"brand","embeddable":true,"href":"https:\/\/lediamant.ch\/de\/wp-json\/wp\/v2\/brand?post=161582"},{"taxonomy":"product_brand","embeddable":true,"href":"https:\/\/lediamant.ch\/de\/wp-json\/wp\/v2\/product_brand?post=161582"},{"taxonomy":"product_cat","embeddable":true,"href":"https:\/\/lediamant.ch\/de\/wp-json\/wp\/v2\/product_cat?post=161582"},{"taxonomy":"product_tag","embeddable":true,"href":"https:\/\/lediamant.ch\/de\/wp-json\/wp\/v2\/product_tag?post=161582"}],"curies":[{"name":"wp","href":"https:\/\/api.w.org\/{rel}","templated":true}]}}