{"id":161622,"date":"2022-07-04T01:03:51","date_gmt":"2022-07-03T23:03:51","guid":{"rendered":"https:\/\/lediamant.ch\/produit\/uhren-de\/tissot-de\/tissot-t-classic-de\/tissot-classic-dream-de\/tissot-classic-dream-42-mm-3\/"},"modified":"2022-07-04T01:03:51","modified_gmt":"2022-07-03T23:03:51","slug":"tissot-classic-dream-42-mm-3","status":"publish","type":"product","link":"https:\/\/lediamant.ch\/de\/uhren\/161622-tissot-classic-dream-42-mm-3\/","title":{"rendered":"Tissot Classic Dream, 42 mm"},"content":{"rendered":"<p>Die Tissot Classic Dream ist ein zeitloses Modell, ein klassisches St\u00fcck mit minimalistischem Design. Hergestellt aus 316L-Edelstahl, einer hochwertigen Legierung, die eine starke Korrosionsbest\u00e4ndigkeit und eine ausgezeichnete Haltbarkeit erm\u00f6glicht. Diese Zeitmesser bieten Raffinesse und ein schlichtes Design, das f\u00fcr jede Situation geeignet ist. Schlie\u00dflich erm\u00f6glicht das leicht zu \u00f6ffnende Wechselarmbandsystem den Wechsel des Armbands ohne jegliches Werkzeug.<\/p>\n","protected":false},"excerpt":{"rendered":"<p>Die Tissot Classic Dream ist ein zeitloses Modell, ein klassisches St\u00fcck mit minimalistischem Design. Hergestellt aus 316L-Edelstahl, einer hochwertigen Legierung, die eine starke Korrosionsbest\u00e4ndigkeit und eine ausgezeichnete Haltbarkeit erm\u00f6glicht. Diese Zeitmesser bieten Raffinesse und ein schlichtes Design, das f\u00fcr jede Situation geeignet ist. Schlie\u00dflich erm\u00f6glicht das leicht zu \u00f6ffnende Wechselarmbandsystem den Wechsel des Armbands ohne &#8230; <a title=\"Tissot Classic Dream, 42 mm\" class=\"read-more\" href=\"https:\/\/lediamant.ch\/de\/uhren\/161622-tissot-classic-dream-42-mm-3\/\" aria-label=\"Mehr Informationen \u00fcber Tissot Classic Dream, 42 mm\">Weiterlesen &#8230;<\/a><\/p>\n","protected":false},"featured_media":161609,"template":"","meta":{"_acf_changed":false,"_seopress_robots_primary_cat":"","_seopress_titles_title":"","_seopress_titles_desc":"","_seopress_robots_index":""},"brand":[27087],"product_brand":[],"product_cat":[27159,27245,27495,27123],"product_tag":[],"class_list":{"0":"post-161622","1":"product","2":"type-product","3":"status-publish","4":"has-post-thumbnail","6":"brand-tissot-de","7":"product_cat-tissot-de","8":"product_cat-tissot-classic","9":"product_cat-tissot-classic-dream","10":"product_cat-uhren","11":"pa_couleurduboitier-gelb-de","12":"pa_couleurdubracelet-braun-de","13":"pa_couleurducadran-opalin-de","14":"pa_etancheite-50m-de","15":"pa_forme-runden","16":"pa_garantie-24monate","17":"pa_genre-mann","18":"pa_matiere-gelbgoldpvd","19":"pa_matierebraceletmontre-leder","20":"pa_mouvement-quarzbatterie-de","21":"pa_swissmade-ja-de","22":"pa_verre-saphir-de","23":"sales-flash-overlay","24":"woocommerce-text-align-center","25":"woocommerce-image-align-center","26":"do-quantity-buttons","28":"first","29":"instock","30":"taxable","31":"shipping-taxable","32":"purchasable","33":"product-type-simple"},"acf":[],"_links":{"self":[{"href":"https:\/\/lediamant.ch\/de\/wp-json\/wp\/v2\/product\/161622","targetHints":{"allow":["GET"]}}],"collection":[{"href":"https:\/\/lediamant.ch\/de\/wp-json\/wp\/v2\/product"}],"about":[{"href":"https:\/\/lediamant.ch\/de\/wp-json\/wp\/v2\/types\/product"}],"wp:featuredmedia":[{"embeddable":true,"href":"https:\/\/lediamant.ch\/de\/wp-json\/wp\/v2\/media\/161609"}],"wp:attachment":[{"href":"https:\/\/lediamant.ch\/de\/wp-json\/wp\/v2\/media?parent=161622"}],"wp:term":[{"taxonomy":"brand","embeddable":true,"href":"https:\/\/lediamant.ch\/de\/wp-json\/wp\/v2\/brand?post=161622"},{"taxonomy":"product_brand","embeddable":true,"href":"https:\/\/lediamant.ch\/de\/wp-json\/wp\/v2\/product_brand?post=161622"},{"taxonomy":"product_cat","embeddable":true,"href":"https:\/\/lediamant.ch\/de\/wp-json\/wp\/v2\/product_cat?post=161622"},{"taxonomy":"product_tag","embeddable":true,"href":"https:\/\/lediamant.ch\/de\/wp-json\/wp\/v2\/product_tag?post=161622"}],"curies":[{"name":"wp","href":"https:\/\/api.w.org\/{rel}","templated":true}]}}