{"id":161660,"date":"2022-10-19T11:41:48","date_gmt":"2022-10-19T09:41:48","guid":{"rendered":"https:\/\/lediamant.ch\/produit\/uhren-de\/tissot-de\/tissot-t-classic-de\/tissot-classic-dream-de\/tissot-classic-dream-lady-28-mm-3\/"},"modified":"2022-10-19T11:41:48","modified_gmt":"2022-10-19T09:41:48","slug":"tissot-classic-dream-lady-28-mm-3","status":"publish","type":"product","link":"https:\/\/lediamant.ch\/de\/uhren\/161660-tissot-classic-dream-lady-28-mm-3\/","title":{"rendered":"Tissot Classic Dream Lady, 28 mm"},"content":{"rendered":"<p>Die Tissot Classic Dream ist ein zeitloses Modell, ein klassisches St\u00fcck mit minimalistischem Design. Hergestellt aus 316L-Edelstahl, einer hochwertigen Legierung, die eine starke Korrosionsbest\u00e4ndigkeit und eine ausgezeichnete Haltbarkeit erm\u00f6glicht. Diese Zeitmesser bieten Raffinesse und ein schlichtes Design, das sich f\u00fcr jede Situation eignet. Die Tissot Classic Dream bietet eine breite Palette an Uhren, so dass jeder die passende Uhr f\u00fcr sein Handgelenk findet.<\/p>\n","protected":false},"excerpt":{"rendered":"<p>DURCHMESSER: 28 MM<\/p>\n<p>QUARZWERK<\/p>\n<p>KRATZFESTES SAPHIRGLAS<\/p>\n<p>ROBUSTES METALLARMBAND<\/p>\n","protected":false},"featured_media":161650,"template":"","meta":{"_acf_changed":false,"_seopress_robots_primary_cat":"","_seopress_titles_title":"","_seopress_titles_desc":"","_seopress_robots_index":""},"brand":[27087],"product_brand":[],"product_cat":[27159,27245,27495,27123],"product_tag":[],"class_list":{"0":"post-161660","1":"product","2":"type-product","3":"status-publish","4":"has-post-thumbnail","6":"brand-tissot-de","7":"product_cat-tissot-de","8":"product_cat-tissot-classic","9":"product_cat-tissot-classic-dream","10":"product_cat-uhren","11":"pa_couleurduboitier-zweifarbig-de","12":"pa_couleurdubracelet-gelb-de","13":"pa_couleurdubracelet-grau-de","14":"pa_couleurducadran-silber","15":"pa_dimensions-o-28-mm","16":"pa_etancheite-50m-de","17":"pa_forme-runden","18":"pa_garantie-24monate","19":"pa_genre-frau","20":"pa_matiere-zweifarbigstahlgelbgoldpvd","21":"pa_mouvement-quarzbatterie-de","22":"pa_swissmade-ja-de","23":"pa_verre-saphir-de","24":"sales-flash-overlay","25":"woocommerce-text-align-center","26":"woocommerce-image-align-center","27":"do-quantity-buttons","29":"first","30":"instock","31":"taxable","32":"shipping-taxable","33":"purchasable","34":"product-type-simple"},"acf":[],"_links":{"self":[{"href":"https:\/\/lediamant.ch\/de\/wp-json\/wp\/v2\/product\/161660","targetHints":{"allow":["GET"]}}],"collection":[{"href":"https:\/\/lediamant.ch\/de\/wp-json\/wp\/v2\/product"}],"about":[{"href":"https:\/\/lediamant.ch\/de\/wp-json\/wp\/v2\/types\/product"}],"wp:featuredmedia":[{"embeddable":true,"href":"https:\/\/lediamant.ch\/de\/wp-json\/wp\/v2\/media\/161650"}],"wp:attachment":[{"href":"https:\/\/lediamant.ch\/de\/wp-json\/wp\/v2\/media?parent=161660"}],"wp:term":[{"taxonomy":"brand","embeddable":true,"href":"https:\/\/lediamant.ch\/de\/wp-json\/wp\/v2\/brand?post=161660"},{"taxonomy":"product_brand","embeddable":true,"href":"https:\/\/lediamant.ch\/de\/wp-json\/wp\/v2\/product_brand?post=161660"},{"taxonomy":"product_cat","embeddable":true,"href":"https:\/\/lediamant.ch\/de\/wp-json\/wp\/v2\/product_cat?post=161660"},{"taxonomy":"product_tag","embeddable":true,"href":"https:\/\/lediamant.ch\/de\/wp-json\/wp\/v2\/product_tag?post=161660"}],"curies":[{"name":"wp","href":"https:\/\/api.w.org\/{rel}","templated":true}]}}