{"id":161852,"date":"2022-09-07T13:51:45","date_gmt":"2022-09-07T11:51:45","guid":{"rendered":"https:\/\/lediamant.ch\/produit\/uhren-de\/maurice-lacroix-de\/pontos-de\/maurice-lacroix-pontos-s-chronograph-43mm-weissesgraues-zifferblatt-graues-textilarmband\/"},"modified":"2024-12-13T13:16:36","modified_gmt":"2024-12-13T12:16:36","slug":"maurice-lacroix-pontos-s-chronograph-43mm-weissesgraues-zifferblatt-graues-textilarmband","status":"publish","type":"product","link":"https:\/\/lediamant.ch\/de\/uhren\/161852-maurice-lacroix-pontos-s-chronograph-43mm-weissesgraues-zifferblatt-graues-textilarmband\/","title":{"rendered":"Maurice Lacroix PONTOS S Chronograph 43mm"},"content":{"rendered":"<p><strong>Maurice Lacroix PONTOS S Chronograph<\/strong><\/p>\n<p>Maurice Lacroix enth\u00fcllt heute eine neue Interpretation seines beliebten Modells, der PONTOS. Mit einem Chronographen, Wochentags- und Datumsanzeigen, pr\u00e4chtigen Details und einer kratzfesten Keramikl\u00fcnette verbindet der PONTOS S Chronograph zwei scheinbar disparate Welten - Eleganz und Sport - und vereint sie zu einem stimmigen Design, das zu jedem Anlass passt.<\/p>\n<p>Der PONTOS S Chronograph hat ein sandgestrahltes Zifferblatt, das in zwei Farben zur Auswahl steht: silberwei\u00df oder dunkelblau. Die Stunden- und Minutenzeiger sind teilweise durchbrochen und mit Super-LumiNova\u00ae unterlegt. Facettierte und applizierte Indizes zeigen die Stunden an, die in einem hellen Glanz erstrahlen. Zwischen jedem Index und der Minuterie positioniert, erh\u00f6ht ein Hauch von SLN in rechteckiger Form die Ablesbarkeit bei schlechten Lichtverh\u00e4ltnissen. Der oben erw\u00e4hnte Track verwendet eine Kombination aus klaren Linien und roten arabischen Ziffern, wodurch die Gesamtlesbarkeit optimiert wird.<\/p>\n<p>Auf den ersten Blick scheint das Zifferblatt nur zwei Z\u00e4hler zu haben, die in einer Nord-S\u00fcd-Achse angeordnet sind. Bei n\u00e4herer Betrachtung zeigt sich jedoch, dass es eine kleine Sekunde bei 9 Uhr und eine gegen\u00fcber positionierte Wochentags- und Datumsanzeige gibt, die sich als einfach ablesbar erweisen. Die dominierenden Z\u00e4hler umfassen ein 30-Minuten-Register bei 12 Uhr und ein 12-Stunden-Register darunter, die jeweils mit sandgestrahlten Zentren versehen und von spiralf\u00f6rmigen Details eingerahmt sind. Das Designteam von Maurice Lacroix bereicherte die Komposition um zahlreiche Elemente, indem es die Bestandteile des Zifferblatts in unterschiedlichen H\u00f6hen pr\u00e4sentierte und Farben geschickt einsetzte, um das Besitz-Erlebnis zu bereichern.<\/p>\n<p>Die L\u00fcnette ist aus kratzfester Keramik gefertigt und mit einem Tachymeter ausgestattet, einer Funktion, die es dem Tr\u00e4ger erm\u00f6glicht, die Geschwindigkeit eines Objekts \u00fcber eine bekannte Distanz zu bestimmen. Dies unterstreicht den sportlichen Charakter der Uhr und zeigt gleichzeitig ein klassisches Retro-Look.<\/p>\n<p>Maurice Lacroix behielt einige Designelemente bei, die man bei \u00e4lteren Modellen fand, wie die l\u00e4nglichen Dr\u00fccker und die markanten doppelst\u00f6ckigen H\u00f6rner. Das Geh\u00e4use stellt satinierte und polierte Oberfl\u00e4chen nebeneinander und bietet so einen bemerkenswerten Kontrast und Sinn f\u00fcr Stil. Auf der R\u00fcckseite der Uhr gibt eine Scheibe aus Saphirglas den Blick auf das automatische Kaliber ML112 frei. Getreu dem Ruf von Maurice Lacroix, einen hohen Wert zu liefern, ist das Uhrwerk mit einer Kombination aus Genfer Streifen, Perlierungen und Sonnenb\u00fcrstenverzierungen versehen.<\/p>\n<p>Der PONTOS S Chronograph ist mit einem dreireihigen Stahlarmband erh\u00e4ltlich. Besitzer k\u00f6nnen das Aussehen der Uhr mit dem Easy Strap Exchange System ver\u00e4ndern, indem sie das Armband oder den Armreif gegen eine Alternative austauschen, ohne daf\u00fcr Werkzeuge zu ben\u00f6tigen.<\/p>\n<p>Da sie in der Lage ist, verstrichene Zeiten zu messen oder dank der Tachymeterskala Geschwindigkeiten zu bestimmen, ist die PONTOS S Chronograph ausgesprochen sportlich. Dennoch ist diese Uhr eminent elegant und gleichzeitig sehr vielseitig, sodass sie sich an jede Situation anpassen kann. Ganz einfach, Maurice Lacroix hat eine Uhr geschaffen, die eine Br\u00fccke zwischen zwei scheinbar ungleichen Welten schl\u00e4gt, der Eleganz und dem Sport.<\/p>\n","protected":false},"excerpt":{"rendered":"<p>Maurice Lacroix enth\u00fcllt eine neue Interpretation seines ber\u00fchmten Modells PONTOS. Mit einem Chronographen, einer Datums- und Wochentagsanzeige , einer kratzfesten Keramikl\u00fcnette und raffinierten Details verk\u00f6rpert der PONTOS S Chronograph die ideale Synthese von Sport und Eleganz: zwei scheinbar gegens\u00e4tzliche Welten, die hier meisterhaft in einem harmonischen Design vereint sind, das sich perfekt f\u00fcr jeden Anlass eignet.<\/p>\n<p>Geh\u00e4use: Edelstahl mit schwarzer Keramikl\u00fcnette.<\/p>\n<p>Armband:\u00a0graues Textilarmband<\/p>\n<p>Wasserdicht bis 10 ATM<\/p>\n<p>43 mm<\/p>\n","protected":false},"featured_media":161840,"template":"","meta":{"_acf_changed":false,"_seopress_robots_primary_cat":"27149","_seopress_titles_title":"","_seopress_titles_desc":"","_seopress_robots_index":""},"brand":[27103],"product_brand":[],"product_cat":[27149,27339,27123],"product_tag":[],"class_list":{"0":"post-161852","1":"product","2":"type-product","3":"status-publish","4":"has-post-thumbnail","6":"brand-mauricelacroix-de","7":"product_cat-maurice-lacroix-de","8":"product_cat-pontos-de","9":"product_cat-uhren","10":"pa_couleurduboitier-grau-de","11":"pa_couleurdubracelet-grau-de","12":"pa_couleurducadran-weiss","13":"pa_etancheite-100m-de","14":"pa_forme-runden","15":"pa_garantie-24monate","16":"pa_genre-mann","17":"pa_matiere-stahl","18":"pa_matierebraceletmontre-textil-de","19":"pa_mouvement-automatik-de","20":"pa_swissmade-ja-de","21":"pa_typedemontre-chronograph-de","22":"pa_verre-saphir-de","23":"sales-flash-overlay","24":"woocommerce-text-align-center","25":"woocommerce-image-align-center","26":"do-quantity-buttons","28":"first","29":"instock","30":"taxable","31":"shipping-taxable","32":"purchasable","33":"product-type-simple"},"acf":[],"_links":{"self":[{"href":"https:\/\/lediamant.ch\/de\/wp-json\/wp\/v2\/product\/161852","targetHints":{"allow":["GET"]}}],"collection":[{"href":"https:\/\/lediamant.ch\/de\/wp-json\/wp\/v2\/product"}],"about":[{"href":"https:\/\/lediamant.ch\/de\/wp-json\/wp\/v2\/types\/product"}],"wp:featuredmedia":[{"embeddable":true,"href":"https:\/\/lediamant.ch\/de\/wp-json\/wp\/v2\/media\/161840"}],"wp:attachment":[{"href":"https:\/\/lediamant.ch\/de\/wp-json\/wp\/v2\/media?parent=161852"}],"wp:term":[{"taxonomy":"brand","embeddable":true,"href":"https:\/\/lediamant.ch\/de\/wp-json\/wp\/v2\/brand?post=161852"},{"taxonomy":"product_brand","embeddable":true,"href":"https:\/\/lediamant.ch\/de\/wp-json\/wp\/v2\/product_brand?post=161852"},{"taxonomy":"product_cat","embeddable":true,"href":"https:\/\/lediamant.ch\/de\/wp-json\/wp\/v2\/product_cat?post=161852"},{"taxonomy":"product_tag","embeddable":true,"href":"https:\/\/lediamant.ch\/de\/wp-json\/wp\/v2\/product_tag?post=161852"}],"curies":[{"name":"wp","href":"https:\/\/api.w.org\/{rel}","templated":true}]}}