{"id":161866,"date":"2022-09-07T14:08:47","date_gmt":"2022-09-07T12:08:47","guid":{"rendered":"https:\/\/lediamant.ch\/produit\/uhren-de\/maurice-lacroix-de\/pontos-de\/maurice-lacroix-pontos-s-chronograph-43mm-weissgraues-zifferblatt-stahlarmband\/"},"modified":"2024-12-13T13:12:45","modified_gmt":"2024-12-13T12:12:45","slug":"maurice-lacroix-pontos-s-chronograph-43mm-weissgraues-zifferblatt-stahlarmband","status":"publish","type":"product","link":"https:\/\/lediamant.ch\/de\/uhren\/161866-maurice-lacroix-pontos-s-chronograph-43mm-weissgraues-zifferblatt-stahlarmband\/","title":{"rendered":"Maurice Lacroix PONTOS S Chronograph 43mm"},"content":{"rendered":"<p>Maurice Lacroix enth\u00fcllt eine neue Interpretation seines ber\u00fchmten Modells PONTOS. Mit einem Chronographen, einer Datums- und Wochentagsanzeige, einer kratzfesten Keramikl\u00fcnette und raffinierten Details verk\u00f6rpert der PONTOS S Chronograph die ideale Synthese von Sport und Eleganz: zwei scheinbar gegens\u00e4tzliche Welten, die hier meisterhaft in einem k\u00fchnen Design vereint sind, das zu jedem Anlass passt.<\/p>\n<p>Der PONTOS S Chronograph hat ein Zifferblatt mit sandgestrahlter Oberfl\u00e4che, das in zwei Farben angeboten wird: Silber und Dunkelblau. Die Stunden- und Minutenzeiger sind teilweise durchbrochen und mit Super-LumiNova\u00ae beschichtet. Die facettierten, aufgesetzten Indizes markieren die Stunden und leuchten beim kleinsten Lichtstrahl. Zwischen jedem Index und der Minuterie befindet sich ein diskretes Rechteck aus SLN, das die Ablesbarkeit des Zifferblatts im Dunkeln verbessert. Die Minuterie vereint klare Linien und rote arabische Ziffern, um ihre Gesamtlesbarkeit zu optimieren.<\/p>\n<p>Auf den ersten Blick scheint das Zifferblatt nur \u00fcber zwei Z\u00e4hler zu verf\u00fcgen, die in einer Nord-S\u00fcd-Achse ausgerichtet sind. Bei genauerem Hinsehen offenbart die Uhr jedoch eine kleine Sekunde bei 9 Uhr und eine Wochentags- und Datumsanzeige auf der gegen\u00fcberliegenden Seite, zwei n\u00fctzliche Komplikationen, die sehr einfach abzulesen sind. Der Minutenz\u00e4hler bei 12 Uhr und der Stundenz\u00e4hler direkt darunter haben jeweils eine sandgestrahlte Oberfl\u00e4che im Mittelteil und sind von einem Schneckenhausdekor umgeben. Das Designerteam von Maurice Lacroix bereicherte das Modell mit mehreren unverwechselbaren Elementen, platzierte die Zifferblattelemente in unterschiedlichen H\u00f6hen und setzte Farben geschickt ein, um den Besitzern ein noch exklusiveres Erlebnis zu bieten.<\/p>\n<p>Die L\u00fcnette aus kratzfester Keramik ist mit einer Tachymeterskala ausgestattet, einer Funktion, mit der die Geschwindigkeit eines Objekts \u00fcber eine bestimmte Distanz ermittelt werden kann. Diese Funktion unterstreicht den sportlichen Charakter der Uhr und verleiht ihr gleichzeitig ein klassisches Retro-Look.<\/p>\n","protected":false},"excerpt":{"rendered":"<p>Maurice Lacroix enth\u00fcllt eine neue Interpretation seines ber\u00fchmten Modells PONTOS. Mit einem Chronographen, einer Datums- und Wochentagsanzeige, einer kratzfesten Keramikl\u00fcnette und raffinierten Details verk\u00f6rpert der PONTOS S Chronograph die ideale Synthese von Sport und Eleganz: zwei scheinbar gegens\u00e4tzliche Welten, die hier meisterhaft in einem k\u00fchnen Design vereint sind, das zu jedem Anlass passt. Der PONTOS &#8230; <a title=\"Maurice Lacroix PONTOS S Chronograph 43mm\" class=\"read-more\" href=\"https:\/\/lediamant.ch\/de\/uhren\/161866-maurice-lacroix-pontos-s-chronograph-43mm-weissgraues-zifferblatt-stahlarmband\/\" aria-label=\"Mehr Informationen \u00fcber Maurice Lacroix PONTOS S Chronograph 43mm\">Weiterlesen &#8230;<\/a><\/p>\n","protected":false},"featured_media":161854,"template":"","meta":{"_acf_changed":false,"_seopress_robots_primary_cat":"27149","_seopress_titles_title":"%%post_title%%","_seopress_titles_desc":"Entdecken Sie den neuen Maurice Lacroix PONTOS S Chronograph mit Keramikl\u00fcnette & innovativem Design, perfekt f\u00fcr jede Gelegenheit.","_seopress_robots_index":""},"brand":[27103],"product_brand":[],"product_cat":[27123,27149,27339,27137],"product_tag":[],"class_list":{"0":"post-161866","1":"product","2":"type-product","3":"status-publish","4":"has-post-thumbnail","6":"brand-mauricelacroix-de","7":"product_cat-uhren","8":"product_cat-maurice-lacroix-de","9":"product_cat-pontos-de","10":"product_cat-bracelet-ajustable-de","11":"pa_couleurduboitier-grau-de","12":"pa_couleurducadran-weiss","13":"pa_etancheite-100m-de","14":"pa_forme-runden","15":"pa_garantie-24monate","16":"pa_genre-mann","17":"pa_matiere-stahl","18":"pa_matierebraceletmontre-edelstahl","19":"pa_mouvement-automatik-de","20":"pa_swissmade-ja-de","21":"pa_typedemontre-chronograph-de","22":"pa_verre-saphir-de","23":"sales-flash-overlay","24":"woocommerce-text-align-center","25":"woocommerce-image-align-center","26":"do-quantity-buttons","28":"first","29":"instock","30":"taxable","31":"shipping-taxable","32":"purchasable","33":"product-type-simple"},"acf":[],"_links":{"self":[{"href":"https:\/\/lediamant.ch\/de\/wp-json\/wp\/v2\/product\/161866","targetHints":{"allow":["GET"]}}],"collection":[{"href":"https:\/\/lediamant.ch\/de\/wp-json\/wp\/v2\/product"}],"about":[{"href":"https:\/\/lediamant.ch\/de\/wp-json\/wp\/v2\/types\/product"}],"wp:featuredmedia":[{"embeddable":true,"href":"https:\/\/lediamant.ch\/de\/wp-json\/wp\/v2\/media\/161854"}],"wp:attachment":[{"href":"https:\/\/lediamant.ch\/de\/wp-json\/wp\/v2\/media?parent=161866"}],"wp:term":[{"taxonomy":"brand","embeddable":true,"href":"https:\/\/lediamant.ch\/de\/wp-json\/wp\/v2\/brand?post=161866"},{"taxonomy":"product_brand","embeddable":true,"href":"https:\/\/lediamant.ch\/de\/wp-json\/wp\/v2\/product_brand?post=161866"},{"taxonomy":"product_cat","embeddable":true,"href":"https:\/\/lediamant.ch\/de\/wp-json\/wp\/v2\/product_cat?post=161866"},{"taxonomy":"product_tag","embeddable":true,"href":"https:\/\/lediamant.ch\/de\/wp-json\/wp\/v2\/product_tag?post=161866"}],"curies":[{"name":"wp","href":"https:\/\/api.w.org\/{rel}","templated":true}]}}