{"id":161870,"date":"2022-09-07T15:51:39","date_gmt":"2022-09-07T13:51:39","guid":{"rendered":"https:\/\/lediamant.ch\/produit\/geschenkideen-de\/valentinstag-de\/auswahl-fuer-ihn-de\/maurice-lacroix-pontos-day-date-41mm-blaues-zifferblatt-stahlarmband\/"},"modified":"2022-09-07T15:51:39","modified_gmt":"2022-09-07T13:51:39","slug":"maurice-lacroix-pontos-day-date-41mm-blaues-zifferblatt-stahlarmband","status":"publish","type":"product","link":"https:\/\/lediamant.ch\/de\/geschenkideen\/161870-maurice-lacroix-pontos-day-date-41mm-blaues-zifferblatt-stahlarmband\/","title":{"rendered":"Maurice Lacroix PONTOS Day Date 41mm, blaues Zifferblatt, Stahlarmband"},"content":{"rendered":"<p>La date du jour PONTOS a \u00e9t\u00e9 mise \u00e0 jour et b\u00e9n\u00e9ficie d\u00e9sormais de plusieurs am\u00e9liorations subtiles. Conform\u00e9ment \u00e0 la qu\u00eate incessante d&#8217;am\u00e9lioration continue de Maurice Lacroix, la derni\u00e8re PONTOS Day Date n&#8217;est pas seulement meilleure, elle est d\u00e9sormais propos\u00e9e dans un nouvel emballage en #tide Ocean Material\u00ae, contribuant \u00e0 rendre les mers un peu plus propres. De plus, chaque montre, qu&#8217;elle soit port\u00e9e sur un bracelet cuir ou un bracelet acier, confirme la r\u00e9putation de la marque en mati\u00e8re de haute valeur per\u00e7ue.<\/p>\n","protected":false},"excerpt":{"rendered":"<p>La date du jour PONTOS a \u00e9t\u00e9 mise \u00e0 jour et b\u00e9n\u00e9ficie d\u00e9sormais de plusieurs am\u00e9liorations subtiles. Conform\u00e9ment \u00e0 la qu\u00eate incessante d&#8217;am\u00e9lioration continue de Maurice Lacroix, la derni\u00e8re PONTOS Day Date n&#8217;est pas seulement meilleure, elle est d\u00e9sormais propos\u00e9e dans un nouvel emballage en #tide Ocean Material\u00ae, contribuant \u00e0 rendre les mers un peu &#8230; <a title=\"Maurice Lacroix PONTOS Day Date 41mm, blaues Zifferblatt, Stahlarmband\" class=\"read-more\" href=\"https:\/\/lediamant.ch\/de\/geschenkideen\/161870-maurice-lacroix-pontos-day-date-41mm-blaues-zifferblatt-stahlarmband\/\" aria-label=\"Mehr Informationen \u00fcber Maurice Lacroix PONTOS Day Date 41mm, blaues Zifferblatt, Stahlarmband\">Weiterlesen &#8230;<\/a><\/p>\n","protected":false},"featured_media":161867,"template":"","meta":{"_acf_changed":false,"_seopress_robots_primary_cat":"","_seopress_titles_title":"","_seopress_titles_desc":"","_seopress_robots_index":""},"brand":[27103],"product_brand":[],"product_cat":[27213,27137,27125,27149,27339,27123,27153],"product_tag":[],"class_list":{"0":"post-161870","1":"product","2":"type-product","3":"status-publish","4":"has-post-thumbnail","6":"brand-mauricelacroix-de","7":"product_cat-auswahl-fuer-ihn-de","8":"product_cat-bracelet-ajustable-de","9":"product_cat-geschenkideen","10":"product_cat-maurice-lacroix-de","11":"product_cat-pontos-de","12":"product_cat-uhren","13":"product_cat-valentinstag-de","14":"pa_couleurduboitier-grau-de","15":"pa_couleurducadran-blau","16":"pa_etancheite-100m-de","17":"pa_forme-runden","18":"pa_garantie-24monate","19":"pa_genre-mann","20":"pa_matiere-stahl","21":"pa_matierebraceletmontre-edelstahl","22":"pa_mouvement-automatik-de","23":"pa_swissmade-ja-de","24":"pa_verre-saphir-de","25":"sales-flash-overlay","26":"woocommerce-text-align-center","27":"woocommerce-image-align-center","28":"do-quantity-buttons","30":"first","31":"instock","32":"taxable","33":"shipping-taxable","34":"purchasable","35":"product-type-simple"},"acf":[],"_links":{"self":[{"href":"https:\/\/lediamant.ch\/de\/wp-json\/wp\/v2\/product\/161870","targetHints":{"allow":["GET"]}}],"collection":[{"href":"https:\/\/lediamant.ch\/de\/wp-json\/wp\/v2\/product"}],"about":[{"href":"https:\/\/lediamant.ch\/de\/wp-json\/wp\/v2\/types\/product"}],"wp:featuredmedia":[{"embeddable":true,"href":"https:\/\/lediamant.ch\/de\/wp-json\/wp\/v2\/media\/161867"}],"wp:attachment":[{"href":"https:\/\/lediamant.ch\/de\/wp-json\/wp\/v2\/media?parent=161870"}],"wp:term":[{"taxonomy":"brand","embeddable":true,"href":"https:\/\/lediamant.ch\/de\/wp-json\/wp\/v2\/brand?post=161870"},{"taxonomy":"product_brand","embeddable":true,"href":"https:\/\/lediamant.ch\/de\/wp-json\/wp\/v2\/product_brand?post=161870"},{"taxonomy":"product_cat","embeddable":true,"href":"https:\/\/lediamant.ch\/de\/wp-json\/wp\/v2\/product_cat?post=161870"},{"taxonomy":"product_tag","embeddable":true,"href":"https:\/\/lediamant.ch\/de\/wp-json\/wp\/v2\/product_tag?post=161870"}],"curies":[{"name":"wp","href":"https:\/\/api.w.org\/{rel}","templated":true}]}}